{"id":1421,"date":"2017-10-03T17:00:11","date_gmt":"2017-10-03T14:00:11","guid":{"rendered":"http:\/\/opesbaltic.lv\/product\/sigma-jr\/"},"modified":"2018-02-01T11:30:19","modified_gmt":"2018-02-01T08:30:19","slug":"sigma-jr","status":"publish","type":"product","link":"http:\/\/opesbaltic.lv\/lv\/product\/sigma-jr\/","title":{"rendered":"Sigma Jr."},"content":{"rendered":"<p>&nbsp;<\/p>\n<table>\n<colgroup>\n<col width=\"325px\" \/>\n<col width=\"602px\" \/> <\/colgroup>\n<tbody>\n<tr>\n<th>Ievade<\/th>\n<td>230 V AC, vienf\u0101zes<\/td>\n<\/tr>\n<tr>\n<th>Plomb\u0113\u0161anas jauda (vid\u0113j\u0101 izlaide)<\/th>\n<td>8 &#8211; 10 pudeles \/ min\u016bt\u0113<\/td>\n<\/tr>\n<tr>\n<th>Cepures izm\u0113rs<\/th>\n<td>20 mm &#8211; 120 mm<\/td>\n<\/tr>\n<tr>\n<th>Neto svars \/ Iepakots svars<\/th>\n<td>18 Kg \/ 35 Kg<\/td>\n<\/tr>\n<tr>\n<th>Izm\u0113ri (WxDxH)<\/th>\n<td>300 mm x 300 mm x 550 mm<\/td>\n<\/tr>\n<\/tbody>\n<\/table>\n","protected":false},"excerpt":{"rendered":"<p>Tas ir \u012bpa\u0161i izstr\u0101d\u0101ts indukcijas v\u0101ci\u0146u bl\u012bv\u0113\u0161anai, zemas ra\u017eo\u0161anas pielietojum\u0101 vai p\u0113tniec\u012bbas un att\u012bst\u012bbas laboratorij\u0101s. \u0160aj\u0101 model\u012b bl\u012bv\u0113juma spole ir fiks\u0113ta, konteiners ir novietots zem spoles, un tiek aktiviz\u0113ts bl\u012bv\u0113jums, nospie\u017eot robe\u017enosl\u0113d\u017ea sensoru \/ p\u0113du sl\u0113dzi. \u0160is modelis ir piem\u0113rots partijas tipa ra\u017eo\u0161anai, un to var izmantot nep\u0101rtraukti 24 stundas x 365 dienas.<br \/>\n<strong>P\u0101rn\u0113s\u0101jams:<\/strong> nedaudz virs 18 kg, sist\u0113ma ir pietiekami maza, lai to var\u0113tu n\u0113s\u0101t un aizz\u012bmogot jebkur. Viegla p\u0101rvieto\u0161ana<br \/>\n<strong>Nepiecie\u0161ams \u016bdens:<\/strong> bez\u016bdens, 100% gaisa dzes\u0113\u0161ana<br \/>\n<strong>Univers\u0101la spole:<\/strong> Var spiest pla\u0161u sl\u0113g\u0161anas diametru diapazonu<br \/>\n<strong>Digit\u0101l\u0101s sk\u0101rienj\u016bt\u012bgo membr\u0101nu vad\u012bbas panelis:<\/strong> \u0113rtai lietot\u0101ja saskarnei<br \/>\n<strong>Digit\u0101lais UP \/ Down taimeris:<\/strong> prec\u012bzs laika uzskaite un optim\u0101ls bl\u012bv\u0113jums<br \/>\n<strong>Lietot\u0101jam draudz\u012bgs:<\/strong> nav t\u016bninga, nav instrumentu, vienk\u0101r\u0161i pievienojiet to 230 V vienf\u0101zes t\u012bkla str\u0101vas padevei, iestatiet taimeri un bl\u012bv\u0113jumu<br \/>\n<strong>Nep\u0101rtraukt\u0101 lieto\u0161ana:<\/strong> nel\u012bdzens, uzcelts, lai pagarin\u0101tu, Sigma Jr nav nepiecie\u0161ama apkope. \u0160o ma\u0161\u012bnu var past\u0101v\u012bgi izmantot 24 stundu laik\u0101<br \/>\n<strong>Daudzpus\u012bgs:<\/strong> mazs izm\u0113rs, bet liels p\u0113c snieguma, Sigma Jr sabl\u012bv\u0113s sl\u0113gumus no 15 mm l\u012bdz 120 mm<br \/>\n\u0100tri un viegli uzst\u0101d\u012bt<\/p>\n","protected":false},"featured_media":684,"template":"","meta":[],"_links":{"self":[{"href":"http:\/\/opesbaltic.lv\/lv\/wp-json\/wp\/v2\/product\/1421"}],"collection":[{"href":"http:\/\/opesbaltic.lv\/lv\/wp-json\/wp\/v2\/product"}],"about":[{"href":"http:\/\/opesbaltic.lv\/lv\/wp-json\/wp\/v2\/types\/product"}],"wp:featuredmedia":[{"embeddable":true,"href":"http:\/\/opesbaltic.lv\/lv\/wp-json\/wp\/v2\/media\/684"}],"wp:attachment":[{"href":"http:\/\/opesbaltic.lv\/lv\/wp-json\/wp\/v2\/media?parent=1421"}],"curies":[{"name":"wp","href":"https:\/\/api.w.org\/{rel}","templated":true}]}}