{"id":1414,"date":"2017-10-03T17:03:17","date_gmt":"2017-10-03T14:03:17","guid":{"rendered":"http:\/\/opesbaltic.lv\/product\/super-seal-jr-hand-held\/"},"modified":"2018-02-01T11:02:56","modified_gmt":"2018-02-01T08:02:56","slug":"super-seal-jr-hand-held","status":"publish","type":"product","link":"http:\/\/opesbaltic.lv\/lv\/product\/super-seal-jr-hand-held\/","title":{"rendered":"Super Seal Jr Hand Held"},"content":{"rendered":"<p>&nbsp;<\/p>\n<table>\n<colgroup>\n<col width=\"325px\" \/>\n<col width=\"602px\" \/> <\/colgroup>\n<tbody>\n<tr>\n<th>Izm\u0113ri<\/th>\n<td>3 &#8220;x 8,25&#8221; x 10,5 &#8220;(76 mm x 210 mm x 267 mm)<\/td>\n<\/tr>\n<tr>\n<th>Svars<\/th>\n<td>\u00a08 lbs (3,6 kg)<\/td>\n<\/tr>\n<tr>\n<th>Ievades spriegums<\/th>\n<td>\u00a0120 VAC, 60 Hz<\/td>\n<\/tr>\n<\/tbody>\n<\/table>\n","protected":false},"excerpt":{"rendered":"<p>Enercon jaunais Super SealTM Jr pied\u0101v\u0101 neierobe\u017eotu sliedes sp\u0113ju, p\u0101rnesam\u012bbu un ra\u017eo\u0161anas elast\u012bbu apvienojum\u0101 ar neticami mazu nospiedumu. Cik mazs? Pie 3 &#8220;x 8,25&#8221; x 10,5 &#8220;(76 mm x 210 mm x 267 mm) tas prasa tikai vienu piektda\u013cu no t\u0101s p\u0101rn\u0113s\u0101jam\u0101 priek\u0161te\u010da CompakTM Jr. Vietas, un tas nofiks\u0113 visu, s\u0101kot no maz\u0101kajiem aizb\u012bd\u0146iem l\u012bdz 120 mm pla\u0161a mutes traukiem.<br \/>\nAt\u0161\u0137ir\u012bb\u0101 no manu\u0101laj\u0101m indukcijas bl\u012bv\u0113\u0161anas sist\u0113m\u0101m, kas ir divas reizes liel\u0101kas, Super SealTM Jr pied\u0101v\u0101 iepakot\u0101ju izcilu elast\u012bbu un p\u0101rnesam\u012bbu. Ier\u012bces kompaktais dizains un augsta l\u012bme\u0146a veiktsp\u0113ja ir tie\u0161i priek\u0161pl\u0101no\u0161anas elektronisk\u0101s arhitekt\u016bras rezult\u0101ts, kas ietver patent\u0113tu ier\u012bces p\u0101rsl\u0113g\u0161anas tehniku. \u0160is indukcijas aizz\u012bmogot\u0101js ir ide\u0101ls laboratorijas lietojumprogramm\u0101m, manu\u0101la vai rokas izstr\u0101de, off-line test\u0113\u0161ana; un starta oper\u0101cijas ar centieniem palielin\u0101t produktivit\u0101ti.<br \/>\nOperatoram draudz\u012bgs displejs papildina \u0161o jaud\u012bgo rokas indukcijas v\u0101ci\u0146u bl\u012bv\u0113jumu. Lietot\u0101ji g\u016bs labumu no digit\u0101l\u0101 bl\u012bv\u0113juma taimera, tr\u016bksto\u0161\u0101 folijas indikatora, k\u0101 ar\u012b elektronisk\u0101s partijas un folijas skait\u012bt\u0101ja.<br \/>\nKad jums ir nepiecie\u0161ams transport\u0113t vai uzglab\u0101t Super SealTM Jr, vienk\u0101r\u0161i ievietojiet to \u0113rt\u0101 somi\u0146a. \u0160\u012b ier\u012bce neprasa \u016bdeni vai \u012bpa\u0161u ener\u0123iju, t\u0101p\u0113c to var izmantot praktiski jebkur\u0101 viet\u0101. Super SealTM Jr ir \u013coti vienk\u0101r\u0161s r\u012bkoties, p\u0101rvad\u0101t un darboties, un t\u0101 ir ide\u0101la atbilde uz j\u016bsu p\u0101rn\u0113s\u0101jamo indukcijas bl\u012bv\u0113\u0161anas vajadz\u012bb\u0101m.<\/p>\n","protected":false},"featured_media":685,"template":"","meta":[],"_links":{"self":[{"href":"http:\/\/opesbaltic.lv\/lv\/wp-json\/wp\/v2\/product\/1414"}],"collection":[{"href":"http:\/\/opesbaltic.lv\/lv\/wp-json\/wp\/v2\/product"}],"about":[{"href":"http:\/\/opesbaltic.lv\/lv\/wp-json\/wp\/v2\/types\/product"}],"wp:featuredmedia":[{"embeddable":true,"href":"http:\/\/opesbaltic.lv\/lv\/wp-json\/wp\/v2\/media\/685"}],"wp:attachment":[{"href":"http:\/\/opesbaltic.lv\/lv\/wp-json\/wp\/v2\/media?parent=1414"}],"curies":[{"name":"wp","href":"https:\/\/api.w.org\/{rel}","templated":true}]}}