{"id":1400,"date":"2017-10-03T17:09:08","date_gmt":"2017-10-03T14:09:08","guid":{"rendered":"http:\/\/opesbaltic.lv\/product\/auto-jr-induction-sealer\/"},"modified":"2018-01-31T16:04:18","modified_gmt":"2018-01-31T13:04:18","slug":"auto-jr-induction-sealer","status":"publish","type":"product","link":"http:\/\/opesbaltic.lv\/lv\/product\/auto-jr-induction-sealer\/","title":{"rendered":"Auto Jr indukcijas bl\u012bv\u0113t\u0101js"},"content":{"rendered":"<p>&nbsp;<\/p>\n<table>\n<colgroup>\n<col width=\"325px\" \/>\n<col width=\"602px\" \/> <\/colgroup>\n<tbody>\n<tr>\n<th>Izm\u0113ri<\/th>\n<td>7 &#8220;x 12&#8221; x 15 &#8220;(178mm x 300mm x 380mm)<\/td>\n<\/tr>\n<tr>\n<th>Svars<\/th>\n<td>27lbs. (12,3 kg)<\/td>\n<\/tr>\n<tr>\n<th>Ievades spriegums<\/th>\n<td>\u00a0120 VAC, 60 Hz, 700 VA (230 VAC, 50 Hz, pieejams)<\/td>\n<\/tr>\n<\/tbody>\n<\/table>\n","protected":false},"excerpt":{"rendered":"<p>Auto Jr ir paredz\u0113ts iepakot\u0101jiem, kuriem nepiecie\u0161ams pusautom\u0101tisks nosl\u0113g\u0161anas process ar zemu ra\u017eo\u0161anas apjomu. Auto Jr galds ir kompakts un ide\u0101ls ra\u017eo\u0161anas apst\u0101k\u013ciem, kur pude\u013cu konveijers nav praktisks. Ieb\u016bv\u0113t\u0101s vadl\u012bnijas nodro\u0161ina operatoriem pien\u0101c\u012bgu iepakojumu bl\u012bv\u0113\u0161anai. Digit\u0101lais taimeris \u013cauj operatoram uzzin\u0101t, kad nosl\u0113g\u0161anas process ir pabeigts.<br \/>\n<strong>Vienk\u0101r\u0161a uzst\u0101d\u012b\u0161ana:<\/strong> vienk\u0101r\u0161i noregul\u0113jiet ier\u012bces augstumu l\u012bdz konteinera augstumam, uzst\u0101diet V-stop, lai pareizi savienotu v\u0101ci\u0146u ar centr\u0101lo atz\u012bmi uz pamatnes un uzst\u0101d\u012btu taimeri nepiecie\u0161am\u0101s bl\u012bv\u0113\u0161anas jaudas.<br \/>\n<strong>Vienk\u0101r\u0161a darb\u012bba:<\/strong> Ievietojiet trauku uz izl\u012bdzin\u0101\u0161anas V-stop; Tvertne ir prec\u012bzi novietota, lai pareizi nosl\u0113gtu, un autom\u0101tiski tiek iestat\u012bta jauda.<br \/>\nIevietojiet gan apa\u013cas, gan kvadr\u0101tveida traukus: viegli piestiprin\u0101tas kron\u0161teini izvieto F stila pudeles.<br \/>\n<strong>Uzlabot\u0101 IGBT sh\u0113ma:<\/strong> nodro\u0161ina augstas efektivit\u0101tes bl\u012bv\u0113\u0161anas jaudu un ilgsto\u0161u uzticam\u012bbu.<br \/>\n<strong>Digit\u0101lais taimeris:<\/strong> nodro\u0161ina prec\u012bzu laika periodu no 0,1 l\u012bdz 9,9 sekund\u0113m.<br \/>\n<strong>Divi pa\u0161reiz\u0113jie l\u012bme\u0146i:<\/strong> Regul\u0113jams ar priek\u0161\u0113j\u0101 pane\u013ca izv\u0113les pogu.<br \/>\n<strong>Nepiecie\u0161ams dzes\u0113\u0161anas \u016bdens:<\/strong> piln\u012bgi ar gaisa dzes\u0113\u0161anu \/ bez \u016bdens darb\u012bbu.<br \/>\n<strong>Ievietojiet pla\u0161u konteineru un sl\u0113gumu kl\u0101stu:<\/strong> Auto Jr bl\u012bvsl\u0113gi \u200b\u200baizveras l\u012bdz 89mm<\/p>\n","protected":false},"featured_media":686,"template":"","meta":[],"_links":{"self":[{"href":"http:\/\/opesbaltic.lv\/lv\/wp-json\/wp\/v2\/product\/1400"}],"collection":[{"href":"http:\/\/opesbaltic.lv\/lv\/wp-json\/wp\/v2\/product"}],"about":[{"href":"http:\/\/opesbaltic.lv\/lv\/wp-json\/wp\/v2\/types\/product"}],"wp:featuredmedia":[{"embeddable":true,"href":"http:\/\/opesbaltic.lv\/lv\/wp-json\/wp\/v2\/media\/686"}],"wp:attachment":[{"href":"http:\/\/opesbaltic.lv\/lv\/wp-json\/wp\/v2\/media?parent=1400"}],"curies":[{"name":"wp","href":"https:\/\/api.w.org\/{rel}","templated":true}]}}