{"id":1394,"date":"2017-10-03T17:11:56","date_gmt":"2017-10-03T14:11:56","guid":{"rendered":"http:\/\/opesbaltic.lv\/product\/pneumatic-jr-induction-sealer\/"},"modified":"2018-01-31T16:07:20","modified_gmt":"2018-01-31T13:07:20","slug":"pneumatic-jr-induction-sealer","status":"publish","type":"product","link":"http:\/\/opesbaltic.lv\/lv\/product\/pneumatic-jr-induction-sealer\/","title":{"rendered":"Pneimatisk\u0101s Jr Indukcijas aizz\u012bmogot\u0101js"},"content":{"rendered":"<p>&nbsp;<\/p>\n<table>\n<colgroup>\n<col width=\"325px\" \/>\n<col width=\"602px\" \/> <\/colgroup>\n<tbody>\n<tr>\n<th>Izm\u0113ri<\/th>\n<td>27 &#8220;x 12&#8221; x 15 &#8220;(178mm x 300mm x 380mm)<\/td>\n<\/tr>\n<tr>\n<th>Svars<\/th>\n<td>\u00a027lbs. (12,3 kg)<\/td>\n<\/tr>\n<tr>\n<th>Ievades spriegums<\/th>\n<td>\u00a0120 VAC, 60 Hz, 700 VA (230 VAC, 50 Hz, pieejams)<\/td>\n<\/tr>\n<\/tbody>\n<\/table>\n","protected":false},"excerpt":{"rendered":"<p>Pneumatic Jr ir galda indukcijas bl\u012bv\u0113\u0161anas sist\u0113ma, kas ide\u0101li piem\u0113rota laboratorijas un zemas ra\u017eo\u0161anas procesiem. Sist\u0113mas \u0101rk\u0101rt\u012bgi dro\u0161a elektroener\u0123ijas padeve un augsti efekt\u012bv\u0101 bl\u012bv\u0113juma galvi\u0146a ir \u0113rti uzst\u0101d\u012bta uz regul\u0113jama stat\u012bv\u0101. Sist\u0113ma efekt\u012bvi plomb\u0113 nosl\u0113gtus un bezkontaktu konteinerus. Pneimatiskajai bl\u012bv\u0113\u0161anas galvi\u0146ai bezkonteinera konteineriem ir spiediens uz bl\u012bv\u0113jumu. Viegla uzst\u0101d\u012b\u0161ana un vienk\u0101r\u0161a darb\u012bba. Izmantojiet rokuru, lai iestat\u012btu bl\u012bv\u0113\u0161anas galvas augstumu, iestatiet V-stop, lai pareizi izl\u012bdzin\u0101tu konteineru, un iestatiet baro\u0161anas taimeri l\u012bdz vajadz\u012bgajam nosl\u0113g\u0161anas laikam. Lai darbotos, vienk\u0101r\u0161i ieb\u012bdiet konteineru izl\u012bdzin\u0101\u0161anas V-stops un konteiners ir prec\u012bzi novietots. Izmantojiet plaukstu sl\u0113d\u017eus, lai aktiviz\u0113tu bl\u012bv\u0113\u0161anas galvi\u0146u. Pneimatisk\u0101 galva pazemin\u0101s un autom\u0101tiski tiek pielietota bl\u012bv\u0113juma jauda. Aizz\u012bmogo\u0161anas laiks ir tik pat maz k\u0101 tr\u012bs desmitda\u013cas sekundes.<\/p>\n","protected":false},"featured_media":687,"template":"","meta":[],"_links":{"self":[{"href":"http:\/\/opesbaltic.lv\/lv\/wp-json\/wp\/v2\/product\/1394"}],"collection":[{"href":"http:\/\/opesbaltic.lv\/lv\/wp-json\/wp\/v2\/product"}],"about":[{"href":"http:\/\/opesbaltic.lv\/lv\/wp-json\/wp\/v2\/types\/product"}],"wp:featuredmedia":[{"embeddable":true,"href":"http:\/\/opesbaltic.lv\/lv\/wp-json\/wp\/v2\/media\/687"}],"wp:attachment":[{"href":"http:\/\/opesbaltic.lv\/lv\/wp-json\/wp\/v2\/media?parent=1394"}],"curies":[{"name":"wp","href":"https:\/\/api.w.org\/{rel}","templated":true}]}}