{"id":1389,"date":"2017-10-03T17:13:59","date_gmt":"2017-10-03T14:13:59","guid":{"rendered":"http:\/\/opesbaltic.lv\/product\/pressure-belt-induction-sealer\/"},"modified":"2018-01-31T12:39:06","modified_gmt":"2018-01-31T09:39:06","slug":"pressure-belt-induction-sealer","status":"publish","type":"product","link":"http:\/\/opesbaltic.lv\/lv\/product\/pressure-belt-induction-sealer\/","title":{"rendered":"Spiediena jostas indukcijas spiede"},"content":{"rendered":"","protected":false},"excerpt":{"rendered":"<p>Enercon jaunais spiediena jostas nostiprin\u0101t\u0101js \u013cauj izmantot indukcijas bl\u012bv\u0113jumu, ja tas cit\u0101di nav iesp\u0113jams. Tagad ir iesp\u0113jama veiksm\u012bga bl\u012bv\u0113juma uzlik\u0161ana gan bezkontakta, gan bezkontaktu konteineriem, piem\u0113ram, uzl\u012bm\u0113jamo v\u0101ci\u0146u. Iek\u0161\u0113j\u0101s bl\u012bves tiek vai nu novietotas uz ner\u016bs\u0113jo\u0161\u0101 t\u0113rauda, \u200b\u200bvai ar\u012b ievieto v\u0101ci\u0146u, ko ievieto v\u0101ci\u0146u ra\u017eot\u0101js. Bezkonteineriem konteineriem dro\u0161\u012bbas josta aiztur plombas viet\u0101, kad konteineri tiek nog\u0101d\u0101ti caur indukcijas bl\u012bv\u0113juma lauku. Ierobe\u017eotie konteineri ar\u012b tiek nofiks\u0113ti no aug\u0161as, izmantojot spiediena siksnu. Ierobe\u017eotai lieto\u0161anai dro\u0161\u012bbas josta iedarbina spiedienu uz v\u0101ci\u0146a aug\u0161da\u013cas, kas uzliek v\u0101ci\u0146u nosl\u0113g\u0161anas laik\u0101 tur\u0113t iek\u0161\u0113jo bl\u012bvi. Enercon ir izstr\u0101d\u0101jis unik\u0101lu bl\u012bv\u0113juma spoli \u0161\u012bm \u012bpa\u0161aj\u0101m lietojumprogramm\u0101m. To darbina tas pats dro\u0161ais baro\u0161anas avots, ko izmanto gaisa dzes\u0113\u0161anas Super SealTM produktu l\u012bnij\u0101.<\/p>\n<p><strong>Piesl\u0113g\u0161anas v\u0101ci\u0146u bl\u012bv\u0113\u0161anas priek\u0161roc\u012bbas:<\/strong><br \/>\n\u2022 Samazina pras\u012bbas attiec\u012bb\u0101 uz griezes momentu<br \/>\n\u2022 Nov\u0113rst atrieb\u012bbu<br \/>\n\u2022 T\u012bra un efekt\u012bva indukcijas tehnolo\u0123ija<\/p>\n<p><strong>Nepietiekamas lieto\u0161anas priek\u0161roc\u012bbas:<\/strong><br \/>\n\u2022 Nov\u0113rst d\u0101rgu un augstu apkopes st\u0101vokli<br \/>\n\u2022 P\u0113c bl\u012bv\u0113\u0161anas iesp\u0113jama dzes\u0113\u0161ana un \u017e\u0101v\u0113\u0161ana<br \/>\n\u2022 Novilciet mitruma veido\u0161anos starp bl\u012bvi un v\u0101ci\u0146u<br \/>\n\u2022 Uzlabot kvalit\u0101tes kontroli ar visu konteineru nopl\u016bdes testiem<\/p>\n","protected":false},"featured_media":678,"template":"","meta":[],"_links":{"self":[{"href":"http:\/\/opesbaltic.lv\/lv\/wp-json\/wp\/v2\/product\/1389"}],"collection":[{"href":"http:\/\/opesbaltic.lv\/lv\/wp-json\/wp\/v2\/product"}],"about":[{"href":"http:\/\/opesbaltic.lv\/lv\/wp-json\/wp\/v2\/types\/product"}],"wp:featuredmedia":[{"embeddable":true,"href":"http:\/\/opesbaltic.lv\/lv\/wp-json\/wp\/v2\/media\/678"}],"wp:attachment":[{"href":"http:\/\/opesbaltic.lv\/lv\/wp-json\/wp\/v2\/media?parent=1389"}],"curies":[{"name":"wp","href":"https:\/\/api.w.org\/{rel}","templated":true}]}}