{"id":1383,"date":"2017-10-03T17:18:46","date_gmt":"2017-10-03T14:18:46","guid":{"rendered":"http:\/\/opesbaltic.lv\/product\/sigma-i\/"},"modified":"2018-01-31T12:36:28","modified_gmt":"2018-01-31T09:36:28","slug":"sigma-i","status":"publish","type":"product","link":"http:\/\/opesbaltic.lv\/lv\/product\/sigma-i\/","title":{"rendered":"Sigma &#8211; I"},"content":{"rendered":"<p>&nbsp;<\/p>\n<table>\n<colgroup>\n<col width=\"325px\" \/>\n<col width=\"602px\" \/> <\/colgroup>\n<tbody>\n<tr>\n<th>Ievade<\/th>\n<td>230 \u00b1 10% V mai\u0146str\u0101va, 5 amp\u0113ri, vienf\u0101zes<\/td>\n<\/tr>\n<tr>\n<th>Maks. l\u012bnijas \u0101trums<\/th>\n<td>\u00a015 p\u0113das \/ min\u016bt\u0113<\/td>\n<\/tr>\n<tr>\n<th>Cepures izm\u0113rs<\/th>\n<td>25 mm &#8211; 80 mm<\/td>\n<\/tr>\n<tr>\n<th>Neto svars \/ Iepakots svars<\/th>\n<td>100 kg \/ 175 kg<\/td>\n<\/tr>\n<tr>\n<th>Izm\u0113ri (WxDxH)<\/th>\n<td>600 mm x 680 mm x 1450 mm<\/td>\n<\/tr>\n<\/tbody>\n<\/table>\n","protected":false},"excerpt":{"rendered":"<p>Cap sealer ir uzcelts kompakta, dizaina, lai ietaup\u012btu vietu un nodro\u0161ina vieglu movability no vienas l\u012bnijas uz citu l\u012bniju. Katra sist\u0113ma sast\u0101v no invertora vien\u012bbas, kontroles vien\u012bbas, soft touch displejs piepild\u012bta ar piel\u0101gotu bl\u012bv\u0113juma lentu. T\u0101 nodro\u0161ina modernu, 100% ciet\u0101 st\u0101vokl\u012b, un augstfrekvences siltuma \u0123eneratoru, kas pied\u0101v\u0101 pla\u0161u izejas jauda kl\u0101stu, augstu efektivit\u0101ti un mikroprocesoru kontroli.<br \/>\n<strong>Kustamais:<\/strong> Ma\u0161\u012bna ir uzst\u0101d\u012bts uz rite\u0146u balst\u012btas vien\u012bbas, kas nodro\u0161ina pievienoto mobilit\u0101ti. Tas atvieglo l\u012bnijas p\u0101rvieto\u0161anu.<br \/>\n<strong>Saglab\u0101t Jauda:<\/strong> Jaun\u0101k\u0101s Cietvielu pusvad\u012bt\u0101ju tehnolo\u0123ija nodro\u0161ina uzticam\u012bbu. Tai ir vair\u0101k nek\u0101 90% str\u0101vas p\u0101rveido\u0161anas efektivit\u0101te; t\u0101d\u0113\u013c ir vajadz\u012bga maz\u0101ka jauda.<br \/>\n<strong>Dro\u0161\u012bba \/ aizsardz\u012bba Sign\u0101li:<\/strong> Ieb\u016bv\u0113ts aizsardz\u012bbas sh\u0113mas, kas, sal\u012bdzinot ar pa\u0161reiz\u0113jo \/ \u200b\u200bp\u0101rspriegums \/ P\u0101r\u0101k augsta temperat\u016bra. Tas viss ir bez papildu izmaksas. Tas tiek pied\u0101v\u0101ts k\u0101 regul\u0101ra funkcija vis\u0101s m\u016bsu iek\u0101rt\u0101s.<br \/>\n<strong>Ieb\u016bv\u0113ta mikroprocesora vad\u012bba:<\/strong> j\u0101veic nek\u0101das papildu PLC. Ietaup\u012bt maksu.<br \/>\n<strong>Univers\u0101la spole:<\/strong> sp\u0113ja bl\u012bv\u0113juma pla\u0161u sl\u0113g\u0161anas diametru. Maz\u0101k invent\u0101ra.<br \/>\n<strong>Digital Soft Touch\u00a0membr\u0101nas vad\u012bbas panelis:<\/strong> Vienk\u0101r\u0161ai operatora interfeisu.<br \/>\n<strong>Lietot\u0101jam draudz\u012bgs:<\/strong> N\u0113 tuning, bez instrumentiem, vienk\u0101r\u0161i pievienojiet to 230 V vienas str\u0101vas avota, un z\u012bmogu.<br \/>\n<strong>\u016adens dzes\u0113\u0161anas sist\u0113ma:<\/strong> Sigma-I m\u0101jas visefekt\u012bv\u0101kais \u016bdens dzes\u0113\u0161anas sist\u0113ma. Tas sast\u0101v no s\u016bk\u0146a, neliels SS uzglab\u0101\u0161anas tvertnes, \u016bdens pl\u016bsmas monitoringa sl\u0113dzi, ventilatoru un radiatora.<br \/>\n<strong>Daudzpus\u012bgs:<\/strong> Mazs izm\u0113rs, bet lielas par rezult\u0101tiem, Sigma-es z\u012bmogs sl\u0113g\u0161anu no 25 mm l\u012bdz 80 mm<br \/>\n<strong>\u0100trums:<\/strong> Sigma-I ir paredz\u0113ts, lai aiztais\u012btu ar \u0101trumu 20-40 konteineru \/ min\u016bte<br \/>\nDro\u0161s, uzticams, kompakts<\/p>\n","protected":false},"featured_media":690,"template":"","meta":[],"_links":{"self":[{"href":"http:\/\/opesbaltic.lv\/lv\/wp-json\/wp\/v2\/product\/1383"}],"collection":[{"href":"http:\/\/opesbaltic.lv\/lv\/wp-json\/wp\/v2\/product"}],"about":[{"href":"http:\/\/opesbaltic.lv\/lv\/wp-json\/wp\/v2\/types\/product"}],"wp:featuredmedia":[{"embeddable":true,"href":"http:\/\/opesbaltic.lv\/lv\/wp-json\/wp\/v2\/media\/690"}],"wp:attachment":[{"href":"http:\/\/opesbaltic.lv\/lv\/wp-json\/wp\/v2\/media?parent=1383"}],"curies":[{"name":"wp","href":"https:\/\/api.w.org\/{rel}","templated":true}]}}