{"id":1376,"date":"2017-10-03T17:39:35","date_gmt":"2017-10-03T14:39:35","guid":{"rendered":"http:\/\/opesbaltic.lv\/product\/sigma-ii\/"},"modified":"2018-01-31T12:45:10","modified_gmt":"2018-01-31T09:45:10","slug":"sigma-ii","status":"publish","type":"product","link":"http:\/\/opesbaltic.lv\/lv\/product\/sigma-ii\/","title":{"rendered":"Sigma &#8211; II"},"content":{"rendered":"<p>&nbsp;<\/p>\n<table>\n<colgroup>\n<col width=\"325px\" \/>\n<col width=\"602px\" \/> <\/colgroup>\n<tbody>\n<tr>\n<th>Ievade<\/th>\n<td>230 \u00b1 10% V mai\u0146str\u0101va, 10 amp\u0113ri, vienf\u0101zes<\/td>\n<\/tr>\n<tr>\n<th>Maks. l\u012bnijas \u0101trums<\/th>\n<td>50 p\u0113das \/ min\u016bt\u0113<\/td>\n<\/tr>\n<tr>\n<th>Cepures izm\u0113rs<\/th>\n<td>\u00a020 mm &#8211; 120 mm<\/td>\n<\/tr>\n<tr>\n<th>Neto svars \/ Iepakots svars<\/th>\n<td>120 kg \/ 175 kg<\/td>\n<\/tr>\n<tr>\n<th>Izm\u0113ri (WxDxH)<\/th>\n<td>650 mm x 650 mm x 1650 mm<\/td>\n<\/tr>\n<\/tbody>\n<\/table>\n","protected":false},"excerpt":{"rendered":"<p>SIGMA-II ir izstr\u0101d\u0101ts \u012bpa\u0161i, lai apmierin\u0101tu iepako\u0161anas nozares augst\u0101s vajadz\u012bbas. Sist\u0113mas uzticam\u012bba ir tie\u0161i saist\u012bts ar elektronikas ier\u012b\u010du pieredzi invertora un bl\u012bv\u0113juma spoles dizaina jom\u0101. Kombin\u0101cija \u013cauj ra\u017eot\u0101jiem efekt\u012bvi nosl\u0113gt konteinerus ar v\u0113lamo l\u012bnijas \u0101trumu.<\/p>\n<p><strong>Fizisk\u0101 dizaina elementi<\/strong><br \/>\n\u2022 Kompakts viss vien\u0101 dizains: Viegli p\u0101rvietojams &#8211; Ma\u0161\u012bna ir uzst\u0101d\u012bta uz rite\u0146a<br \/>\nbalst\u012bta \u016bdens dzes\u0113\u0161anas ier\u012bce. Viegli p\u0101rvietot l\u012bniju.<br \/>\n\u2022 Viena korpuss, uz konveijera mont\u0101\u017eas sist\u0113ma<br \/>\n\u2022 Priek\u0161\u0113jais panelis ar viegli lietojamiem membr\u0101nas sl\u0113d\u017eiem.<br \/>\n\u2022 ru\u013c\u013ca kust\u012bba<br \/>\n\u2022 Standarta: 300 mm<br \/>\n\u2022 Speci\u0101ls: p\u0113c klienta piepras\u012bjuma.<\/p>\n<p><strong>Darb\u012bbas un aizsardz\u012bbas dizaina elementi<\/strong><br \/>\n\u2022 Konveijera aptur\u0113\u0161anas sist\u0113ma: konveijers apst\u0101jas da\u017eos iepriek\u0161 noteiktos apst\u0101k\u013cos, piem\u0113ram:<br \/>\n&#8211; bez pudeles &#8211; aizz\u012bmogo\u0161ana &#8211; pude\u013cu iev\u0101r\u012bjums<br \/>\n\u2022 p\u0101rslodzes aizsardz\u012bba un av\u0101rijsignaliz\u0101cija &#8211; p\u0101rspriegums<br \/>\n&#8211; vair\u0101k par pa\u0161reiz\u0113jo<br \/>\n&#8211; Spike &amp; Surge<br \/>\n&#8211; p\u0101rkar\u0161ana ir p\u0101rtraukta<br \/>\n\u2022 Nav sprieguma sv\u0101rst\u012bbu ietekmes<br \/>\n\u2022 Sigma-II ir paredz\u0113ts darbam ar mai\u0146str\u0101vas ieejas spriegumu no 170 V l\u012bdz 300 V mai\u0146str\u0101vai<\/p>\n","protected":false},"featured_media":688,"template":"","meta":[],"_links":{"self":[{"href":"http:\/\/opesbaltic.lv\/lv\/wp-json\/wp\/v2\/product\/1376"}],"collection":[{"href":"http:\/\/opesbaltic.lv\/lv\/wp-json\/wp\/v2\/product"}],"about":[{"href":"http:\/\/opesbaltic.lv\/lv\/wp-json\/wp\/v2\/types\/product"}],"wp:featuredmedia":[{"embeddable":true,"href":"http:\/\/opesbaltic.lv\/lv\/wp-json\/wp\/v2\/media\/688"}],"wp:attachment":[{"href":"http:\/\/opesbaltic.lv\/lv\/wp-json\/wp\/v2\/media?parent=1376"}],"curies":[{"name":"wp","href":"https:\/\/api.w.org\/{rel}","templated":true}]}}