{"id":1369,"date":"2017-10-03T17:44:57","date_gmt":"2017-10-03T14:44:57","guid":{"rendered":"http:\/\/opesbaltic.lv\/product\/sigma-iii\/"},"modified":"2018-01-31T12:43:08","modified_gmt":"2018-01-31T09:43:08","slug":"sigma-iii","status":"publish","type":"product","link":"http:\/\/opesbaltic.lv\/lv\/product\/sigma-iii\/","title":{"rendered":"Sigma &#8211; III"},"content":{"rendered":"<p>&nbsp;<\/p>\n<table>\n<colgroup>\n<col width=\"325px\" \/>\n<col width=\"602px\" \/> <\/colgroup>\n<tbody>\n<tr>\n<th>Ieeja<\/th>\n<td>230 V AC 10 amp\u0113ri vienf\u0101zes<\/td>\n<\/tr>\n<tr>\n<th>Maks. L\u012bnijas \u0101trums<\/th>\n<td>20 p\u0113das \/ min\u016btes<\/td>\n<\/tr>\n<tr>\n<th>Cepures izm\u0113rs<\/th>\n<td>20 mm &#8211; 100 mm<\/td>\n<\/tr>\n<tr>\n<th>Neto svars \/ Iepakots svars<\/th>\n<td>110 kg \/ 240 kg<\/td>\n<\/tr>\n<tr>\n<th>Izm\u0113ri (WxDxH)<\/th>\n<td>650 mm x 600 mm x 1750 mm<\/td>\n<\/tr>\n<\/tbody>\n<\/table>\n","protected":false},"excerpt":{"rendered":"<p>Sigma-III ir izstr\u0101d\u0101ta \u012bpa\u0161i, lai apmierin\u0101tu iepako\u0161anas nozares augst\u0101s vajadz\u012bbas. Sist\u0113mas uzticam\u012bba ir tie\u0161i saist\u012bts ar elektronikas ier\u012b\u010du pieredzi ar gaisa dzes\u0113\u0161anas invertoru un bl\u012bv\u0113juma spoles dizainu. \u0160\u012b kombin\u0101cija \u013cauj ra\u017eot\u0101jiem efekt\u012bvi nosl\u0113gt konteinerus ar v\u0113lamo l\u012bnijas \u0101trumu.<\/p>\n<p><strong>Fizisk\u0101 dizaina elementi<\/strong><br \/>\n\u2022 Kompakts viss vien\u0101 dizains: Viegli p\u0101rvietojams &#8211; Ma\u0161\u012bna ir uzst\u0101d\u012bta uz rite\u0146u \u016bdens dzes\u0113\u0161anas iek\u0101rtas. Viegli p\u0101rvietot l\u012bniju.<br \/>\n\u2022 Viena korpuss, uz konveijera mont\u0101\u017eas sist\u0113ma<br \/>\n\u2022 Priek\u0161\u0113jais panelis ar viegli lietojamiem membr\u0101nas sl\u0113d\u017eiem.<br \/>\n\u2022 ru\u013c\u013ca kust\u012bba<br \/>\n\u2022 Standarta: 300 mm<br \/>\n\u2022 Speci\u0101ls: p\u0113c klienta piepras\u012bjuma.<\/p>\n<p><strong>Darb\u012bbas un aizsardz\u012bbas dizaina elementi<\/strong><br \/>\n\u2022 Konveijera aptur\u0113\u0161anas sist\u0113ma: konveijers apst\u0101jas da\u017eos iepriek\u0161 noteiktos apst\u0101k\u013cos, piem\u0113ram:<br \/>\n&#8211; bez pudeles<br \/>\n&#8211; nobl\u012bv\u0113\u0161ana<br \/>\n&#8211; Pude\u013cu iev\u0101r\u012bjums<br \/>\n\u2022 p\u0101rslodzes aizsardz\u012bba un signaliz\u0101cija<br \/>\n&#8211; p\u0101r spriegumu<br \/>\n&#8211; vair\u0101k par pa\u0161reiz\u0113jo<br \/>\n&#8211; Spike &amp; Surge<br \/>\n&#8211; p\u0101rkar\u0161ana ir p\u0101rtraukta<br \/>\n\u2022 Nav sprieguma sv\u0101rst\u012bbu ietekmes: Sigma-III ir paredz\u0113ts darbam ar mai\u0146str\u0101vas baro\u0161anas spriegumu no 170 V l\u012bdz 300 V mai\u0146str\u0101vai.<br \/>\n\u2022 Digit\u0101l\u0101 novietojuma indikators: \u0161is disks pal\u012bdz skait\u012bt ritmu augstum\u0101 tie\u0161saist\u0113 un var nodro\u0161in\u0101t konsekventus rezult\u0101tus un r\u0101d\u012bjumus, vienlaikus ievadot indukciju. \u0160\u012b funkcija atvieglo \u0101tru uzst\u0101d\u012b\u0161anu. Nepiecie\u0161ami instrumenti.<\/p>\n","protected":false},"featured_media":689,"template":"","meta":[],"_links":{"self":[{"href":"http:\/\/opesbaltic.lv\/lv\/wp-json\/wp\/v2\/product\/1369"}],"collection":[{"href":"http:\/\/opesbaltic.lv\/lv\/wp-json\/wp\/v2\/product"}],"about":[{"href":"http:\/\/opesbaltic.lv\/lv\/wp-json\/wp\/v2\/types\/product"}],"wp:featuredmedia":[{"embeddable":true,"href":"http:\/\/opesbaltic.lv\/lv\/wp-json\/wp\/v2\/media\/689"}],"wp:attachment":[{"href":"http:\/\/opesbaltic.lv\/lv\/wp-json\/wp\/v2\/media?parent=1369"}],"curies":[{"name":"wp","href":"https:\/\/api.w.org\/{rel}","templated":true}]}}