{"id":1365,"date":"2017-10-03T17:46:51","date_gmt":"2017-10-03T14:46:51","guid":{"rendered":"http:\/\/opesbaltic.lv\/product\/super-seal-max\/"},"modified":"2018-01-31T12:01:26","modified_gmt":"2018-01-31T09:01:26","slug":"super-seal-max","status":"publish","type":"product","link":"http:\/\/opesbaltic.lv\/lv\/product\/super-seal-max\/","title":{"rendered":"Super Seal Max"},"content":{"rendered":"","protected":false},"excerpt":{"rendered":"<p>Visu jauno Super Seal Max indukcijas v\u0101ci\u0146u sealer rada herm\u0113tisks z\u012bmogs, kas ne\u013cauj nopl\u016bdes, saglab\u0101 svaigumu un saglab\u0101 der\u012bguma termi\u0146\u0161 darb\u012bbas r\u0101d\u012bt\u0101ju nekad iesp\u0113jams. Enercon in\u017eenieri ir izstr\u0101d\u0101ju\u0161i \u0161o sealer pieg\u0101d\u0101t l\u012bdz divdesmit procentiem vair\u0101k bl\u012bv\u0113juma jaudu nek\u0101 t\u0101 priek\u0161tecis &#8211; padarot to par ide\u0101lu izv\u0113li \u0101trgaitas iepakojuma l\u012bnij\u0101m un vid\u0113s. Liel\u0101ka v\u0101ci\u0146u bl\u012bv\u0113\u0161anas jauda ir tikai s\u0101kums. Jauns sk\u0101rienekr\u0101nu interfeiss ar viena klik\u0161\u0137a att\u0101luma navig\u0101ciju intuit\u012bvi atver vair\u0101kas funkcijas, kuras pakotn\u0113jiem patiks. Piln\u012bga p\u0101rbau\u017eu un konteineru noraid\u012b\u0161anas darb\u012bba ir piln\u012bb\u0101 integr\u0113ta, uzraudz\u012bbas parole. Pilns papildin\u0101jums pude\u013cu un folijas skaitu, iek\u0161\u0113jo uzraudz\u012bbu visu kritisko darb\u012bbas datiem, apraksto\u0161s vaina inform\u0101cija, trauc\u0113jummekl\u0113\u0161anas atbalsta, univers\u0101ls sprieguma ieejas sader\u012bbas (200-240V), t\u0101lvad\u012bbas un viet\u0113j\u0101s kontroles re\u017e\u012bmiem un t\u012bkla savienojumu padara \u0161o nozari ir vissp\u0113c\u012bg\u0101kais un visaptvero\u0161u indukcijas v\u0101ci\u0146\u0161 bl\u012bv\u0113t\u0101js. Pa\u0161laik tas ir pieejams Amerikas Savienotaj\u0101s Valst\u012bs, Kan\u0101d\u0101 un Eirop\u0101. Tikm\u0113r pirm\u0101s paaudzes Super SealTM Max joproj\u0101m ir pieejama citur pasaul\u0113.<\/p>\n","protected":false},"featured_media":692,"template":"","meta":[],"_links":{"self":[{"href":"http:\/\/opesbaltic.lv\/lv\/wp-json\/wp\/v2\/product\/1365"}],"collection":[{"href":"http:\/\/opesbaltic.lv\/lv\/wp-json\/wp\/v2\/product"}],"about":[{"href":"http:\/\/opesbaltic.lv\/lv\/wp-json\/wp\/v2\/types\/product"}],"wp:featuredmedia":[{"embeddable":true,"href":"http:\/\/opesbaltic.lv\/lv\/wp-json\/wp\/v2\/media\/692"}],"wp:attachment":[{"href":"http:\/\/opesbaltic.lv\/lv\/wp-json\/wp\/v2\/media?parent=1365"}],"curies":[{"name":"wp","href":"https:\/\/api.w.org\/{rel}","templated":true}]}}