{"id":1361,"date":"2017-10-03T17:47:57","date_gmt":"2017-10-03T14:47:57","guid":{"rendered":"http:\/\/opesbaltic.lv\/product\/super-seal-touch\/"},"modified":"2018-01-31T11:57:38","modified_gmt":"2018-01-31T08:57:38","slug":"super-seal-touch","status":"publish","type":"product","link":"http:\/\/opesbaltic.lv\/lv\/product\/super-seal-touch\/","title":{"rendered":"Super Seal Touch"},"content":{"rendered":"","protected":false},"excerpt":{"rendered":"<p>Super Seal Touch ir Enercon meh\u0101nisko, elektrisko, servisu un p\u0101rdo\u0161anas komandu realiz\u0101cija. Ryan Schuelke Enercon Cap Capering p\u0101rdo\u0161anas direktors saka: &#8220;Uzlabojot Enercon nozares vado\u0161o Super Seal dizains ir milz\u012bgs sasniegums m\u016bsu att\u012bst\u012bbas komandu un liels sasniegums nozar\u0113.&#8221; Jaunie darb\u012bbas standarti ietver l\u012bdz pat divdesmit procentiem vair\u0101k nosl\u0113g\u0161anas jauda, septi\u0146desmit pieci procentu\u0101lais samazin\u0101jums v\u0101ci\u0146u p\u0101rbaudes iestat\u012b\u0161anas laik\u0101 un t\u012bkla savienojumam. &#8220;Ar uzlabotu sk\u0101rienekr\u0101nu interfeisu Super Seal Touch piesaista iepakot\u0101jus ar to indukcijas bl\u012bv\u0113\u0161anas darb\u012bbu, k\u0101 nekad agr\u0101k.&#8221;<\/p>\n","protected":false},"featured_media":693,"template":"","meta":[],"_links":{"self":[{"href":"http:\/\/opesbaltic.lv\/lv\/wp-json\/wp\/v2\/product\/1361"}],"collection":[{"href":"http:\/\/opesbaltic.lv\/lv\/wp-json\/wp\/v2\/product"}],"about":[{"href":"http:\/\/opesbaltic.lv\/lv\/wp-json\/wp\/v2\/types\/product"}],"wp:featuredmedia":[{"embeddable":true,"href":"http:\/\/opesbaltic.lv\/lv\/wp-json\/wp\/v2\/media\/693"}],"wp:attachment":[{"href":"http:\/\/opesbaltic.lv\/lv\/wp-json\/wp\/v2\/media?parent=1361"}],"curies":[{"name":"wp","href":"https:\/\/api.w.org\/{rel}","templated":true}]}}