{"id":1355,"date":"2017-10-03T17:50:06","date_gmt":"2017-10-03T14:50:06","guid":{"rendered":"http:\/\/opesbaltic.lv\/product\/super-seal-cap-sealer\/"},"modified":"2018-01-31T11:53:17","modified_gmt":"2018-01-31T08:53:17","slug":"super-seal-cap-sealer","status":"publish","type":"product","link":"http:\/\/opesbaltic.lv\/lv\/product\/super-seal-cap-sealer\/","title":{"rendered":"Super Seal Cap Sealer"},"content":{"rendered":"<p>&nbsp;<\/p>\n<table>\n<colgroup>\n<col width=\"325px\" \/>\n<col width=\"602px\" \/> <\/colgroup>\n<tbody>\n<tr>\n<th>Izm\u0113ri<\/th>\n<td>14 3\/8 &#8220;x 15 1\/8&#8221; x 9 1\/2 &#8220;(365 mm x 384 mm x 240 mm)<\/td>\n<\/tr>\n<tr>\n<th>Svars<\/th>\n<td>\u00a042 lbs. (19.07 kg)<\/td>\n<\/tr>\n<tr>\n<th>Ievades spriegums<\/th>\n<td>240V, 50 \/ 60Hz, 1 f\u0101ze<\/td>\n<\/tr>\n<\/tbody>\n<\/table>\n","protected":false},"excerpt":{"rendered":"<p>Super Seal reput\u0101cija par uzticamu veiktsp\u0113ju ir peln\u012bjusi. \u0160ie iev\u0113rojamie indukcijas v\u0101ci\u0146u bl\u012bv\u0113t\u0101ji ra\u017eo\u0161anas telp\u0101s vis\u0101 pasaul\u0113 ir aizz\u012bmogoju\u0161i vair\u0101k nek\u0101 25 miljardus konteineru. Superior meh\u0101niskais un elektriskais dizains padara \u0161os aizz\u012bmogot\u0101jus par vispopul\u0101r\u0101ko iepakot\u0101ju izv\u0113li, kas mekl\u0113 uzticamu veiktsp\u0113ju un vieglu darb\u012bbu. Kompaktajam &#8220;all-in-one&#8221; baro\u0161anas blokam un bl\u012bv\u0113\u0161anas sist\u0113mai ir maz vietas un praktiski nav nepiecie\u0161ama apkope. Enercon pieredze ar\u012b ir noz\u012bm\u012bga loma sekm\u012bg\u0101 Super Seal tehnolo\u0123ijas pielieto\u0161an\u0101. M\u016bsu in\u017eenieru komanda ir izstr\u0101d\u0101jusi pas\u016bt\u012bjuma sortimentu. Piestiprin\u0101\u0161anas galvi\u0146as atbilst\u012bba lietojumam. B\u0101zes modelis Super Seal indukcijas v\u0101ci\u0146u bl\u012bv\u0113\u0161anas iek\u0101rtai ir apr\u012bkots ar funkcij\u0101m, kas atbilst liel\u0101kaj\u0101 da\u013c\u0101 lietojumprogrammu pras\u012bb\u0101m. Standarta mikroprocesoru vad\u012bba un \u0113rtas plug-in indukcijas bl\u012bv\u0113\u0161anas galvi\u0146as ir pievienotas, lai uzlabotu ma\u0161\u012bnas darb\u012bbu. Super Seal Touch indukcijas v\u0101ci\u0146u bl\u012bv\u0113\u0161anas un Super Seal Max indukcijas v\u0101ci\u0146u bl\u012bv\u0113juma uzlabot\u0101s iesp\u0113jas nodro\u0161ina iepakot\u0101jus ar v\u0113l liel\u0101ku veiktsp\u0113jas uzlabo\u0161anas funkciju.<\/p>\n","protected":false},"featured_media":691,"template":"","meta":[],"_links":{"self":[{"href":"http:\/\/opesbaltic.lv\/lv\/wp-json\/wp\/v2\/product\/1355"}],"collection":[{"href":"http:\/\/opesbaltic.lv\/lv\/wp-json\/wp\/v2\/product"}],"about":[{"href":"http:\/\/opesbaltic.lv\/lv\/wp-json\/wp\/v2\/types\/product"}],"wp:featuredmedia":[{"embeddable":true,"href":"http:\/\/opesbaltic.lv\/lv\/wp-json\/wp\/v2\/media\/691"}],"wp:attachment":[{"href":"http:\/\/opesbaltic.lv\/lv\/wp-json\/wp\/v2\/media?parent=1355"}],"curies":[{"name":"wp","href":"https:\/\/api.w.org\/{rel}","templated":true}]}}