{"id":1349,"date":"2017-10-03T17:53:31","date_gmt":"2017-10-03T14:53:31","guid":{"rendered":"http:\/\/opesbaltic.lv\/product\/sirio-150-250\/"},"modified":"2018-01-31T11:44:14","modified_gmt":"2018-01-31T08:44:14","slug":"sirio-150-250","status":"publish","type":"product","link":"http:\/\/opesbaltic.lv\/lv\/product\/sirio-150-250\/","title":{"rendered":"SIRIO \u2013 150 \/ 250"},"content":{"rendered":"<p>&nbsp;<\/p>\n<table>\n<colgroup>\n<col width=\"325px\" \/>\n<col width=\"602px\" \/> <\/colgroup>\n<tbody>\n<tr>\n<th>Izm\u0113ri<\/th>\n<td>L900 x W 800 x H 1800MM<\/td>\n<\/tr>\n<tr>\n<th>Kadence<\/th>\n<td>9000 B \/ H \/ 15000 B \/ H<\/td>\n<\/tr>\n<tr>\n<th>Instal\u0113ta jauda<\/th>\n<td>4 KW<\/td>\n<\/tr>\n<tr>\n<th>Kontrole un vad\u012bba<\/th>\n<td>Izmantojot PLC<\/td>\n<\/tr>\n<tr>\n<th>Baro\u0161anas avots<\/th>\n<td>400V + N + T<\/td>\n<\/tr>\n<tr>\n<th>Ekr\u0101ns<\/th>\n<td>Sk\u0101rienekr\u0101ns vair\u0101ku valodu<\/td>\n<\/tr>\n<tr>\n<th>Cits<\/th>\n<td>\u00a0&#8211; CAMP \/ ALARM<br \/>\n&#8211; Aizsargu priek\u0161\u0113j\u0101s durvis<\/td>\n<\/tr>\n<\/tbody>\n<\/table>\n","protected":false},"excerpt":{"rendered":"<p>P\u0113d\u0113jais par\u0101d\u012bju\u0161ais starp E-Packaging produktiem ir pieredze, kas g\u016bta, izmantojot piedurknes. inov\u0101cijas, dro\u0161\u012bba, daudzpus\u012bba un pieejam\u012bba ir iero\u010di, kas padara to patiesi konkur\u0113tsp\u0113j\u012bgu. Izol\u0101cijas caurules apvalks Kop\u0113jai \u0137erme\u0146a lietojuma dro\u0161\u012bbas eti\u0137etei uz maksim\u0101l\u0101s robe\u017eas.<\/p>\n","protected":false},"featured_media":656,"template":"","meta":[],"_links":{"self":[{"href":"http:\/\/opesbaltic.lv\/lv\/wp-json\/wp\/v2\/product\/1349"}],"collection":[{"href":"http:\/\/opesbaltic.lv\/lv\/wp-json\/wp\/v2\/product"}],"about":[{"href":"http:\/\/opesbaltic.lv\/lv\/wp-json\/wp\/v2\/types\/product"}],"wp:featuredmedia":[{"embeddable":true,"href":"http:\/\/opesbaltic.lv\/lv\/wp-json\/wp\/v2\/media\/656"}],"wp:attachment":[{"href":"http:\/\/opesbaltic.lv\/lv\/wp-json\/wp\/v2\/media?parent=1349"}],"curies":[{"name":"wp","href":"https:\/\/api.w.org\/{rel}","templated":true}]}}