{"id":1343,"date":"2017-10-17T20:30:25","date_gmt":"2017-10-17T17:30:25","guid":{"rendered":"http:\/\/opesbaltic.lv\/product\/emark-eco\/"},"modified":"2018-01-31T11:21:21","modified_gmt":"2018-01-31T08:21:21","slug":"emark-eco","status":"publish","type":"product","link":"http:\/\/opesbaltic.lv\/lv\/product\/emark-eco\/","title":{"rendered":"eMark ECO"},"content":{"rendered":"<p><a class=\"et_pb_button et_pb_button_0 et_pb_module et_pb_bg_layout_light\" href=\"\/wp-content\/uploads\/catalogue\/Lasers\/LasersCO2\/eMarkeco\/eMark_ECO_Catalogue.pdf\" target=\"_blank\" rel=\"noopener\">Katalogs<\/a><\/p>\n<table>\n<tbody>\n<tr>\n<th>L\u0101zera tipa<\/th>\n<td>CO2, diapazons 10W<\/td>\n<\/tr>\n<tr>\n<th>Elektrisk\u0101s pras\u012bbas<\/th>\n<td>230V 50Hz \/ 115V 60Hz (autom\u0101tiskais diapazons)<\/td>\n<\/tr>\n<tr>\n<th>Jaudas pat\u0113ri\u0146\u0161<\/th>\n<td>350W<\/td>\n<\/tr>\n<tr>\n<th>I \/ O sign\u0101li uzst\u0101d\u012b\u0161anai<\/th>\n<td>V\u0101rpstas kod\u0113t\u0101js, blo\u0137\u0113\u0161ana, produktu detektora ievade: sist\u0113ma On-line, mar\u0137\u0113\u0161anas izejas<\/td>\n<\/tr>\n<tr>\n<th>Dzes\u0113\u0161ana<\/th>\n<td>Gaiss, integr\u0113ts<\/td>\n<\/tr>\n<tr>\n<th>Apk\u0101rt\u0113j\u0101s vides temperat\u016bra<\/th>\n<td>10-40 \u00b0 C (50-104oF); Ieteicam\u0101 15-30 \u00b0 C (59-86 \u00b0 F)<\/td>\n<\/tr>\n<tr>\n<th>Mitrums<\/th>\n<td>\u00a0l\u012bdz 90%, bez kondens\u0101cijas<\/td>\n<\/tr>\n<tr>\n<th>Korpuss<\/th>\n<td>IP 52 \/ NEMA 12<\/td>\n<\/tr>\n<tr>\n<th>Svars<\/th>\n<td>7 kg (15 lbs.)<\/td>\n<\/tr>\n<tr>\n<th>Komunik\u0101cija<\/th>\n<td>USB \/ Ethernet 10 Base T<\/td>\n<\/tr>\n<tr>\n<th>Programmat\u016bra<\/th>\n<td>SolMark II darba redaktors oper\u0113t\u0101jsist\u0113m\u0101m Windows 9x, NT, 2000, ME, XP, Vista<br \/>\nDaudzvalodu WWW sist\u0113mas konfigur\u0101cija un t\u0101lvad\u012bbas pults<\/td>\n<\/tr>\n<\/tbody>\n<\/table>\n<p>&nbsp;<\/p>\n<h3>Papildapr\u012bkojums<\/h3>\n<p>&#8211; Handheld touchscreen WYSIWYG termin\u0101lis;<br \/>\n&#8211; D\u016bmu nos\u016bc\u0113js;<br \/>\n&#8211; v\u0101rpstas kod\u0113t\u0101js ar meh\u0101nisko tur\u0113t\u0101ju;<br \/>\n&#8211; Produktu detektors;<br \/>\n&#8211; gr\u012bdas stat\u012bvs ar mont\u0101\u017eas kron\u0161teinu;<br \/>\n&#8211; aizsardz\u012bba pret l\u0113cas aizsargpl\u0113v\u012bti;<br \/>\n&#8211; fokusa att\u0101luma indikators.<\/p>\n","protected":false},"excerpt":{"rendered":"<p>\u2022 ide\u0101ls risin\u0101jums vienk\u0101r\u0161ai kod\u0113\u0161anai popul\u0101r\u0101kajos iepakojuma materi\u0101los;<br \/>\n\u2022 Izveido vektors kvalit\u0101tes past\u0101v\u012bgus kodus, piem\u0113ram, burtciparu tekstus, datumus, laiku un s\u0113rijas numurus;<br \/>\n\u2022 Velt\u012bta visiem tirgiem, piem\u0113ram, p\u0101rtikas, kosm\u0113tikas, dz\u0113rienu, farm\u0101cijas un cit\u0101s r\u016bpniec\u012bbas nozar\u0113s;<br \/>\n\u2022 \u013boti zemas ekspluat\u0101cijas izmaksas: nav pal\u012bgmateri\u0101lu, nav apkopes un apkalpo\u0161anas d\u012bkst\u0101ves.<\/p>\n","protected":false},"featured_media":526,"template":"","meta":[],"_links":{"self":[{"href":"http:\/\/opesbaltic.lv\/lv\/wp-json\/wp\/v2\/product\/1343"}],"collection":[{"href":"http:\/\/opesbaltic.lv\/lv\/wp-json\/wp\/v2\/product"}],"about":[{"href":"http:\/\/opesbaltic.lv\/lv\/wp-json\/wp\/v2\/types\/product"}],"wp:featuredmedia":[{"embeddable":true,"href":"http:\/\/opesbaltic.lv\/lv\/wp-json\/wp\/v2\/media\/526"}],"wp:attachment":[{"href":"http:\/\/opesbaltic.lv\/lv\/wp-json\/wp\/v2\/media?parent=1343"}],"curies":[{"name":"wp","href":"https:\/\/api.w.org\/{rel}","templated":true}]}}