{"id":1337,"date":"2017-10-17T20:33:45","date_gmt":"2017-10-17T17:33:45","guid":{"rendered":"http:\/\/opesbaltic.lv\/product\/emark\/"},"modified":"2018-01-26T14:25:09","modified_gmt":"2018-01-26T11:25:09","slug":"emark","status":"publish","type":"product","link":"http:\/\/opesbaltic.lv\/lv\/product\/emark\/","title":{"rendered":"eMark"},"content":{"rendered":"<p>&nbsp;<\/p>\n<table>\n<tbody>\n<tr>\n<th>L\u0101zera tips<\/th>\n<td>CO2<\/td>\n<\/tr>\n<tr>\n<th>Elektrisk\u0101s pras\u012bbas<\/th>\n<td>230V 50Hz \/ 115V 60Hz (autom\u0101tiski regul\u0113jams)<\/td>\n<\/tr>\n<tr>\n<th>Elektr\u012bbas pat\u0113ri\u0146\u0161<\/th>\n<td>400W<\/td>\n<\/tr>\n<tr>\n<th>I \/ O sign\u0101li uzst\u0101d\u012b\u0161anai<\/th>\n<td>V\u0101rpstas kod\u0113t\u0101js,\u00a0blo\u0137\u0113\u0161ana, failu atlases ieejas, produkta detektora ievade: NPN \/ PNP &#8211; 24V sensors, sist\u0113ma on-line, mar\u0137\u0113\u0161anas izejas<\/td>\n<\/tr>\n<tr>\n<th>Dzes\u0113\u0161ana<\/th>\n<td>Gaiss, integr\u0113ts<\/td>\n<\/tr>\n<tr>\n<th>Apk\u0101rt\u0113j\u0101 temperat\u016bra<\/th>\n<td>10-40\u00b0C(50-104oF); ieteicam\u0101 15-30\u00b0C (59-86\u00b0F)<\/td>\n<\/tr>\n<tr>\n<th>Mitrums<\/th>\n<td>l\u012bdz 80%, bez kondens\u0101cijas<\/td>\n<\/tr>\n<tr>\n<th>Korpuss<\/th>\n<td>IP 52 \/ NEMA 12<\/td>\n<\/tr>\n<tr>\n<th>Svars<\/th>\n<td>15 kg (33 lb.)<\/td>\n<\/tr>\n<tr>\n<th>Pazi\u0146ojums<\/th>\n<td>USB \/ Ethernet 10 Base T<\/td>\n<\/tr>\n<tr>\n<th>Programmat\u016bra<\/th>\n<td>SolMark II darba redaktors oper\u0113t\u0101jsist\u0113m\u0101m Windows 9x, NT, 2000, ME, XP, Vista<br \/>\nDaudzvalodu WWW vietne sist\u0113mai konfigur\u0101cija un t\u0101lvad\u012bba<\/td>\n<\/tr>\n<\/tbody>\n<\/table>\n<p>&nbsp;<\/p>\n<h3>Papildapr\u012bkojums<\/h3>\n<p>&#8211; Rokas termin\u0101ls viet\u0113jam darba izdevumam;<br \/>\n&#8211; USB industri\u0101lais HUB;<br \/>\n&#8211; dro\u0161\u012bbas kamera ar produkta detektora tur\u0113t\u0101ju;<br \/>\n&#8211; Rugged T-b\u0101zes stat\u012bvs \u0101trai uzst\u0101d\u012b\u0161anai;<br \/>\n&#8211; WiFi modulis;<br \/>\n&#8211; D\u016bmu nos\u016bc\u0113js;<br \/>\n&#8211; V\u0101rpstas kod\u0113t\u0101js ar meh\u0101nisko tur\u0113t\u0101ju un riteni;<br \/>\n&#8211; Produktu detektors;<br \/>\n&#8211; failu atlases roku sl\u0113dzis;<br \/>\n&#8211; \u0100r\u0113jais gaisa p\u016bt\u0113js dzes\u0113\u0161anai skarbaj\u0101 vid\u0113.<\/p>\n","protected":false},"excerpt":{"rendered":"<p>\u2022 Liel\u0101k\u0101 da\u013ca l\u0113tu sist\u0113mu past\u0101v\u012bgai mar\u0137\u0113\u0161anai \/ kod\u0113\u0161anai;<br \/>\n\u2022 Vektora kvalit\u0101tes kodi stacion\u0101r\u0101s un &#8220;On the Fly&#8221; oper\u0101cij\u0101;<br \/>\n\u2022 Visu veidu z\u012bmes, piem\u0113ram, burtu un ciparu teksti \/ datumi \/ laiki, s\u0113rijas numuri, sv\u012btrkodi, 2D kodi un grafika;<br \/>\n\u2022 Pilns saraksts ar iesp\u0113j\u0101m \u0101trai uzst\u0101d\u012b\u0161anai un vienk\u0101r\u0161ai darb\u012bbai;<br \/>\n\u2022 Viegla integr\u0101cija ar jaun\u0101m un eso\u0161aj\u0101m ra\u017eo\u0161anas l\u012bnij\u0101m, pateicoties vair\u0101kiem I \/ O sign\u0101liem un lauka konfigur\u0113jamai gaismas izejas virzienam;<br \/>\n\u2022 Vienk\u0101r\u0161a lok\u0101l\u0101 un att\u0101l\u0101 sist\u0113mas vad\u012bba, izmantojot USB, t\u012bkla un WiFi moduli.<\/p>\n","protected":false},"featured_media":525,"template":"","meta":[],"_links":{"self":[{"href":"http:\/\/opesbaltic.lv\/lv\/wp-json\/wp\/v2\/product\/1337"}],"collection":[{"href":"http:\/\/opesbaltic.lv\/lv\/wp-json\/wp\/v2\/product"}],"about":[{"href":"http:\/\/opesbaltic.lv\/lv\/wp-json\/wp\/v2\/types\/product"}],"wp:featuredmedia":[{"embeddable":true,"href":"http:\/\/opesbaltic.lv\/lv\/wp-json\/wp\/v2\/media\/525"}],"wp:attachment":[{"href":"http:\/\/opesbaltic.lv\/lv\/wp-json\/wp\/v2\/media?parent=1337"}],"curies":[{"name":"wp","href":"https:\/\/api.w.org\/{rel}","templated":true}]}}