{"id":1331,"date":"2017-10-17T20:36:18","date_gmt":"2017-10-17T17:36:18","guid":{"rendered":"http:\/\/opesbaltic.lv\/product\/e-solarmark\/"},"modified":"2018-01-26T14:32:14","modified_gmt":"2018-01-26T11:32:14","slug":"e-solarmark","status":"publish","type":"product","link":"http:\/\/opesbaltic.lv\/lv\/product\/e-solarmark\/","title":{"rendered":"e-SolarMark +"},"content":{"rendered":"<p><a class=\"et_pb_button et_pb_button_0 et_pb_module et_pb_bg_layout_light\" href=\"\/wp-content\/uploads\/catalogue\/Lasers\/LasersCO2\/e-solarmark\/e-SolarMark.pdf\" target=\"_blank\" rel=\"noopener\">Katalogs<\/a><\/p>\n<table>\n<tbody>\n<tr>\n<th>L\u0101zera tips<\/th>\n<td>CO2 diapazons 10W l\u012bdz 55W<\/td>\n<\/tr>\n<tr>\n<th>L\u0101zera tips<\/th>\n<td>\u00a010,6 \u00b5m or 10,2\u00a0\u00b5m or 9,3 \u00b5m<\/td>\n<\/tr>\n<tr>\n<th>Elektrisk\u0101s pras\u012bbas<\/th>\n<td>115V \/ 230V , 50\/60Hz, 1PH &#8211; Auto<\/td>\n<\/tr>\n<tr>\n<th>Mar\u0137\u0113\u0161anas lauks<\/th>\n<td>No 50x50mm l\u012bdz 500x500mm<\/td>\n<\/tr>\n<tr>\n<th>Sign\u0101lu ieeja \/ izeja<\/th>\n<td>Kod\u0113t\u0101js, produkta sensors NPN \/ PNP, dro\u0161\u012bbas interlakts, str\u0101vas padeve, dro\u0161\u012bbas aizsl\u0113gs, fumes ekstrakts, saspiesta gaisa vad\u012bba; gatavs, mar\u0137\u0113jums, k\u013c\u016bme; 15 konfigur\u0113jamo lietot\u0101ja ieejas \/ izejas<\/td>\n<\/tr>\n<tr>\n<th>Dzes\u0113\u0161ana<\/th>\n<td>Integr\u0113ta gaisa dzes\u0113\u0161ana ar putek\u013cu aizsardz\u012bbu<\/td>\n<\/tr>\n<tr>\n<th>Apk\u0101rt\u0113j\u0101 temperat\u016bra<\/th>\n<td>10-40\u00b0C; ieteicam\u0101 15-30\u00b0C<\/td>\n<\/tr>\n<tr>\n<th>Mitrums<\/th>\n<td>l\u012bdz pat 90%, nav kondens\u0101cijas<\/td>\n<\/tr>\n<tr>\n<th>Korpuss<\/th>\n<td>IP 52 \/ NEMA 12<\/td>\n<\/tr>\n<tr>\n<th>Svars<\/th>\n<td>Vad\u012bbas ier\u012bce 25kg \/ 67kg; Mar\u0137\u0113\u0161anas vien\u012bba 17kg \/ 58kg<\/td>\n<\/tr>\n<tr>\n<th>Pazi\u0146ojums<\/th>\n<td>RS 232 \/ USB \/ Ethernet 10 Base T<\/td>\n<\/tr>\n<tr>\n<th>Fonti<\/th>\n<td>Daudzvalodu, Unikods<\/td>\n<\/tr>\n<tr>\n<th>Lietot\u0101ja interfeiss<\/th>\n<td>Daudzvalodu 15 collu sk\u0101rienekr\u0101ns ar lietot\u0101jam draudz\u012bgu interfeisu priek\u0161skat\u012b\u0161anai, redi\u0123\u0113\u0161anai, jaunu darbavietu izveidei un sist\u0113mas iestat\u012b\u0161anai<\/td>\n<\/tr>\n<\/tbody>\n<\/table>\n<p>&nbsp;<\/p>\n<h3>Papildapr\u012bkojums<\/h3>\n<p>&#8211; dzes\u0113\u0161ana \u016bden\u012b;<br \/>\n&#8211; saspiesta gaisa dzes\u0113\u0161ana;<br \/>\n&#8211; taisnas galvas l\u0101zera stars;<br \/>\n&#8211; elast\u012bga staru pieg\u0101des sist\u0113ma;<br \/>\n&#8211; att\u0101l\u0101 profilaktisk\u0101 diagnostika;<br \/>\n&#8211; cauru\u013cvadu garuma palielin\u0101\u0161ana;<br \/>\n&#8211; Sarkan\u0101s l\u0101zera drukas poz\u012bcijas priek\u0161skat\u012bjums;<br \/>\n&#8211; 3D modulis produktu mar\u0137\u0113\u0161anai ar da\u017e\u0101du augstumu.<\/p>\n","protected":false},"excerpt":{"rendered":"<p>\u2022 Jaun\u0101k\u0101s vektoru mar\u0137\u0113\u0161anas un kod\u0113\u0161anas sist\u0113mas paaudzes;<br \/>\n\u2022 Ide\u0101ls r\u012bks da\u017e\u0101diem materi\u0101liem un ra\u017eo\u0161anas l\u012bniju \u0101trumam;<br \/>\n\u2022 Augsta \u0101truma un kvalit\u0101tes risin\u0101jums alfab\u0113ta-ciparu tekstu \/ datumu \/ laiku, s\u0113rijas numuru, sv\u012btrkodu, 2D kodu un grafiku izstr\u0101d\u0101jumiem un iepakojumiem.<\/p>\n","protected":false},"featured_media":521,"template":"","meta":[],"_links":{"self":[{"href":"http:\/\/opesbaltic.lv\/lv\/wp-json\/wp\/v2\/product\/1331"}],"collection":[{"href":"http:\/\/opesbaltic.lv\/lv\/wp-json\/wp\/v2\/product"}],"about":[{"href":"http:\/\/opesbaltic.lv\/lv\/wp-json\/wp\/v2\/types\/product"}],"wp:featuredmedia":[{"embeddable":true,"href":"http:\/\/opesbaltic.lv\/lv\/wp-json\/wp\/v2\/media\/521"}],"wp:attachment":[{"href":"http:\/\/opesbaltic.lv\/lv\/wp-json\/wp\/v2\/media?parent=1331"}],"curies":[{"name":"wp","href":"https:\/\/api.w.org\/{rel}","templated":true}]}}