{"id":1325,"date":"2017-10-17T20:38:44","date_gmt":"2017-10-17T17:38:44","guid":{"rendered":"http:\/\/opesbaltic.lv\/product\/e-solarmark-hd\/"},"modified":"2018-01-26T11:48:44","modified_gmt":"2018-01-26T08:48:44","slug":"e-solarmark-hd","status":"publish","type":"product","link":"http:\/\/opesbaltic.lv\/lv\/product\/e-solarmark-hd\/","title":{"rendered":"e-SolarMark HD"},"content":{"rendered":"<p>&nbsp;<\/p>\n<table>\n<tbody>\n<tr>\n<th>L\u0101zera tips<\/th>\n<td>CO2, diapazons 30W l\u012bdz 100W<\/td>\n<\/tr>\n<tr>\n<th>L\u0101zera tips<\/th>\n<td>\u00a0 10,6 \u03bcm vai 10,2 \u03bcm vai 9,3 \u03bcm<\/td>\n<\/tr>\n<tr>\n<th>Elektrisk\u0101s pras\u012bbas<\/th>\n<td>115V \/ 230V, 50 \/ 60Hz, 1PH &#8211; Auto<\/td>\n<\/tr>\n<tr>\n<th>Mar\u0137\u0113\u0161anas lauks<\/th>\n<td>da\u017e\u0101di izm\u0113ri no 50x50mm l\u012bdz 210x210mm<\/td>\n<\/tr>\n<tr>\n<th>Sign\u0101lu ieeja \/ izeja<\/th>\n<td>\u00a0Kod\u0113t\u0101js, izstr\u0101d\u0101juma sensors NPN \/ PNP, dro\u0161\u012bbas interlakts, str\u0101vas padeve, dro\u0161\u012bbas aizsl\u0113gs, izsmidzin\u0101t\u0101js, saspiesta gaisa vad\u012bba; Gatavs, mar\u0137\u0113jums, k\u013c\u016bme<\/td>\n<\/tr>\n<tr>\n<th>Dzes\u0113\u0161ana<\/th>\n<td>\u016adens, \u0101r\u0113js \u016bdens dzes\u0113t\u0101js nepiecie\u0161ams<\/td>\n<\/tr>\n<tr>\n<th>Apk\u0101rt\u0113j\u0101 temperat\u016bra<\/th>\n<td>10-45 \u00b0 C; Ieteicam\u0101 15-35 \u00b0 C<\/td>\n<\/tr>\n<tr>\n<th>Mitrums<\/th>\n<td>\u00a0l\u012bdz 95%, bez kondens\u0101cijas<\/td>\n<\/tr>\n<tr>\n<th>Korpuss<\/th>\n<td>\u00a0IP 65 \/ NEMA 4<\/td>\n<\/tr>\n<tr>\n<th>Svars<\/th>\n<td>Vad\u012bbas ier\u012bce 25kg \/ 67kg; Mar\u0137\u0113\u0161anas vien\u012bba 17kg \/ 58kg<\/td>\n<\/tr>\n<tr>\n<th>Pazi\u0146ojums<\/th>\n<td>RS 232 \/ USB \/ Ethernet 10 Base T<\/td>\n<\/tr>\n<tr>\n<th>Fonti<\/th>\n<td>Daudzvalodu, Unikods<\/td>\n<\/tr>\n<tr>\n<th>Lietot\u0101ja interfeiss<\/th>\n<td>\u00a0Daudzvalodu 10 collu sk\u0101rienekr\u0101ns ar lietot\u0101jam draudz\u012bgu interfeisu priek\u0161skat\u012b\u0161anai, redi\u0123\u0113\u0161anai, jaunu darbavietu izveidei un sist\u0113mas iestat\u012b\u0161anai<\/td>\n<\/tr>\n<\/tbody>\n<\/table>\n<p>&nbsp;<\/p>\n<h3>Papildapr\u012bkojums<\/h3>\n<p>&#8211; elast\u012bgas staru pieg\u0101des sist\u0113mas;<br \/>\n&#8211; t\u0101lvad\u012bbas nov\u0113r\u0161anas diagnostika;<br \/>\n&#8211; Cauru\u013cu garuma pagarin\u0101jums.<\/p>\n","protected":false},"excerpt":{"rendered":"<p>\u2022 Vektora mar\u0137\u0113juma kvalit\u0101te eti\u0137et\u0113s un pudel\u0113s;<br \/>\n\u2022 Apstr\u0101d\u0101ta skarba vide (mazg\u0101t) (ar IP65 nomin\u0101lu);<br \/>\n\u2022 Augsta \u0101truma \/ augsta veiktsp\u0113ja ar uzlabotu DIGITAL sken\u0113\u0161anas galvi\u0146u;<br \/>\n\u2022 Minim\u0101l\u0101s ekspluat\u0101cijas izmaksas &#8211; nav pal\u012bgmateri\u0101lu.<\/p>\n","protected":false},"featured_media":523,"template":"","meta":[],"_links":{"self":[{"href":"http:\/\/opesbaltic.lv\/lv\/wp-json\/wp\/v2\/product\/1325"}],"collection":[{"href":"http:\/\/opesbaltic.lv\/lv\/wp-json\/wp\/v2\/product"}],"about":[{"href":"http:\/\/opesbaltic.lv\/lv\/wp-json\/wp\/v2\/types\/product"}],"wp:featuredmedia":[{"embeddable":true,"href":"http:\/\/opesbaltic.lv\/lv\/wp-json\/wp\/v2\/media\/523"}],"wp:attachment":[{"href":"http:\/\/opesbaltic.lv\/lv\/wp-json\/wp\/v2\/media?parent=1325"}],"curies":[{"name":"wp","href":"https:\/\/api.w.org\/{rel}","templated":true}]}}