{"id":1317,"date":"2017-10-17T20:41:45","date_gmt":"2017-10-17T17:41:45","guid":{"rendered":"http:\/\/opesbaltic.lv\/product\/emark-dla\/"},"modified":"2018-01-26T11:15:15","modified_gmt":"2018-01-26T08:15:15","slug":"emark-dla","status":"publish","type":"product","link":"http:\/\/opesbaltic.lv\/lv\/product\/emark-dla\/","title":{"rendered":"eMark DLA"},"content":{"rendered":"<p>&nbsp;<\/p>\n<table>\n<tbody>\n<tr>\n<th>L\u0101zera tips<\/th>\n<td>DPSS<\/td>\n<\/tr>\n<tr>\n<th>Elektrisk\u0101s pras\u012bbas<\/th>\n<td>\u00a0230V 50Hz \/ 115V 60Hz<\/td>\n<\/tr>\n<tr>\n<th>Elektr\u012bbas pat\u0113ri\u0146\u0161<\/th>\n<td>400W<\/td>\n<\/tr>\n<tr>\n<th>I \/ O sign\u0101li uzst\u0101d\u012b\u0161anai<\/th>\n<td>V\u0101rpsta kod\u0113t\u0101js, blo\u0137\u0113\u0161ana, failu atlases ieejas<\/td>\n<\/tr>\n<tr>\n<th>Produkta detektora ievade<\/th>\n<td>NPN \/ PNP &#8211; 24V sensors, sist\u0113ma On-line, mar\u0137\u0113\u0161anas izejas<\/td>\n<\/tr>\n<tr>\n<th>Dzes\u0113\u0161ana<\/th>\n<td>Gaiss, integr\u0113ts<\/td>\n<\/tr>\n<tr>\n<th>Apk\u0101rt\u0113j\u0101 temperat\u016bra<\/th>\n<td>10-40\u00b0C(50-104oF); ieteicam\u0101 15-30\u00b0C (59-86\u00b0F)<\/td>\n<\/tr>\n<tr>\n<th>Mitrums<\/th>\n<td>l\u012bdz 80%, bez kondens\u0101cijas<\/td>\n<\/tr>\n<tr>\n<th>Korpusa tips<\/th>\n<td>IP 52 \/ NEMA 12<\/td>\n<\/tr>\n<tr>\n<th>Svars<\/th>\n<td>15 kg (33 lb.)<\/td>\n<\/tr>\n<tr>\n<th>Pazi\u0146ojums<\/th>\n<td>USB \/ Ethernet 10 Base T<\/td>\n<\/tr>\n<tr>\n<th>Programmat\u016bras<\/th>\n<td>SolMark II darba redaktors oper\u0113t\u0101jsist\u0113m\u0101m Windows 9x, NT, 2000, ME, XP, Vista<br \/>\n<span style=\"font-family: inherit; font-size: inherit;\">Daudzvalodu WWW sist\u0113mas konfigur\u0101cija un t\u0101lvad\u012bbas pults<\/span><\/td>\n<\/tr>\n<\/tbody>\n<\/table>\n<p>&nbsp;<\/p>\n<h3>Papildapr\u012bkojums<\/h3>\n<p>&#8211; Rokas termin\u0101ls viet\u0113jam darba izdevumam;<br \/>\n&#8211; D\u016bmu nos\u016bc\u0113js.<\/p>\n","protected":false},"excerpt":{"rendered":"<p>\u2022 Visd\u0101rg\u0101k\u0101 l\u0101zera sist\u0113ma past\u0101v\u012bgai produktu mar\u0137\u0113\u0161anai;<br \/>\n\u2022 Visu veidu z\u012bmes, piem\u0113ram, burtu un ciparu teksti \/ datumi \/ laiki, s\u0113rijas numuri, sv\u012btrkodi, 2D kodi un grafika;<br \/>\n\u2022 Pievilc\u012bga cena un 2 gadu garantija;<br \/>\n\u2022 Vienk\u0101r\u0161a viet\u0113j\u0101 un att\u0101l\u0101 sist\u0113mas vad\u012bba, izmantojot USB, t\u012bklu.<\/p>\n","protected":false},"featured_media":537,"template":"","meta":[],"_links":{"self":[{"href":"http:\/\/opesbaltic.lv\/lv\/wp-json\/wp\/v2\/product\/1317"}],"collection":[{"href":"http:\/\/opesbaltic.lv\/lv\/wp-json\/wp\/v2\/product"}],"about":[{"href":"http:\/\/opesbaltic.lv\/lv\/wp-json\/wp\/v2\/types\/product"}],"wp:featuredmedia":[{"embeddable":true,"href":"http:\/\/opesbaltic.lv\/lv\/wp-json\/wp\/v2\/media\/537"}],"wp:attachment":[{"href":"http:\/\/opesbaltic.lv\/lv\/wp-json\/wp\/v2\/media?parent=1317"}],"curies":[{"name":"wp","href":"https:\/\/api.w.org\/{rel}","templated":true}]}}