{"id":1299,"date":"2017-10-17T20:48:01","date_gmt":"2017-10-17T17:48:01","guid":{"rendered":"http:\/\/opesbaltic.lv\/product\/e-solarmark-fl-hd\/"},"modified":"2018-01-25T13:30:12","modified_gmt":"2018-01-25T10:30:12","slug":"e-solarmark-fl-hd","status":"publish","type":"product","link":"http:\/\/opesbaltic.lv\/lv\/product\/e-solarmark-fl-hd\/","title":{"rendered":"e-SolarMark FL HD"},"content":{"rendered":"<p>&nbsp;<\/p>\n<table style=\"height: 379px;\" width=\"973\">\n<tbody>\n<tr>\n<th>L\u0101zera tips<\/th>\n<td>\u0160\u0137iedra (impulsa), jauda no 20W l\u012bdz 100W<\/td>\n<\/tr>\n<tr>\n<th>Vi\u013c\u0146a garums<\/th>\n<td>1064nm<\/td>\n<\/tr>\n<tr>\n<th>Elektroener\u0123ijas pras\u012bbas<\/th>\n<td>115V \/ 230V , 50\/60Hz, 1PH &#8211; Auto<\/td>\n<\/tr>\n<tr>\n<th>Mar\u0137\u0113\u0161anas lauks<\/th>\n<td>Da\u017e\u0101di izm\u0113ri no 70x70mm l\u012bdz 210x210mm<\/td>\n<\/tr>\n<tr>\n<th>Ieejas \/ izejas sign\u0101li<\/th>\n<td>Kod\u0113t\u0101js, izstr\u0101d\u0101juma sensors, dro\u0161\u012bbas interfeiss, str\u0101vas padeve, aizvara indikators, gatavs \/ mar\u0137\u0113jums \/ k\u013c\u016bme<\/td>\n<\/tr>\n<tr>\n<th>Dzes\u0113\u0161ana<\/th>\n<td>\u016adens dzes\u0113\u0161ana &#8211; vajadz\u012bgs \u0101r\u0113jais \u016bdens dzes\u0113t\u0101js<\/td>\n<\/tr>\n<tr>\n<th>Apk\u0101rt\u0113j\u0101 temperat\u016bra<\/th>\n<td>10-45\u00b0C; ieteicam\u0101 15-35\u00b0C<\/td>\n<\/tr>\n<tr>\n<th>Mitrums<\/th>\n<td>l\u012bdz 95%, bez kondens\u0101cijas<\/td>\n<\/tr>\n<tr>\n<th>Korpuss<\/th>\n<td>IP 65 \/ NEMA 4<\/td>\n<\/tr>\n<tr>\n<th>Svars<\/th>\n<td>Vad\u012bbas bloks 15kg; Mar\u0137\u0113\u0161anas vien\u012bba 5kg<\/td>\n<\/tr>\n<tr>\n<th>Pazi\u0146ojums<\/th>\n<td>RS 232 \/ USB \/ Ethernet 10 Base T<\/td>\n<\/tr>\n<tr>\n<th>Fonti<\/th>\n<td>Daudzvalodu, Unicode<\/td>\n<\/tr>\n<tr>\n<th>Ekr\u0101ns<\/th>\n<td>Daudzvalodu 10 collu sk\u0101rienekr\u0101ns ar lietot\u0101jam draudz\u012bgu interfeisu priek\u0161skat\u012b\u0161anai, redi\u0123\u0113\u0161anai, jaunu darba vietu izveidei un sist\u0113mas iestat\u012b\u0161anai<\/td>\n<\/tr>\n<\/tbody>\n<\/table>\n<p>&nbsp;<\/p>\n<h3>Papildapr\u012bkojums<\/h3>\n<p>&#8211; Sarkano diode priek\u0161skat\u012bjuma r\u0101d\u012bt\u0101js.<\/p>\n","protected":false},"excerpt":{"rendered":"<p>\u2022 Vektoru mar\u0137\u0113\u0161anas kvalit\u0101te uz k\u0101rb\u0101m, eti\u0137et\u0113m un pudel\u0113m;<br \/>\n\u2022 Gr\u016bts vidi (mazg\u0101t) gatavs (IP65 Rated);<br \/>\n\u2022 Augsta \u0101truma \/ augstas veiktsp\u0113jas uzlabota DIGITAL (eDIGITAL) sken\u0113\u0161anas galvi\u0146a;<br \/>\n\u2022 Minim\u0101l\u0101s ekspluat\u0101cijas izmaksas &#8211; nav pal\u012bgmateri\u0101lu.<\/p>\n","protected":false},"featured_media":532,"template":"","meta":[],"_links":{"self":[{"href":"http:\/\/opesbaltic.lv\/lv\/wp-json\/wp\/v2\/product\/1299"}],"collection":[{"href":"http:\/\/opesbaltic.lv\/lv\/wp-json\/wp\/v2\/product"}],"about":[{"href":"http:\/\/opesbaltic.lv\/lv\/wp-json\/wp\/v2\/types\/product"}],"wp:featuredmedia":[{"embeddable":true,"href":"http:\/\/opesbaltic.lv\/lv\/wp-json\/wp\/v2\/media\/532"}],"wp:attachment":[{"href":"http:\/\/opesbaltic.lv\/lv\/wp-json\/wp\/v2\/media?parent=1299"}],"curies":[{"name":"wp","href":"https:\/\/api.w.org\/{rel}","templated":true}]}}