{"id":1293,"date":"2017-10-17T20:49:50","date_gmt":"2017-10-17T17:49:50","guid":{"rendered":"http:\/\/opesbaltic.lv\/product\/e-solarmark-dls\/"},"modified":"2018-01-25T12:57:08","modified_gmt":"2018-01-25T09:57:08","slug":"e-solarmark-dls","status":"publish","type":"product","link":"http:\/\/opesbaltic.lv\/lv\/product\/e-solarmark-dls\/","title":{"rendered":"e-SolarMark DLS"},"content":{"rendered":"<p>&nbsp;<\/p>\n<table>\n<tbody>\n<tr>\n<th>L\u0101zera tips<\/th>\n<td>DPSS, jauda no 10W l\u012bdz 30W<\/td>\n<\/tr>\n<tr>\n<th>Vi\u013c\u0146a garums<\/th>\n<td>1064 nm<\/td>\n<\/tr>\n<tr>\n<th>Elektroener\u0123ijas pras\u012bbas<\/th>\n<td>115V \/ 230V, 50 \/ 60Hz, 1PH &#8211; Auto<\/td>\n<\/tr>\n<tr>\n<th>Mar\u0137\u0113\u0161anas lauks<\/th>\n<td>No 100x100mm l\u012bdz 150x150mm<\/td>\n<\/tr>\n<tr>\n<th>Ieejas \/ izejas sign\u0101li<\/th>\n<td>Kod\u0113t\u0101js, izstr\u0101d\u0101juma sensors, dro\u0161\u012bbas interfeiss, str\u0101vas padeve, aizvara indikators, gatavs \/ mar\u0137\u0113jums \/ k\u013c\u016bme<\/td>\n<\/tr>\n<tr>\n<th>Dzes\u0113\u0161ana<\/th>\n<td>Integr\u0113t\u0101 gaisa dzes\u0113\u0161ana ar putek\u013cu aizsardz\u012bbu<\/td>\n<\/tr>\n<tr>\n<th>Apk\u0101rt\u0113j\u0101 temperat\u016bra<\/th>\n<td>\u00a010-40 \u00b0 C; Ieteicam\u0101 15-30 \u00b0 C<\/td>\n<\/tr>\n<tr>\n<th>Mitrums<\/th>\n<td>\u00a0l\u012bdz 90%, bez kondens\u0101cijas<\/td>\n<\/tr>\n<tr>\n<th>Korpuss<\/th>\n<td>\u00a0IP 52 \/ NEMA 12<\/td>\n<\/tr>\n<tr>\n<th>Svars<\/th>\n<td>Vad\u012bbas bloks 10kg \/ 14kg; Mar\u0137\u0113\u0161anas vien\u012bba 15kg \/ 25kg<\/td>\n<\/tr>\n<tr>\n<th>Pazi\u0146ojums<\/th>\n<td>RS 232 \/ USB \/ Ethernet 10 Base T<\/td>\n<\/tr>\n<tr>\n<th>Fonti<\/th>\n<td>Daudzvalodu, Unicode<\/td>\n<\/tr>\n<tr>\n<th>Ekr\u0101ns<\/th>\n<td>Daudzvalodu 10 collu sk\u0101rienekr\u0101ns ar lietot\u0101jam draudz\u012bgu interfeisu priek\u0161skat\u012b\u0161anai, redi\u0123\u0113\u0161anai, jaunu darba vietu izveidei un sist\u0113mas iestat\u012b\u0161anai<\/td>\n<\/tr>\n<\/tbody>\n<\/table>\n<p>&nbsp;<\/p>\n<h3>Papildapr\u012bkojums<\/h3>\n<p>&#8211; sarkano diodu priek\u0161skat\u012bjuma r\u0101d\u012bt\u0101js;<br \/>\n&#8211; 3D modulis produktu mar\u0137\u0113\u0161anai ar da\u017e\u0101du augstumu;<br \/>\n&#8211; Sken\u0113\u0161anas galvi\u0146a ar taisnu 0 gr\u0101du staru izeju.<\/p>\n","protected":false},"excerpt":{"rendered":"<p>\u2022 Kompaktas DPSS l\u0101zera sist\u0113mas plastmasas un met\u0101la mar\u0137\u0113\u0161anai;<br \/>\n\u2022 Augstas kvalit\u0101tes risin\u0101jums past\u0101v\u012bgajiem burtu un ciparu tekstu l\u0101zeru kodiem \/ datumiem \/ laikiem, s\u0113rijas numuriem, sv\u012btrkodiem, 2D kodiem un z\u012bm\u0113jumiem uz produktiem un iepakojumiem;<br \/>\n\u2022 Integr\u0101cijas draudz\u012bgs dizains, modul\u0101rais un kompaktais izm\u0113rs.<\/p>\n","protected":false},"featured_media":539,"template":"","meta":[],"_links":{"self":[{"href":"http:\/\/opesbaltic.lv\/lv\/wp-json\/wp\/v2\/product\/1293"}],"collection":[{"href":"http:\/\/opesbaltic.lv\/lv\/wp-json\/wp\/v2\/product"}],"about":[{"href":"http:\/\/opesbaltic.lv\/lv\/wp-json\/wp\/v2\/types\/product"}],"wp:featuredmedia":[{"embeddable":true,"href":"http:\/\/opesbaltic.lv\/lv\/wp-json\/wp\/v2\/media\/539"}],"wp:attachment":[{"href":"http:\/\/opesbaltic.lv\/lv\/wp-json\/wp\/v2\/media?parent=1293"}],"curies":[{"name":"wp","href":"https:\/\/api.w.org\/{rel}","templated":true}]}}