{"id":1274,"date":"2017-10-17T20:56:40","date_gmt":"2017-10-17T17:56:40","guid":{"rendered":"http:\/\/opesbaltic.lv\/product\/workstation-basic2\/"},"modified":"2018-01-25T10:39:26","modified_gmt":"2018-01-25T07:39:26","slug":"workstation-basic2","status":"publish","type":"product","link":"http:\/\/opesbaltic.lv\/lv\/product\/workstation-basic2\/","title":{"rendered":"Darbstacija BASIC2"},"content":{"rendered":"<table>\n<tbody>\n<tr>\n<td>Darba zona:<\/td>\n<td>250&#215;300 mm, T veida slota pamatpl\u0101ksne<\/td>\n<\/tr>\n<tr>\n<td>Piek\u013cuves kamera:<\/td>\n<td>manu\u0101li darbin\u0101ms<\/td>\n<\/tr>\n<tr>\n<td>Z ass:<\/td>\n<td>manu\u0101li regul\u0113jams (l\u012bdz 100 mm)<\/td>\n<\/tr>\n<tr>\n<td>Mar\u0137\u0113\u0161anas lauks:<\/td>\n<td>70&#215;70 mm vai 100&#215;100 mm<\/td>\n<\/tr>\n<tr>\n<td>L\u0101zera r\u0101d\u012bt\u0101js:<\/td>\n<td>standarta, nor\u0101da mar\u0137\u0113jamo laukumu<\/td>\n<\/tr>\n<tr>\n<td>Apr\u012bkots ar:<\/td>\n<td>e-SolarMark FL 2\/3 ar CU2 Control Uni vai eMark DLA<\/td>\n<\/tr>\n<tr>\n<td>Konfigur\u0101cija:<\/td>\n<td>PC nav nepiecie\u0161ams sist\u0113mas darb\u012bbai (Sk\u0101rienekontrolieris)<\/td>\n<\/tr>\n<\/tbody>\n<\/table>\n<p>&nbsp;<\/p>\n","protected":false},"excerpt":{"rendered":"<p>\u2022 Kompakts, pie\u0146emams un vienk\u0101r\u0161s;<br \/>\n\u2022 Zema apjoma ra\u017eo\u0161ana;<br \/>\n\u2022 Darba veik\u0161anas programmas;<br \/>\n\u2022 Var tikt apr\u012bkots ar eMark DLA vai e-SolarMark FL.<\/p>\n","protected":false},"featured_media":545,"template":"","meta":[],"_links":{"self":[{"href":"http:\/\/opesbaltic.lv\/lv\/wp-json\/wp\/v2\/product\/1274"}],"collection":[{"href":"http:\/\/opesbaltic.lv\/lv\/wp-json\/wp\/v2\/product"}],"about":[{"href":"http:\/\/opesbaltic.lv\/lv\/wp-json\/wp\/v2\/types\/product"}],"wp:featuredmedia":[{"embeddable":true,"href":"http:\/\/opesbaltic.lv\/lv\/wp-json\/wp\/v2\/media\/545"}],"wp:attachment":[{"href":"http:\/\/opesbaltic.lv\/lv\/wp-json\/wp\/v2\/media?parent=1274"}],"curies":[{"name":"wp","href":"https:\/\/api.w.org\/{rel}","templated":true}]}}