{"id":1268,"date":"2017-10-17T20:57:30","date_gmt":"2017-10-17T17:57:30","guid":{"rendered":"http:\/\/opesbaltic.lv\/product\/workstation-basic3\/"},"modified":"2018-01-24T16:54:49","modified_gmt":"2018-01-24T13:54:49","slug":"workstation-basic3","status":"publish","type":"product","link":"http:\/\/opesbaltic.lv\/lv\/product\/workstation-basic3\/","title":{"rendered":"Darbstacija BASIC3"},"content":{"rendered":"<table>\n<tbody>\n<tr>\n<td>Darba platums:<\/td>\n<td>420x250mm, T-veida slota pamatpl\u0101ksne<\/td>\n<\/tr>\n<tr>\n<td>Piek\u013cuves kamera:<\/td>\n<td>Manu\u0101li darbina ar skatu mekl\u0113t\u0101ju<\/td>\n<\/tr>\n<tr>\n<td>Z ass:<\/td>\n<td>Manu\u0101li regul\u0113jams (l\u012bdz 200 mm atkar\u012bb\u0101 no mar\u0137\u0113\u0161anas sist\u0113mas konfigur\u0101cijas) ar poz\u012bcijas m\u0113r\u012b\u0161anu<\/td>\n<\/tr>\n<tr>\n<td>Mar\u0137\u0113\u0161anas lauks:<\/td>\n<td>LF3 (70x70mm), LF4 (100x100mm), LF6 (150x150mm)<\/td>\n<\/tr>\n<tr>\n<td>Mar\u0137\u0113t\u0101 elementa maksim\u0101lais svars:<\/td>\n<td>5 kg<\/td>\n<\/tr>\n<tr>\n<td>Uzst\u0101d\u012b\u0161ana:<\/td>\n<td>izv\u0113les fokusa uztver\u0161anas iek\u0101rta (at\u013cauj fok\u0101l\u0101s plaknes novieto\u0161anu uz mar\u0137\u0113juma virsmas)<\/td>\n<\/tr>\n<tr>\n<td>Konfigur\u0101cija:<\/td>\n<td>sist\u0113mas darb\u012bba no sk\u0101rienekr\u0101na kontrollera vai \u0101r\u0113j\u0101 datora datora<\/td>\n<\/tr>\n<\/tbody>\n<\/table>\n<p>&nbsp;<\/p>\n","protected":false},"excerpt":{"rendered":"<p>1. klases galda darbstacija, ko var apr\u012bkot ar \u0161\u0101d\u0101m mar\u0137\u0113\u0161anas sist\u0113m\u0101m:<br \/>\n\u2022 eMark DLA;<br \/>\n\u2022 e-SolarMark FLS;<br \/>\n\u2022 e-SolarMark FL2 \/ FL3 \/ FL5.<\/p>\n","protected":false},"featured_media":546,"template":"","meta":[],"_links":{"self":[{"href":"http:\/\/opesbaltic.lv\/lv\/wp-json\/wp\/v2\/product\/1268"}],"collection":[{"href":"http:\/\/opesbaltic.lv\/lv\/wp-json\/wp\/v2\/product"}],"about":[{"href":"http:\/\/opesbaltic.lv\/lv\/wp-json\/wp\/v2\/types\/product"}],"wp:featuredmedia":[{"embeddable":true,"href":"http:\/\/opesbaltic.lv\/lv\/wp-json\/wp\/v2\/media\/546"}],"wp:attachment":[{"href":"http:\/\/opesbaltic.lv\/lv\/wp-json\/wp\/v2\/media?parent=1268"}],"curies":[{"name":"wp","href":"https:\/\/api.w.org\/{rel}","templated":true}]}}