{"id":1262,"date":"2017-10-17T20:59:33","date_gmt":"2017-10-17T17:59:33","guid":{"rendered":"http:\/\/opesbaltic.lv\/product\/workstation-advanced\/"},"modified":"2018-01-24T16:47:07","modified_gmt":"2018-01-24T13:47:07","slug":"workstation-advanced","status":"publish","type":"product","link":"http:\/\/opesbaltic.lv\/lv\/product\/workstation-advanced\/","title":{"rendered":"Darbstacija ADVANCED"},"content":{"rendered":"<table>\n<tbody>\n<tr>\n<td>Darba platums:<\/td>\n<td>250x420mm, T-veida slota pamatpl\u0101ksne<\/td>\n<\/tr>\n<tr>\n<td>Pamatplate:<\/td>\n<td>T veida slots<\/td>\n<\/tr>\n<tr>\n<td>Piek\u013cuves kamera:<\/td>\n<td>autom\u0101tiski vad\u012bta<\/td>\n<\/tr>\n<tr>\n<td>Z ass:<\/td>\n<td>motoriz\u0113ta regul\u0113\u0161ana l\u012bdz 200 mm 100x100mm atz\u012bm\u0113\u0161anas laukam<\/td>\n<\/tr>\n<tr>\n<td>Mar\u0137\u0113\u0161anas lauks:<\/td>\n<td>70&#215;70 mm vai 100&#215;100 mm<\/td>\n<\/tr>\n<tr>\n<td>L\u0101zera r\u0101d\u012bt\u0101js:<\/td>\n<td>Standarta, nor\u0101da mar\u0137\u0113jamo laukumu<\/td>\n<\/tr>\n<tr>\n<td>Uzst\u0101d\u012b\u0161ana:<\/td>\n<td>standarta fokusa noteik\u0161ana (\u013cauj fok\u0101l\u0101s plaknes novieto\u0161anu uz mar\u0137\u0113jamas virsmas)<\/td>\n<\/tr>\n<tr>\n<td>Apr\u012bkots ar:<\/td>\n<td>e-SolarMark FL2 vai FL3 vai FL5 ar CU0 vad\u012bbas bloku<\/td>\n<\/tr>\n<tr>\n<td>Konfigur\u0101cija:<\/td>\n<td>nepiecie\u0161ama datora oper\u0113t\u0101jsist\u0113ma (e-SolarMark darbojas k\u0101 t\u012bkla printeris)<\/td>\n<\/tr>\n<\/tbody>\n<\/table>\n","protected":false},"excerpt":{"rendered":"<p>\u2022 R\u016bpnieciskais risin\u0101jums darbvirsmas konfigur\u0101cij\u0101;<br \/>\n\u2022 Var tikt apr\u012bkots ar e-SolarMark FL 2\/3\/5 sist\u0113m\u0101m.<\/p>\n","protected":false},"featured_media":544,"template":"","meta":[],"_links":{"self":[{"href":"http:\/\/opesbaltic.lv\/lv\/wp-json\/wp\/v2\/product\/1262"}],"collection":[{"href":"http:\/\/opesbaltic.lv\/lv\/wp-json\/wp\/v2\/product"}],"about":[{"href":"http:\/\/opesbaltic.lv\/lv\/wp-json\/wp\/v2\/types\/product"}],"wp:featuredmedia":[{"embeddable":true,"href":"http:\/\/opesbaltic.lv\/lv\/wp-json\/wp\/v2\/media\/544"}],"wp:attachment":[{"href":"http:\/\/opesbaltic.lv\/lv\/wp-json\/wp\/v2\/media?parent=1262"}],"curies":[{"name":"wp","href":"https:\/\/api.w.org\/{rel}","templated":true}]}}