{"id":1256,"date":"2017-10-17T21:00:25","date_gmt":"2017-10-17T18:00:25","guid":{"rendered":"http:\/\/opesbaltic.lv\/product\/workstation-pro-rotary\/"},"modified":"2018-01-24T16:37:12","modified_gmt":"2018-01-24T13:37:12","slug":"workstation-pro-rotary","status":"publish","type":"product","link":"http:\/\/opesbaltic.lv\/lv\/product\/workstation-pro-rotary\/","title":{"rendered":"Darbstacija PRO ROTARY"},"content":{"rendered":"<table>\n<tbody>\n<tr>\n<td>Z\u012bmes:<\/td>\n<td>Met\u0101li un plastmasas<\/td>\n<\/tr>\n<tr>\n<td>Pagrieziena galds:<\/td>\n<td>autom\u0101tiska divu poz\u012bciju<\/td>\n<\/tr>\n<tr>\n<td>Darba galda diametrs:<\/td>\n<td>560mm<\/td>\n<\/tr>\n<tr>\n<td>Darba plat\u012bba:<\/td>\n<td>200x300mm<\/td>\n<\/tr>\n<tr>\n<td>Pamatplate:<\/td>\n<td>T veida slots<\/td>\n<\/tr>\n<tr>\n<td>Z ass:<\/td>\n<td>autom\u0101tisk\u0101 regul\u0113\u0161ana: 130mm<\/td>\n<\/tr>\n<tr>\n<td>Mar\u0137\u0113\u0161anas lauks:<\/td>\n<td>70x70mm, 100x100mm vai 150x150mm<\/td>\n<\/tr>\n<tr>\n<td>L\u0101zera r\u0101d\u012bt\u0101js:<\/td>\n<td>Standarta, nor\u0101da mar\u0137\u0113jamo laukumu<\/td>\n<\/tr>\n<tr>\n<td>Uzst\u0101d\u012b\u0161ana:<\/td>\n<td>standarta fokusa noteik\u0161ana (\u013cauj fok\u0101l\u0101s plaknes novieto\u0161anu uz mar\u0137\u0113jamas virsmas)<\/td>\n<\/tr>\n<tr>\n<td>Apr\u012bkots ar:<\/td>\n<td>e-SolarMark FL2 vai FL3 vai FL5 ar CU0 vad\u012bbas bloku<\/td>\n<\/tr>\n<tr>\n<td>Konfigur\u0101cija:<\/td>\n<td>datora sist\u0113mas darb\u012bbai ir integr\u0113ta darbstacija (e-SolarMark darbojas k\u0101 t\u012bkla printeris)<\/td>\n<\/tr>\n<\/tbody>\n<\/table>\n","protected":false},"excerpt":{"rendered":"<p>R\u016bpniecisk\u0101 stand-alone darbstacija liela apjoma mar\u0137\u0113\u0161anai<\/p>\n<p>Apr\u012bkots ar:<br \/>\n\u2022 Autom\u0101tiskais divu poz\u012bciju rot\u0113jo\u0161ais galds;<br \/>\n\u2022 e-SolarMark FL sist\u0113mas.<\/p>\n","protected":false},"featured_media":550,"template":"","meta":[],"_links":{"self":[{"href":"http:\/\/opesbaltic.lv\/lv\/wp-json\/wp\/v2\/product\/1256"}],"collection":[{"href":"http:\/\/opesbaltic.lv\/lv\/wp-json\/wp\/v2\/product"}],"about":[{"href":"http:\/\/opesbaltic.lv\/lv\/wp-json\/wp\/v2\/types\/product"}],"wp:featuredmedia":[{"embeddable":true,"href":"http:\/\/opesbaltic.lv\/lv\/wp-json\/wp\/v2\/media\/550"}],"wp:attachment":[{"href":"http:\/\/opesbaltic.lv\/lv\/wp-json\/wp\/v2\/media?parent=1256"}],"curies":[{"name":"wp","href":"https:\/\/api.w.org\/{rel}","templated":true}]}}