{"id":1250,"date":"2017-10-17T21:01:51","date_gmt":"2017-10-17T18:01:51","guid":{"rendered":"http:\/\/opesbaltic.lv\/product\/workstation-pro2\/"},"modified":"2018-01-24T16:24:32","modified_gmt":"2018-01-24T13:24:32","slug":"workstation-pro2","status":"publish","type":"product","link":"http:\/\/opesbaltic.lv\/lv\/product\/workstation-pro2\/","title":{"rendered":"Darbstacija PRO2"},"content":{"rendered":"<table>\n<tbody>\n<tr>\n<td>Piek\u013cuves kamera:<\/td>\n<td>autom\u0101tiski vad\u012bta<\/td>\n<\/tr>\n<tr>\n<td>Darba platums:<\/td>\n<td>500x700mm<\/td>\n<\/tr>\n<tr>\n<td>Pamatplate:<\/td>\n<td>T veida slots<\/td>\n<\/tr>\n<tr>\n<td>Z ass:<\/td>\n<td>Autom\u0101tiska regul\u0113\u0161ana (l\u012bdz 400mm uz 100x100mm atz\u012bmes lauka un l\u012bdz 240mm 150x150mm atz\u012bm\u0113\u0161anas laukam un 35mm uz 300x300mm atz\u012bm\u0113\u0161anas lauku), ko kontrol\u0113 programmat\u016bra<\/td>\n<\/tr>\n<tr>\n<td>Mar\u0137\u0113\u0161anas lauks:<\/td>\n<td>100x100mm \/ 150x150mm \/ 300x300mm<\/td>\n<\/tr>\n<tr>\n<td>L\u0101zera r\u0101d\u012bt\u0101js:<\/td>\n<td>Standarta, nor\u0101da mar\u0137\u0113jamo laukumu<\/td>\n<\/tr>\n<tr>\n<td>Uzst\u0101d\u012b\u0161ana:<\/td>\n<td>standarta fokusa noteik\u0161ana (\u013cauj fok\u0101l\u0101s plaknes novieto\u0161anu uz mar\u0137\u0113jamas virsmas)<\/td>\n<\/tr>\n<tr>\n<td>Apr\u012bkots ar:<\/td>\n<td>e-SolarMark FL + &#8211; \u0161\u0137iedru l\u0101zeru sist\u0113m\u0101m 20W vai 30W vai 50W<\/td>\n<\/tr>\n<tr>\n<td>Konfigur\u0101cija:<\/td>\n<td>PC darb\u012bbai sist\u0113m\u0101 ir integr\u0113ta darbstacija<\/td>\n<\/tr>\n<\/tbody>\n<\/table>\n<p>&nbsp;<\/p>\n","protected":false},"excerpt":{"rendered":"<p>R\u016bpniecisk\u0101 patst\u0101v\u012bg\u0101 darba stacija, kas darbojas tikai ar e-SolarMark FL + sist\u0113m\u0101m.<\/p>\n<p>Apr\u012bkots ar:<br \/>\n\u2022 kamera, lai viegli novietotu izstr\u0101d\u0101jumus;<br \/>\n\u2022 Jaun\u0101k\u0101 labo\u0161anas \/ mar\u0137\u0113\u0161anas programmat\u016bra SolPad.<\/p>\n","protected":false},"featured_media":552,"template":"","meta":[],"_links":{"self":[{"href":"http:\/\/opesbaltic.lv\/lv\/wp-json\/wp\/v2\/product\/1250"}],"collection":[{"href":"http:\/\/opesbaltic.lv\/lv\/wp-json\/wp\/v2\/product"}],"about":[{"href":"http:\/\/opesbaltic.lv\/lv\/wp-json\/wp\/v2\/types\/product"}],"wp:featuredmedia":[{"embeddable":true,"href":"http:\/\/opesbaltic.lv\/lv\/wp-json\/wp\/v2\/media\/552"}],"wp:attachment":[{"href":"http:\/\/opesbaltic.lv\/lv\/wp-json\/wp\/v2\/media?parent=1250"}],"curies":[{"name":"wp","href":"https:\/\/api.w.org\/{rel}","templated":true}]}}