{"id":1204,"date":"2017-10-18T19:51:54","date_gmt":"2017-10-18T16:51:54","guid":{"rendered":"http:\/\/opesbaltic.lv\/product\/thermal-printheads\/"},"modified":"2018-01-24T14:05:24","modified_gmt":"2018-01-24T11:05:24","slug":"thermal-printheads","status":"publish","type":"product","link":"http:\/\/opesbaltic.lv\/lv\/product\/thermal-printheads\/","title":{"rendered":"Siltuma drukas galvi\u0146as"},"content":{"rendered":"<p><a class=\"et_pb_button et_pb_button_0 et_pb_module et_pb_bg_layout_light\" href=\"\/wp-content\/uploads\/catalogue\/Consumable\/ThermalPrintheads\/ThermalPrintheads_Catalogue.pdf\" target=\"_blank\" rel=\"noopener\">Katalogs<\/a><\/p>\n","protected":false},"excerpt":{"rendered":"<p>Term\u0101l\u0101s drukas galvi\u0146a, kas ir siltuma printera sirds, nodro\u0161ina, ka sildelementi koncentr\u0113jas vien\u0101 l\u012bnij\u0101, lai rad\u012btu siltumu, pieliekot tiem elektrisko str\u0101vu. Katra sild\u012b\u0161anas elementa siltuma \u0123ener\u0113\u0161anu var kontrol\u0113t, ievadot sign\u0101lu, kas atbilst m\u0113r\u0137a z\u012bm\u0113jumam, t\u0101d\u0113j\u0101di veidojot kr\u0101sas termoreakt\u012bv\u0101 pap\u012br\u0101 ar siltuma starp\u012bbu, ko izmanto, lai piestiprin\u0101tu tintes lentes ar pap\u012bra loksni. Burtus un att\u0113lus var izdruk\u0101t, sinhroniz\u0113jot \u0161o procesu ar atk\u0101rtotu pap\u012bra kust\u012bbu. Termiskajos printeros galvenok\u0101rt tiek izmantotas divu tipu drukas galvi\u0146as: tradicion\u0101l\u0101 plakan\u0101 galvi\u0146a un tuv\u0101ko malu tehnolo\u0123ija, kas da\u017ek\u0101rt tiek apz\u012bm\u0113ta k\u0101 st\u016bra malu vai patiesa mala. Apskat\u012bsim, kas tos at\u0161\u0137ir. Vienk\u0101r\u0161\u0101k sakot, galven\u0101 at\u0161\u0137ir\u012bba starp \u0161\u012bm div\u0101m drukas galvi\u0146u tehnolo\u0123ij\u0101m ir t\u0101, k\u0101 drukas galvi\u0146a faktiski saskaras ar lenti un apdruk\u0101jamo materi\u0101lu (eti\u0137ete, birkas uc). Ar plakano galvi\u0146u tehnolo\u0123iju drukas galvi\u0146a ir novietota pret lenti un apdruk\u0101jamo materi\u0101lu. Izmantojot \u0161o tehnolo\u0123iju, lente un apdruk\u0101jamais materi\u0101ls pirms to atdal\u012b\u0161anas atst\u0101j nelielu att\u0101lumu p\u0113c tam, kad tie atrodas zem drukas galvi\u0146as sild\u012b\u0161anas elementa (att\u0113ls A). Izmantojot tuv\u0101s malas tehnolo\u0123iju, drukas galvi\u0146a saskaras ar lenti un apdruk\u0101jamo materi\u0101lu. Ar\u012b sildelementi atrodas net\u0101lu no drukas galvi\u0146as malas, t\u0101p\u0113c lente un apdruk\u0101jamais materi\u0101ls tikai pirms neilgas atdal\u012b\u0161anas paliek kop\u0101.<br \/>\nM\u0113s p\u0101rdodam termisk\u0101s drukas galvi\u0146as visbie\u017e\u0101k izmantotajiem printeru z\u012bmoliem. P\u0113c tam, lai ori\u0123in\u0101l\u0101s OEM drukas galvas, mums ir sava drukas galvi\u0146u l\u012bnija. Laba cena un lieliska kvalit\u0101te!<br \/>\nAr standarta daudzumu, kas p\u0101rsniedz 5 000 drukas galvu, m\u0113s varam nos\u016bt\u012bt liel\u0101ko drukas galvi\u0146u pas\u016bt\u012bjumu taj\u0101 pa\u0161\u0101 dien\u0101!<\/p>\n","protected":false},"featured_media":657,"template":"","meta":[],"_links":{"self":[{"href":"http:\/\/opesbaltic.lv\/lv\/wp-json\/wp\/v2\/product\/1204"}],"collection":[{"href":"http:\/\/opesbaltic.lv\/lv\/wp-json\/wp\/v2\/product"}],"about":[{"href":"http:\/\/opesbaltic.lv\/lv\/wp-json\/wp\/v2\/types\/product"}],"wp:featuredmedia":[{"embeddable":true,"href":"http:\/\/opesbaltic.lv\/lv\/wp-json\/wp\/v2\/media\/657"}],"wp:attachment":[{"href":"http:\/\/opesbaltic.lv\/lv\/wp-json\/wp\/v2\/media?parent=1204"}],"curies":[{"name":"wp","href":"https:\/\/api.w.org\/{rel}","templated":true}]}}