{"id":1200,"date":"2017-10-18T19:59:49","date_gmt":"2017-10-18T16:59:49","guid":{"rendered":"http:\/\/opesbaltic.lv\/product\/wax-ribbons\/"},"modified":"2018-01-24T13:59:25","modified_gmt":"2018-01-24T10:59:25","slug":"wax-ribbons","status":"publish","type":"product","link":"http:\/\/opesbaltic.lv\/lv\/product\/wax-ribbons\/","title":{"rendered":"Vaska lentes"},"content":{"rendered":"<p><a class=\"et_pb_button et_pb_button_0 et_pb_module et_pb_bg_layout_light\" href=\"\/wp-content\/uploads\/catalogue\/Consumable\/RIBBONS\/ThermalTransferRibbons\/Flatheadrange\/WaxRibbons\/W4U100_Catalogue.pdf\" target=\"_blank\" rel=\"noopener\">W4U 100 &#8211; Economic Wax<\/a><br \/>\n<a class=\"et_pb_button et_pb_button_0 et_pb_module et_pb_bg_layout_light\" href=\"\/wp-content\/uploads\/catalogue\/Consumable\/RIBBONS\/ThermalTransferRibbons\/Flatheadrange\/WaxRibbons\/W4U120_Catalogue.pdf\" target=\"_blank\" rel=\"noopener\">W4U 120 &#8211; Super Premium Wax<\/a><\/p>\n<p>Premium vakss &#8211; Vid\u0113ja diapazona vasks, aptver 80% no visiem lietojumiem<br \/>\nEko vasks &#8211; standarta vasks, ekonomisks zemu cenu<br \/>\nVersa vasks &#8211; Augstas kvalit\u0101tes, ar sve\u0137iem uzlabots vasks<\/p>\n","protected":false},"excerpt":{"rendered":"<p>Vaska lentes ir ekonomisks druk\u0101\u0161anas veids. Nepiecie\u0161ama zema drukas ener\u0123ija. Galvenok\u0101rt izmanto t\u0101d\u0101s lietojumprogramm\u0101s k\u0101 mazumtirdzniec\u012bba, ku\u0123niec\u012bba un noliktavu pakalpojumi.<br \/>\nIeteicamais pap\u012brs, p\u0101rkl\u0101ts pap\u012brs, vellum un atsevi\u0161\u0137i sint\u0113tiskie pap\u012bri.<\/p>\n","protected":false},"featured_media":659,"template":"","meta":[],"_links":{"self":[{"href":"http:\/\/opesbaltic.lv\/lv\/wp-json\/wp\/v2\/product\/1200"}],"collection":[{"href":"http:\/\/opesbaltic.lv\/lv\/wp-json\/wp\/v2\/product"}],"about":[{"href":"http:\/\/opesbaltic.lv\/lv\/wp-json\/wp\/v2\/types\/product"}],"wp:featuredmedia":[{"embeddable":true,"href":"http:\/\/opesbaltic.lv\/lv\/wp-json\/wp\/v2\/media\/659"}],"wp:attachment":[{"href":"http:\/\/opesbaltic.lv\/lv\/wp-json\/wp\/v2\/media?parent=1200"}],"curies":[{"name":"wp","href":"https:\/\/api.w.org\/{rel}","templated":true}]}}