{"id":1195,"date":"2017-10-18T20:03:05","date_gmt":"2017-10-18T17:03:05","guid":{"rendered":"http:\/\/opesbaltic.lv\/product\/wax-resin-ribbons\/"},"modified":"2018-01-24T13:56:00","modified_gmt":"2018-01-24T10:56:00","slug":"wax-resin-ribbons","status":"publish","type":"product","link":"http:\/\/opesbaltic.lv\/lv\/product\/wax-resin-ribbons\/","title":{"rendered":"Vaska sve\u0137u lentes"},"content":{"rendered":"<p><a class=\"et_pb_button et_pb_button_0 et_pb_module et_pb_bg_layout_light\" href=\"\/wp-content\/uploads\/catalogue\/Consumable\/RIBBONS\/ThermalTransferRibbons\/Flatheadrange\/Wax-resinRibbons\/WR4U200_Catalogue.pdf\" target=\"_blank\" rel=\"noopener\">WR4U 200 &#8211; Premium Wax\/Resin<\/a><br \/>\n<a class=\"et_pb_button et_pb_button_0 et_pb_module et_pb_bg_layout_light\" href=\"\/wp-content\/uploads\/catalogue\/Consumable\/RIBBONS\/ThermalTransferRibbons\/Flatheadrange\/Wax-resinRibbons\/WR4U210_Catalogue.pdf\" target=\"_blank\" rel=\"noopener\">WR4U 210 &#8211; Economic Wax\/Resin<\/a><\/p>\n<p>TTR5 &#8211; Vid\u0113ja diapazona univers\u0101l\u0101 vaska sve\u0137u bez statiska<br \/>\nB110A &#8211; Augst\u0101k\u0101s klases vasks \/ sve\u0137i, iztur\u012bba pret skr\u0101p\u0113jumiem un iztur\u012bbu<br \/>\nTTR3 &#8211; visaugst\u0101k\u0101s klases vasks \/ sve\u0137i, iztur\u012bba pret skr\u0101p\u0113jumiem<\/p>\n","protected":false},"excerpt":{"rendered":"<p>Vaska-sve\u0137u lentes prasa drukas ener\u0123iju vid\u0113ji. Liel\u0101ka iztur\u012bba pret skr\u0101p\u0113jumiem un izme\u017e\u0123\u012bjumiem.<br \/>\nIzmanto t\u0101d\u0101s lietojumprogramm\u0101s k\u0101 Automotive, elast\u012bgais iepakojums, lo\u0123istika, mazumtirdzniec\u012bba, RFID ku\u0123niec\u012bbas izk\u0101rtnes.<br \/>\nIeteicams pap\u012brs un birkas, kas ir p\u0101rkl\u0101ti un nep\u0101rkl\u0101ti. Polietil\u0113ns, Polipropil\u0113ns, Tyvek\u00ae un daudzi citi.<\/p>\n","protected":false},"featured_media":659,"template":"","meta":[],"_links":{"self":[{"href":"http:\/\/opesbaltic.lv\/lv\/wp-json\/wp\/v2\/product\/1195"}],"collection":[{"href":"http:\/\/opesbaltic.lv\/lv\/wp-json\/wp\/v2\/product"}],"about":[{"href":"http:\/\/opesbaltic.lv\/lv\/wp-json\/wp\/v2\/types\/product"}],"wp:featuredmedia":[{"embeddable":true,"href":"http:\/\/opesbaltic.lv\/lv\/wp-json\/wp\/v2\/media\/659"}],"wp:attachment":[{"href":"http:\/\/opesbaltic.lv\/lv\/wp-json\/wp\/v2\/media?parent=1195"}],"curies":[{"name":"wp","href":"https:\/\/api.w.org\/{rel}","templated":true}]}}