{"id":1190,"date":"2017-10-18T20:06:29","date_gmt":"2017-10-18T17:06:29","guid":{"rendered":"http:\/\/opesbaltic.lv\/product\/resin-ribbons\/"},"modified":"2018-01-24T13:49:42","modified_gmt":"2018-01-24T10:49:42","slug":"resin-ribbons","status":"publish","type":"product","link":"http:\/\/opesbaltic.lv\/lv\/product\/resin-ribbons\/","title":{"rendered":"Sve\u0137u lentas"},"content":{"rendered":"<p><a class=\"et_pb_button et_pb_button_0 et_pb_module et_pb_bg_layout_light\" href=\"\/wp-content\/uploads\/catalogue\/Consumable\/RIBBONS\/ThermalTransferRibbons\/Flatheadrange\/Resinribbons\/R4U300_Catalogue.pdf\" target=\"_blank\" rel=\"noopener\">R4U 300 &#8211; Premium Resin<\/a><\/p>\n<p>Optima &#8211; univers\u0101la sve\u0137u kvalit\u0101te par izdev\u012bg\u0101m cen\u0101m<br \/>\nEndura &#8211; Augsta iztur\u012bba UL \/ CSA apstiprin\u0101ta kvalit\u0101te<br \/>\nGarmenta &#8211; Tekstilizstr\u0101d\u0101jumu sve\u0137u iztur\u012bba<br \/>\nD110A &#8211; Augst\u0101k\u0101s klases sve\u0137u audums, akmens mazg\u0101\u0161anas pretest\u012bba<\/p>\n","protected":false},"excerpt":{"rendered":"<p>Resin lentes prasa lielu druk\u0101\u0161anas ener\u0123iju.<br \/>\nLieliska iztur\u012bba.<br \/>\nLiela iztur\u012bba pret nodilumu, \u0137imik\u0101lij\u0101m, siltumu un tvaiku.<br \/>\nIeteicamie kr\u0101jumi Polietil\u0113ns, polipropil\u0113ns, vinila, poliesteris un citas augstas klases pl\u0113ves.<\/p>\n","protected":false},"featured_media":659,"template":"","meta":[],"_links":{"self":[{"href":"http:\/\/opesbaltic.lv\/lv\/wp-json\/wp\/v2\/product\/1190"}],"collection":[{"href":"http:\/\/opesbaltic.lv\/lv\/wp-json\/wp\/v2\/product"}],"about":[{"href":"http:\/\/opesbaltic.lv\/lv\/wp-json\/wp\/v2\/types\/product"}],"wp:featuredmedia":[{"embeddable":true,"href":"http:\/\/opesbaltic.lv\/lv\/wp-json\/wp\/v2\/media\/659"}],"wp:attachment":[{"href":"http:\/\/opesbaltic.lv\/lv\/wp-json\/wp\/v2\/media?parent=1190"}],"curies":[{"name":"wp","href":"https:\/\/api.w.org\/{rel}","templated":true}]}}