{"id":1184,"date":"2017-10-18T20:09:20","date_gmt":"2017-10-18T17:09:20","guid":{"rendered":"http:\/\/opesbaltic.lv\/product\/resin-for-textile-ribbons\/"},"modified":"2018-01-24T13:43:01","modified_gmt":"2018-01-24T10:43:01","slug":"resin-for-textile-ribbons","status":"publish","type":"product","link":"http:\/\/opesbaltic.lv\/lv\/product\/resin-for-textile-ribbons\/","title":{"rendered":"Sve\u0137u tekstilizstr\u0101d\u0101jumu lentes"},"content":{"rendered":"<p><a class=\"et_pb_button et_pb_button_0 et_pb_module et_pb_bg_layout_light\" href=\"\/wp-content\/uploads\/catalogue\/Consumable\/RIBBONS\/ThermalTransferRibbons\/Flatheadrange\/Resinfortextileribbons\/RT4U900_Catalogue.pdf\" target=\"_blank\" rel=\"noopener\">RT4U 900 &#8211; Premium Textile Resin<\/a><\/p>\n","protected":false},"excerpt":{"rendered":"<p>\u0160\u012bs Premium Textile Resin lentas ir speci\u0101li izstr\u0101d\u0101tas tekstilizstr\u0101d\u0101jumu mar\u0137\u0113juma poligr\u0101fijas tirgum. Iztur\u012bga druk\u0101\u0161anas att\u0113la iztur\u012bba pret \u016bdens mazg\u0101\u0161anu, \u0137\u012bmisko t\u012br\u012b\u0161anu, akmens mazg\u0101\u0161anu, \u0137\u012bmisko mazg\u0101\u0161anu un lab\u0101ku iztur\u012bbu pret gludin\u0101\u0161anu.<\/p>\n","protected":false},"featured_media":659,"template":"","meta":[],"_links":{"self":[{"href":"http:\/\/opesbaltic.lv\/lv\/wp-json\/wp\/v2\/product\/1184"}],"collection":[{"href":"http:\/\/opesbaltic.lv\/lv\/wp-json\/wp\/v2\/product"}],"about":[{"href":"http:\/\/opesbaltic.lv\/lv\/wp-json\/wp\/v2\/types\/product"}],"wp:featuredmedia":[{"embeddable":true,"href":"http:\/\/opesbaltic.lv\/lv\/wp-json\/wp\/v2\/media\/659"}],"wp:attachment":[{"href":"http:\/\/opesbaltic.lv\/lv\/wp-json\/wp\/v2\/media?parent=1184"}],"curies":[{"name":"wp","href":"https:\/\/api.w.org\/{rel}","templated":true}]}}