{"id":1178,"date":"2017-10-19T18:23:30","date_gmt":"2017-10-19T15:23:30","guid":{"rendered":"http:\/\/opesbaltic.lv\/product\/cat-2\/"},"modified":"2018-01-24T12:32:21","modified_gmt":"2018-01-24T09:32:21","slug":"cat-2","status":"publish","type":"product","link":"http:\/\/opesbaltic.lv\/lv\/product\/cat-2\/","title":{"rendered":"CAT-2"},"content":{"rendered":"<table>\n<tbody>\n<tr>\n<th>Maksim\u0101lais eti\u0137etes platums<\/th>\n<td>155mm \u2013 255mm Versija CAT-2-10<\/td>\n<\/tr>\n<tr>\n<th>Maksim\u0101lais ru\u013c\u013ca diametrs<\/th>\n<td>300mm<\/td>\n<\/tr>\n<tr>\n<th>Elektr\u012bbas pat\u0113ri\u0146\u0161<\/th>\n<td>350W<\/td>\n<\/tr>\n<tr>\n<th>Maksim\u0101lais \u0101trums<\/th>\n<td>250mm\/sec.<\/td>\n<\/tr>\n<\/tbody>\n<\/table>\n","protected":false},"excerpt":{"rendered":"<p>Lielas noslodzes past\u0101v\u012bg\u0101 regul\u0113jam\u0101 grie\u0161an\u0101s (&#8220;CAT&#8221;) tehnolo\u0123ija ir padar\u012bjusi klusu, viegli lietojamu CAT-2 &#8220;Industry Standard&#8221; eti\u0137etes p\u0101rtin\u0113ju.<br \/>\nNav ne\u0113rtas trauc\u0113jo\u0161as jostas vai saj\u016bgi. CAT-2 rokturi ar eti\u0137et\u0113m l\u012bdz 155 mm (6 collas) plata un noved\u012bs eti\u0137e\u0161u ru\u013c\u013cu l\u012bdz 300 mm (12 collu) diametram.<br \/>\nGriezes moments un virziens ir piln\u012bb\u0101 kontrol\u0113jami no vad\u012bbas pane\u013ca.<\/p>\n","protected":false},"featured_media":594,"template":"","meta":[],"_links":{"self":[{"href":"http:\/\/opesbaltic.lv\/lv\/wp-json\/wp\/v2\/product\/1178"}],"collection":[{"href":"http:\/\/opesbaltic.lv\/lv\/wp-json\/wp\/v2\/product"}],"about":[{"href":"http:\/\/opesbaltic.lv\/lv\/wp-json\/wp\/v2\/types\/product"}],"wp:featuredmedia":[{"embeddable":true,"href":"http:\/\/opesbaltic.lv\/lv\/wp-json\/wp\/v2\/media\/594"}],"wp:attachment":[{"href":"http:\/\/opesbaltic.lv\/lv\/wp-json\/wp\/v2\/media?parent=1178"}],"curies":[{"name":"wp","href":"https:\/\/api.w.org\/{rel}","templated":true}]}}