{"id":1172,"date":"2017-10-19T18:24:31","date_gmt":"2017-10-19T15:24:31","guid":{"rendered":"http:\/\/opesbaltic.lv\/product\/mc-11\/"},"modified":"2018-01-24T12:27:15","modified_gmt":"2018-01-24T09:27:15","slug":"mc-11","status":"publish","type":"product","link":"http:\/\/opesbaltic.lv\/lv\/product\/mc-11\/","title":{"rendered":"MC-11"},"content":{"rendered":"<table>\n<tbody>\n<tr>\n<th>Maksim\u0101lais eti\u0137etes platums<\/th>\n<td>115mm<\/td>\n<\/tr>\n<tr>\n<th>Maksim\u0101lais ru\u013c\u013ca diametrs<\/th>\n<td>220mm<\/td>\n<\/tr>\n<tr>\n<th>Maksim\u0101lais \u0101trums<\/th>\n<td>250mm\/sek<\/td>\n<\/tr>\n<\/tbody>\n<\/table>\n","protected":false},"excerpt":{"rendered":"<p>MC-11 ietver prec\u012bzi izstr\u0101d\u0101tu regul\u0113jamu kodola tur\u0113t\u0101ju, kas piel\u0101go sekund\u0113s, lai pie\u0146emtu jebkuru serde\u0146a diametru no 25 l\u012bdz 101 mm (1 &#8220;l\u012bdz 4&#8221;).<br \/>\nIzmantojot Constant Adjustable Torque \u2122 (&#8220;CAT&#8221;) tehnolo\u0123iju, t\u0101 nodro\u0161ina iespaid\u012bgu un uzticamu veiktsp\u0113ju bezprecedenta zem\u0101m cen\u0101m. Speci\u0101ls motors, kas \u012bpa\u0161i izstr\u0101d\u0101ts MINI-CAT, pied\u0101v\u0101 divvirzienu darb\u012bbu un bez trauc\u0113jumiem.<br \/>\nNeviena ne\u0113rt\u0101 trauc\u0113jo\u0161\u0101 jostas vai saj\u016bgi netiek izmantoti, un \u0101truma regul\u0113\u0161ana nav nepiecie\u0161ama. J\u016bsu MINI-CAT autom\u0101tiski piel\u0101go jebkuru printera \u0101trumu l\u012bdz 25 cm \/ s (10-ips), un pat \u013cauj autom\u0101tiski atgriezt eti\u0137eti, ja printeris to pieprasa.<\/p>\n","protected":false},"featured_media":596,"template":"","meta":[],"_links":{"self":[{"href":"http:\/\/opesbaltic.lv\/lv\/wp-json\/wp\/v2\/product\/1172"}],"collection":[{"href":"http:\/\/opesbaltic.lv\/lv\/wp-json\/wp\/v2\/product"}],"about":[{"href":"http:\/\/opesbaltic.lv\/lv\/wp-json\/wp\/v2\/types\/product"}],"wp:featuredmedia":[{"embeddable":true,"href":"http:\/\/opesbaltic.lv\/lv\/wp-json\/wp\/v2\/media\/596"}],"wp:attachment":[{"href":"http:\/\/opesbaltic.lv\/lv\/wp-json\/wp\/v2\/media?parent=1172"}],"curies":[{"name":"wp","href":"https:\/\/api.w.org\/{rel}","templated":true}]}}