{"id":1166,"date":"2017-10-19T18:25:17","date_gmt":"2017-10-19T15:25:17","guid":{"rendered":"http:\/\/opesbaltic.lv\/product\/ld-100-rs\/"},"modified":"2018-01-24T12:07:50","modified_gmt":"2018-01-24T09:07:50","slug":"ld-100-rs","status":"publish","type":"product","link":"http:\/\/opesbaltic.lv\/lv\/product\/ld-100-rs\/","title":{"rendered":"LD-100-RS"},"content":{"rendered":"<table>\n<tbody>\n<tr>\n<th>Maksim\u0101lais eti\u0137etes platums<\/th>\n<td>115mm &#8211; 165mm Versija LD-200<\/td>\n<\/tr>\n<tr>\n<th>Maksim\u0101lais eti\u0137etes garums<\/th>\n<td>no 6mm l\u012bdz 150mm<\/td>\n<\/tr>\n<tr>\n<th>Maksim\u0101lais ru\u013c\u013ca diametrs<\/th>\n<td>220 mm<\/td>\n<\/tr>\n<tr>\n<th>Maksim\u0101lais \u0101trums<\/th>\n<td>110mm\/sek<\/td>\n<\/tr>\n<\/tbody>\n<\/table>\n","protected":false},"excerpt":{"rendered":"<p>LD-100-RS eti\u0137e\u0161u izsmidzin\u0101t\u0101js uzlabo jaun\u0101ko tehniku ar jaun\u0101m \u0113rt\u012bb\u0101m un iztur\u012bbu. Izmantojot jaun\u0101k\u0101s optoelektronisk\u0101s tehnolo\u0123ijas, ir tikai viena vienk\u0101r\u0161a korekcija eti\u0137etes garumam. \u012apa\u0161s atstaro\u0161anas sensors atrodas zem eti\u0137etes un dro\u0161i un prec\u012bzi uztver j\u016bsu eti\u0137etes priek\u0161\u0113jo malu. Kad j\u016bs uz\u0146emat eti\u0137eti, n\u0101kamais tiek autom\u0101tiski un uzreiz uzlabots.<br \/>\nModernais dizains pied\u0101v\u0101 eti\u0137eti tie\u0161i ma\u0161\u012bnas priek\u0161pus\u0113, nodro\u0161inot optim\u0101lu \u0113rt\u012bbas gan kreisajiem, gan lab\u0113jiem operatoriem. &#8220;HIGH-LOW&#8221; \u0101truma p\u0101rsl\u0113gs \u013cauj piel\u0101got eti\u0137etes garumu vai operatora preferenci. Meh\u0101nisk\u0101s poz\u012bcijas sl\u0113d\u017ei nav, lai rad\u012btu piel\u0101gojumus vai darb\u012bbas probl\u0113mas.<br \/>\nLieljaudas izstr\u0101d\u0101jumu dizains atrad\u012bsies vispras\u012bg\u0101kaj\u0101 vid\u0113.<\/p>\n","protected":false},"featured_media":595,"template":"","meta":[],"_links":{"self":[{"href":"http:\/\/opesbaltic.lv\/lv\/wp-json\/wp\/v2\/product\/1166"}],"collection":[{"href":"http:\/\/opesbaltic.lv\/lv\/wp-json\/wp\/v2\/product"}],"about":[{"href":"http:\/\/opesbaltic.lv\/lv\/wp-json\/wp\/v2\/types\/product"}],"wp:featuredmedia":[{"embeddable":true,"href":"http:\/\/opesbaltic.lv\/lv\/wp-json\/wp\/v2\/media\/595"}],"wp:attachment":[{"href":"http:\/\/opesbaltic.lv\/lv\/wp-json\/wp\/v2\/media?parent=1166"}],"curies":[{"name":"wp","href":"https:\/\/api.w.org\/{rel}","templated":true}]}}