{"id":1160,"date":"2017-10-19T18:39:05","date_gmt":"2017-10-19T15:39:05","guid":{"rendered":"http:\/\/opesbaltic.lv\/product\/near-edge-range\/"},"modified":"2018-01-24T12:00:38","modified_gmt":"2018-01-24T09:00:38","slug":"near-edge-range","status":"publish","type":"product","link":"http:\/\/opesbaltic.lv\/lv\/product\/near-edge-range\/","title":{"rendered":"Blakus malu diapazons"},"content":{"rendered":"<p><a class=\"et_pb_button et_pb_button_0 et_pb_module et_pb_bg_layout_light\" href=\"\/wp-content\/uploads\/catalogue\/Consumable\/RIBBONS\/ThermalTransferRibbons\/Nearedgerange\/R4U600NE_Catalogue.pdf\" target=\"_blank\" rel=\"noopener\">WR4U 600 NE &#8211; High Speed Wax Resin<\/a><br \/>\n<a class=\"et_pb_button et_pb_button_0 et_pb_module et_pb_bg_layout_light\" href=\"\/wp-content\/uploads\/catalogue\/Consumable\/RIBBONS\/ThermalTransferRibbons\/Nearedgerange\/R4U610NE_Catalogue.pdf\" target=\"_blank\" rel=\"noopener\">WR4U 610 NE &#8211; Near Edge Wax Resin<\/a><br \/>\n<a class=\"et_pb_button et_pb_button_0 et_pb_module et_pb_bg_layout_light\" href=\"\/wp-content\/uploads\/catalogue\/Consumable\/RIBBONS\/ThermalTransferRibbons\/Nearedgerange\/WR4U400NE_Catalogue.pdf\" target=\"_blank\" rel=\"noopener\">R4U 400 NE &#8211; High Speed Resin<\/a><br \/>\n<a class=\"et_pb_button et_pb_button_0 et_pb_module et_pb_bg_layout_light\" href=\"\/wp-content\/uploads\/catalogue\/Consumable\/RIBBONS\/ThermalTransferRibbons\/Nearedgerange\/WR4U410NE_Catalogue.pdf\" target=\"_blank\" rel=\"noopener\">R4U 410 NE &#8211; Standard Resin<\/a><\/p>\n<p>Performa &#8211; standarta vaska sve\u0137i, ekonomiska l\u0113ta lente ar \u0101trumu l\u012bdz 16 IPS<br \/>\nOmega &#8211; Univers\u0101la vaska sve\u0137u ar\u012b piem\u0113rota Inline Packaging \u0101trai l\u012bdz 16 IPS<br \/>\nCarat &#8211; Iztur\u012bga vaska sve\u0137u ar\u012b piem\u0113rota Inline Packaging \u0101trumam l\u012bdz 24 IPS<\/p>\n","protected":false},"excerpt":{"rendered":"<p>Blakus malu printeri galvenok\u0101rt tiek izmantoti \u0101trgaitas lietojumprogramm\u0101m. \u0160iem printeriem ir pieejamas da\u017e\u0101das lentas.<br \/>\nKop\u0113jie z\u012bmoli ir Toshiba Tec, Avery, Markem, Videojet, Zodiac, Open Date un citi.<br \/>\n\u0160os printerus bie\u017ei izmanto k\u0101 tie\u0161u druk\u0101\u0161anu, bet ar\u012b piem\u0113rotas eti\u0137etes druk\u0101\u0161anai.<\/p>\n","protected":false},"featured_media":659,"template":"","meta":[],"_links":{"self":[{"href":"http:\/\/opesbaltic.lv\/lv\/wp-json\/wp\/v2\/product\/1160"}],"collection":[{"href":"http:\/\/opesbaltic.lv\/lv\/wp-json\/wp\/v2\/product"}],"about":[{"href":"http:\/\/opesbaltic.lv\/lv\/wp-json\/wp\/v2\/types\/product"}],"wp:featuredmedia":[{"embeddable":true,"href":"http:\/\/opesbaltic.lv\/lv\/wp-json\/wp\/v2\/media\/659"}],"wp:attachment":[{"href":"http:\/\/opesbaltic.lv\/lv\/wp-json\/wp\/v2\/media?parent=1160"}],"curies":[{"name":"wp","href":"https:\/\/api.w.org\/{rel}","templated":true}]}}