{"id":1154,"date":"2017-10-19T18:43:50","date_gmt":"2017-10-19T15:43:50","guid":{"rendered":"http:\/\/opesbaltic.lv\/product\/wax-ribbons-2\/"},"modified":"2018-01-23T16:54:19","modified_gmt":"2018-01-23T13:54:19","slug":"wax-ribbons-2","status":"publish","type":"product","link":"http:\/\/opesbaltic.lv\/lv\/product\/wax-ribbons-2\/","title":{"rendered":"Vaska lentas"},"content":{"rendered":"<p><a class=\"et_pb_button et_pb_button_0 et_pb_module et_pb_bg_layout_light\" href=\"\/wp-content\/uploads\/catalogue\/Consumable\/RIBBONS\/4Uribbons\/Flathead\/Waxribbons\/W4U100_Catalogue.pdf\" target=\"_blank\" rel=\"noopener\">W4U 100 &#8211; Economic Wax<\/a><br \/>\n<a class=\"et_pb_button et_pb_button_0 et_pb_module et_pb_bg_layout_light\" href=\"\/wp-content\/uploads\/catalogue\/Consumable\/RIBBONS\/4Uribbons\/Flathead\/Waxribbons\/W4U120_Catalogue.pdf\" target=\"_blank\" rel=\"noopener\">W4U 120 &#8211; Super Premium Wax<\/a><\/p>\n","protected":false},"excerpt":{"rendered":"<p>Vaska lentas ir ekonomisks druk\u0101\u0161anas veids. Nepiecie\u0161ama zema drukas ener\u0123ija. Galvenok\u0101rt tiek izmantotas t\u0101d\u0101s lietojumprogramm\u0101s k\u0101 mazumtirdzniec\u012bba, ku\u0123niec\u012bba un noliktava. Ieteicamais pap\u012brs, p\u0101rkl\u0101ts un nep\u0101rkl\u0101ts pap\u012brs, vellum un atsevi\u0161\u0137i sint\u0113tiskie pap\u012bri.<\/p>\n","protected":false},"featured_media":660,"template":"","meta":[],"_links":{"self":[{"href":"http:\/\/opesbaltic.lv\/lv\/wp-json\/wp\/v2\/product\/1154"}],"collection":[{"href":"http:\/\/opesbaltic.lv\/lv\/wp-json\/wp\/v2\/product"}],"about":[{"href":"http:\/\/opesbaltic.lv\/lv\/wp-json\/wp\/v2\/types\/product"}],"wp:featuredmedia":[{"embeddable":true,"href":"http:\/\/opesbaltic.lv\/lv\/wp-json\/wp\/v2\/media\/660"}],"wp:attachment":[{"href":"http:\/\/opesbaltic.lv\/lv\/wp-json\/wp\/v2\/media?parent=1154"}],"curies":[{"name":"wp","href":"https:\/\/api.w.org\/{rel}","templated":true}]}}