{"id":1148,"date":"2017-10-19T18:46:08","date_gmt":"2017-10-19T15:46:08","guid":{"rendered":"http:\/\/opesbaltic.lv\/product\/waxresin-ribbons\/"},"modified":"2018-01-23T16:40:34","modified_gmt":"2018-01-23T13:40:34","slug":"waxresin-ribbons","status":"publish","type":"product","link":"http:\/\/opesbaltic.lv\/lv\/product\/waxresin-ribbons\/","title":{"rendered":"Wax \/ Resin lentes"},"content":{"rendered":"<p><a class=\"et_pb_button et_pb_button_0 et_pb_module et_pb_bg_layout_light\" href=\"\/wp-content\/uploads\/catalogue\/Consumable\/RIBBONS\/4Uribbons\/Flathead\/Wax_Resinribbons\/WR4U200_Catalogue.pdf\" target=\"_blank\" rel=\"noopener\">WR4U 200 &#8211; Premium Wax\/Resin<\/a><br \/>\n<a class=\"et_pb_button et_pb_button_0 et_pb_module et_pb_bg_layout_light\" href=\"\/wp-content\/uploads\/catalogue\/Consumable\/RIBBONS\/4Uribbons\/Flathead\/Wax_Resinribbons\/WR4U210_Catalogue.pdf\" target=\"_blank\" rel=\"noopener\">WR4U 210 &#8211; Economic Wax\/Resin<\/a><\/p>\n","protected":false},"excerpt":{"rendered":"<p>Wax \/ Resin lent\u0113m nepiecie\u0161ama vid\u0113ja druk\u0101\u0161anas ener\u0123iju. Liel\u0101ka iztur\u012bba pret skr\u0101p\u0113jumiem un traipiem.<br \/>\nIzmanto t\u0101d\u0101s lietojumprogramm\u0101s k\u0101 automobi\u013cu r\u016bpniec\u012bba, elast\u012bgs iepakojums, lo\u0123istika, mazumtirdzniec\u012bba, RFID pieg\u0101des izk\u0101rtnes.<br \/>\nIeteicams pap\u012brs un birkas, kas ir p\u0101rkl\u0101ti un nep\u0101rkl\u0101ti. Polietil\u0113ns, polipropil\u0113ns, Tyvek\u00ae un daudzi citi.<\/p>\n","protected":false},"featured_media":660,"template":"","meta":[],"_links":{"self":[{"href":"http:\/\/opesbaltic.lv\/lv\/wp-json\/wp\/v2\/product\/1148"}],"collection":[{"href":"http:\/\/opesbaltic.lv\/lv\/wp-json\/wp\/v2\/product"}],"about":[{"href":"http:\/\/opesbaltic.lv\/lv\/wp-json\/wp\/v2\/types\/product"}],"wp:featuredmedia":[{"embeddable":true,"href":"http:\/\/opesbaltic.lv\/lv\/wp-json\/wp\/v2\/media\/660"}],"wp:attachment":[{"href":"http:\/\/opesbaltic.lv\/lv\/wp-json\/wp\/v2\/media?parent=1148"}],"curies":[{"name":"wp","href":"https:\/\/api.w.org\/{rel}","templated":true}]}}