{"id":1143,"date":"2017-10-19T18:48:18","date_gmt":"2017-10-19T15:48:18","guid":{"rendered":"http:\/\/opesbaltic.lv\/product\/resin-ribbons-2\/"},"modified":"2018-01-23T16:36:17","modified_gmt":"2018-01-23T13:36:17","slug":"resin-ribbons-2","status":"publish","type":"product","link":"http:\/\/opesbaltic.lv\/lv\/product\/resin-ribbons-2\/","title":{"rendered":"Resin lentes"},"content":{"rendered":"<p><a class=\"et_pb_button et_pb_button_0 et_pb_module et_pb_bg_layout_light\" href=\"\/wp-content\/uploads\/catalogue\/Consumable\/RIBBONS\/4Uribbons\/Flathead\/Resinribbons\/R4U300_Catalogue.pdf\" target=\"_blank\" rel=\"noopener\">R4U 300 &#8211; Premium Resin<\/a><\/p>\n","protected":false},"excerpt":{"rendered":"<p>Resin lentes prasa lielu druk\u0101\u0161anas ener\u0123iju. Lieliska iztur\u012bba. Liela iztur\u012bba pret nodilumu, \u0137imik\u0101lij\u0101m, siltumu un tvaiku. Ieteicamie kr\u0101jumi polietil\u0113ns, polipropil\u0113ns, vinils, poliesteris un citas augstas klases pl\u0113ves.<\/p>\n","protected":false},"featured_media":660,"template":"","meta":[],"_links":{"self":[{"href":"http:\/\/opesbaltic.lv\/lv\/wp-json\/wp\/v2\/product\/1143"}],"collection":[{"href":"http:\/\/opesbaltic.lv\/lv\/wp-json\/wp\/v2\/product"}],"about":[{"href":"http:\/\/opesbaltic.lv\/lv\/wp-json\/wp\/v2\/types\/product"}],"wp:featuredmedia":[{"embeddable":true,"href":"http:\/\/opesbaltic.lv\/lv\/wp-json\/wp\/v2\/media\/660"}],"wp:attachment":[{"href":"http:\/\/opesbaltic.lv\/lv\/wp-json\/wp\/v2\/media?parent=1143"}],"curies":[{"name":"wp","href":"https:\/\/api.w.org\/{rel}","templated":true}]}}