{"id":1138,"date":"2017-10-19T18:50:20","date_gmt":"2017-10-19T15:50:20","guid":{"rendered":"http:\/\/opesbaltic.lv\/product\/resin-for-textile-ribbons-2\/"},"modified":"2018-01-23T16:31:51","modified_gmt":"2018-01-23T13:31:51","slug":"resin-for-textile-ribbons-2","status":"publish","type":"product","link":"http:\/\/opesbaltic.lv\/lv\/product\/resin-for-textile-ribbons-2\/","title":{"rendered":"Tekstila lentes"},"content":{"rendered":"<p><a class=\"et_pb_button et_pb_button_0 et_pb_module et_pb_bg_layout_light\" href=\"\/wp-content\/uploads\/catalogue\/Consumable\/RIBBONS\/4Uribbons\/Flathead\/ResinforTextileribbons\/RT4U900_Catalogue.pdf\" target=\"_blank\" rel=\"noopener\">RT4U 900 &#8211; Premium Textile Resin<\/a><\/p>\n","protected":false},"excerpt":{"rendered":"<p>\u0160\u012bs Premium Textile Resin lentas ir speci\u0101li izstr\u0101d\u0101tas tekstila kop\u0161anas eti\u0137etes druk\u0101\u0161anas tirg\u016b. Iztur\u012bga druk\u0101\u0161anas att\u0113la iztur\u012bba pret \u016bdens mazg\u0101\u0161anu, \u0137\u012bmisko t\u012br\u012b\u0161anu, akmens mazg\u0101\u0161anu, \u0137\u012bmisko mazg\u0101\u0161anu un lab\u0101ku iztur\u012bbu pret gludin\u0101\u0161anu.<\/p>\n","protected":false},"featured_media":660,"template":"","meta":[],"_links":{"self":[{"href":"http:\/\/opesbaltic.lv\/lv\/wp-json\/wp\/v2\/product\/1138"}],"collection":[{"href":"http:\/\/opesbaltic.lv\/lv\/wp-json\/wp\/v2\/product"}],"about":[{"href":"http:\/\/opesbaltic.lv\/lv\/wp-json\/wp\/v2\/types\/product"}],"wp:featuredmedia":[{"embeddable":true,"href":"http:\/\/opesbaltic.lv\/lv\/wp-json\/wp\/v2\/media\/660"}],"wp:attachment":[{"href":"http:\/\/opesbaltic.lv\/lv\/wp-json\/wp\/v2\/media?parent=1138"}],"curies":[{"name":"wp","href":"https:\/\/api.w.org\/{rel}","templated":true}]}}