{"id":1132,"date":"2017-10-19T19:04:14","date_gmt":"2017-10-19T16:04:14","guid":{"rendered":"http:\/\/opesbaltic.lv\/product\/near-edge\/"},"modified":"2018-01-23T16:23:24","modified_gmt":"2018-01-23T13:23:24","slug":"near-edge","status":"publish","type":"product","link":"http:\/\/opesbaltic.lv\/lv\/product\/near-edge\/","title":{"rendered":"Blakus mala"},"content":{"rendered":"<p><a class=\"et_pb_button et_pb_button_0 et_pb_module et_pb_bg_layout_light\" href=\"\/wp-content\/uploads\/catalogue\/Consumable\/RIBBONS\/4Uribbons\/Nearedge\/WR4U400NE_Catalogue.pdf\" target=\"_blank\" rel=\"noopener\">WR4U 400 NE &#8211; High Speed Wax Resin<\/a><br \/>\n<a class=\"et_pb_button et_pb_button_0 et_pb_module et_pb_bg_layout_light\" href=\"\/wp-content\/uploads\/catalogue\/Consumable\/RIBBONS\/4Uribbons\/Nearedge\/WR4U410NE_Catalogue.pdf\" target=\"_blank\" rel=\"noopener\">WR4U 410 NE &#8211; Near Edge Wax Resin<\/a><br \/>\n<a class=\"et_pb_button et_pb_button_0 et_pb_module et_pb_bg_layout_light\" href=\"\/wp-content\/uploads\/catalogue\/Consumable\/RIBBONS\/4Uribbons\/Nearedge\/R4U600NE_Catalogue.pdf\" target=\"_blank\" rel=\"noopener\">R4U 600 NE &#8211; High Speed Resin<\/a><br \/>\n<a class=\"et_pb_button et_pb_button_0 et_pb_module et_pb_bg_layout_light\" href=\"\/wp-content\/uploads\/catalogue\/Consumable\/RIBBONS\/4Uribbons\/Nearedge\/R4U610NE_Catalogue.pdf\" target=\"_blank\" rel=\"noopener\">R4U 610 NE &#8211; Standard Resin<\/a><\/p>\n","protected":false},"excerpt":{"rendered":"<p>M\u016bsu tuv\u0101s malas lentas sast\u0101v no trim \u012bpa\u0161\u012bb\u0101m, kas \u012bpa\u0161i piem\u0113rotas \u0101trgaitas lietojumprogramm\u0101m, kas pieejamas vask\u0101 \/ sve\u0137os un sve\u0137os. \u0160os lentes bie\u017ei izmanto tie\u0161ai druk\u0101\u0161anai, bet ar\u012b piem\u0113rotas eti\u0137etes druk\u0101\u0161anai.<\/p>\n","protected":false},"featured_media":660,"template":"","meta":[],"_links":{"self":[{"href":"http:\/\/opesbaltic.lv\/lv\/wp-json\/wp\/v2\/product\/1132"}],"collection":[{"href":"http:\/\/opesbaltic.lv\/lv\/wp-json\/wp\/v2\/product"}],"about":[{"href":"http:\/\/opesbaltic.lv\/lv\/wp-json\/wp\/v2\/types\/product"}],"wp:featuredmedia":[{"embeddable":true,"href":"http:\/\/opesbaltic.lv\/lv\/wp-json\/wp\/v2\/media\/660"}],"wp:attachment":[{"href":"http:\/\/opesbaltic.lv\/lv\/wp-json\/wp\/v2\/media?parent=1132"}],"curies":[{"name":"wp","href":"https:\/\/api.w.org\/{rel}","templated":true}]}}