{"id":1128,"date":"2017-10-19T19:21:38","date_gmt":"2017-10-19T16:21:38","guid":{"rendered":"http:\/\/opesbaltic.lv\/product\/hot-cold-foil\/"},"modified":"2018-01-23T16:18:55","modified_gmt":"2018-01-23T13:18:55","slug":"hot-cold-foil","status":"publish","type":"product","link":"http:\/\/opesbaltic.lv\/lv\/product\/hot-cold-foil\/","title":{"rendered":"Karst\u0101 un aukst\u0101 folija"},"content":{"rendered":"","protected":false},"excerpt":{"rendered":"<p>Grafikas nozar\u0113, eti\u0137etes p\u0101rveidot\u0101jos, k\u0101 ar\u012b plastmasas form\u0113\u0161anas \/ medic\u012bniskos lietojumos m\u0113s pied\u0101v\u0101jam met\u0101lisku, pigment\u0113tu un hologr\u0101fisku karst\u0101s \u0161tanc\u0113\u0161anas foliju.<br \/>\nAukst\u0101 folij\u0101 m\u0113s pied\u0101v\u0101jam jums met\u0101lisks sp\u012bd\u012bgi sudrabs un vair\u0101kos zelta to\u0146os, abi lieliski p\u0101rrakst\u0101mi.<\/p>\n","protected":false},"featured_media":661,"template":"","meta":[],"_links":{"self":[{"href":"http:\/\/opesbaltic.lv\/lv\/wp-json\/wp\/v2\/product\/1128"}],"collection":[{"href":"http:\/\/opesbaltic.lv\/lv\/wp-json\/wp\/v2\/product"}],"about":[{"href":"http:\/\/opesbaltic.lv\/lv\/wp-json\/wp\/v2\/types\/product"}],"wp:featuredmedia":[{"embeddable":true,"href":"http:\/\/opesbaltic.lv\/lv\/wp-json\/wp\/v2\/media\/661"}],"wp:attachment":[{"href":"http:\/\/opesbaltic.lv\/lv\/wp-json\/wp\/v2\/media?parent=1128"}],"curies":[{"name":"wp","href":"https:\/\/api.w.org\/{rel}","templated":true}]}}