{"id":1122,"date":"2017-10-19T19:25:48","date_gmt":"2017-10-19T16:25:48","guid":{"rendered":"http:\/\/opesbaltic.lv\/product\/cij-ink\/"},"modified":"2018-01-23T16:06:10","modified_gmt":"2018-01-23T13:06:10","slug":"cij-ink","status":"publish","type":"product","link":"http:\/\/opesbaltic.lv\/lv\/product\/cij-ink\/","title":{"rendered":"CIJ tinte"},"content":{"rendered":"<p><a class=\"et_pb_button et_pb_button_0 et_pb_module et_pb_bg_layout_light\" href=\"\/wp-content\/uploads\/catalogue\/Consumable\/Ink\/CIJInk\/CIJInk_Catalogue.pdf\" target=\"_blank\" rel=\"noopener\">Catalogue<\/a><\/p>\n<table>\n<tbody>\n<tr style=\"background: #E6E6E6;\">\n<th>Tinte<\/th>\n<th width=\"30\">Kr\u0101sa<\/th>\n<th>Kapacit\u0101te<\/th>\n<th>\u0160\u0137\u012bdin\u0101t\u0101ja veids<\/th>\n<th>Sader\u012bgi mode\u013ci * 1<\/th>\n<th width=\"200\">Pielieto\u0161anas piem\u0113rs<\/th>\n<th>Atbilsto\u0161ais \u0161\u0137\u012bdin\u0101t\u0101js<\/th>\n<th class=\"last_th\">Pigments \u00b7 Kr\u0101sviela<\/th>\n<\/tr>\n<tr class=\"odd\">\n<td>CN1Black<\/td>\n<td width=\"30\">Melna<\/td>\n<td>500ml<\/td>\n<td>MEK<\/td>\n<td><u>CCS3000<br \/>\nCCS-R<br \/>\nCCS3000L<br \/>\nCCS3100-D<\/u><\/td>\n<td width=\"200\">Univers\u0101la meln\u0101 tinte.<br \/>\nViegla \u0161\u0137\u012bdin\u0101t\u0101ja b\u0101ze.<\/td>\n<td>CN1-Y<\/td>\n<td class=\"last_th\">Kr\u0101sviela<\/td>\n<\/tr>\n<tr class=\"even\">\n<td>CN1Red<\/td>\n<td width=\"30\">Saarkana<\/td>\n<td>500ml<\/td>\n<td>MEK<\/td>\n<td><u>CCS3000-D<br \/>\nCCS-R<br \/>\nCCS3000L-D<br \/>\nCCS3100-D<\/u><\/td>\n<td width=\"200\">Univers\u0101la sarkan\u0101 tinte.<br \/>\nViegla \u0161\u0137\u012bdin\u0101t\u0101ja b\u0101ze.<\/td>\n<td>CN1-Y<\/td>\n<td class=\"last_th\">Kr\u0101sviela<\/td>\n<\/tr>\n<tr class=\"odd\">\n<td>CN7Red<\/td>\n<td width=\"30\">Sarkana<\/td>\n<td>500ml<\/td>\n<td>Etanols<\/td>\n<td><u>CCS3000-D<br \/>\nCCS-R<\/u><\/td>\n<td width=\"200\">Jap\u0101\u0146u ierobe\u017eota \u0113dam\u0101 tinte. Tas sast\u0101v tikai no p\u0101rtikas piedev\u0101m, ko apstiprin\u0101jusi Vesel\u012bbas, darba un labkl\u0101j\u012bbas ministrija.<\/td>\n<td>CN7-Y<\/td>\n<td class=\"last_th\">Kr\u0101sviela<\/td>\n<\/tr>\n<tr class=\"even\">\n<td>CN9 Fluorescence<\/td>\n<td width=\"30\">Fluresc\u0113jo\u0161a<\/td>\n<td>500ml<\/td>\n<td>MEK<\/td>\n<td><u>CCS3000-D<br \/>\nCCS-R<br \/>\nCCS3000L-D<br \/>\nCCS3100-D<\/u><\/td>\n<td width=\"200\">Parasti t\u0101 ir bezkr\u0101saina un caursp\u012bd\u012bga, bet zil\u0101 kr\u0101s mirdz meln\u0101 gaism\u0101.<\/td>\n<td>CN9-Y<\/td>\n<td class=\"last_th\">Kr\u0101sviela<\/td>\n<\/tr>\n<tr class=\"odd\">\n<td>CN11Black<br \/>\nCN101Black<\/td>\n<td width=\"30\">Melna<\/td>\n<td>500ml<\/td>\n<td>MEK<\/td>\n<td><u>CCS3000-D<br \/>\nCCS-R<br \/>\nCCS3000L-D<br \/>\nCCS3100-D<\/u><\/td>\n<td width=\"200\">Adhezivit\u0101te, pamatojoties uz CN1black (visp\u0101r\u0113j\u0101 tinte), palielina \u017e\u0101v\u0113\u0161anas \u0101trumu.<\/td>\n<td>CN101-Y<\/td>\n<td class=\"last_th\">Kr\u0101sviela<\/td>\n<\/tr>\n<tr class=\"even\">\n<td>CN12 Black<\/td>\n<td width=\"30\">Melna<\/td>\n<td>500ml<\/td>\n<td>MEK<\/td>\n<td><u>CCS3000-D<br \/>\nCCS-R<\/u><\/td>\n<td width=\"200\">Elektrisko vadu tinte (m\u012bkstais vinilhlor\u012bds). Maz ticams, ka var\u0113tu notikt asi\u0146o\u0161ana \/ p\u0101rs\u016bt\u012b\u0161ana.<\/td>\n<td>CN12-Y<\/td>\n<td class=\"last_th\">Kr\u0101sviela<\/td>\n<\/tr>\n<tr class=\"odd\">\n<td>CN103 Black<\/td>\n<td width=\"30\">Melna<\/td>\n<td>500ml<\/td>\n<td>MEK<\/td>\n<td><u>CCS3000-D<br \/>\nCCS-R<\/u><\/td>\n<td width=\"200\">Jums ir nepiecie\u0161ams noslauc\u012bt un iegremd\u0113t alkohol\u0101.<\/td>\n<td>CN103-Y<\/td>\n<td class=\"last_th\">Kr\u0101sviela<\/td>\n<\/tr>\n<tr class=\"even\">\n<td>CN104H Black<\/td>\n<td width=\"30\">Melna<\/td>\n<td>500ml<\/td>\n<td>MEK<\/td>\n<td><u>CCS3000-D<br \/>\nCCS-R<br \/>\nCCS3000L-D<br \/>\nCCS3100-D<\/u><\/td>\n<td width=\"200\">Retort tinti. T\u0101 nav nomazg\u0101jama pat tad, ja siltums steriliz\u0113jas pie 120 \u2103.<\/td>\n<td>CN104-Y<\/td>\n<td class=\"last_th\">Kr\u0101sviela<\/td>\n<\/tr>\n<tr class=\"odd\">\n<td>CN105SL Green<\/td>\n<td width=\"30\">Za\u013ca<\/td>\n<td>250ml<\/td>\n<td>\u016adens<\/td>\n<td><u>CCS3000-EG<\/u><\/td>\n<td width=\"200\">Olu tinte. Gan sarkanaj\u0101m, gan balt\u0101m bumb\u0101m ir laba redzam\u012bba. Tas sast\u0101v tikai no p\u0101rtikas piedev\u0101m, ko apstiprin\u0101jusi Vesel\u012bbas, darba un labkl\u0101j\u012bbas ministrija.<\/td>\n<td>\u306a\u3057<\/td>\n<td class=\"last_th\">Kr\u0101sviela<\/td>\n<\/tr>\n<tr class=\"even\">\n<td>CN300 Black<\/td>\n<td width=\"30\">Melna<\/td>\n<td>500ml<\/td>\n<td>MEK<\/td>\n<td><u>CCS3000-D<br \/>\nCCS-R<br \/>\nCCS3000L-D<br \/>\nCCS3100-D<\/u><\/td>\n<td width=\"200\">Laba sa\u0137ere ar PE (polietil\u0113ns).<br \/>\nTas ir daudz lip\u012bg\u0101ks nek\u0101 CN 505.<\/td>\n<td>CN300-Y<\/td>\n<td class=\"last_th\">Kr\u0101sviela<\/td>\n<\/tr>\n<tr class=\"odd\">\n<td>CN301Black<\/td>\n<td width=\"30\">Melna<\/td>\n<td>500ml<\/td>\n<td>MEK<\/td>\n<td><u>CCS3000-D<br \/>\nCCS-R<\/u><\/td>\n<td width=\"200\">Tintes ar uzlabotu e\u013c\u013cas iztur\u012bbu.<\/td>\n<td>CN301-Y<\/td>\n<td class=\"last_th\">Kr\u0101sviela<\/td>\n<\/tr>\n<tr class=\"even\">\n<td>CN302 Black<\/td>\n<td width=\"30\">Melna<\/td>\n<td>500ml<\/td>\n<td>MEK<\/td>\n<td><u>CCS3000-D<br \/>\nCCS-R<\/u><\/td>\n<td width=\"200\">Laba sa\u0137ere ar PE (polietil\u0113ns).<\/td>\n<td>CN302-Y<\/td>\n<td class=\"last_th\">Kr\u0101sviela<\/td>\n<\/tr>\n<tr class=\"odd\">\n<td>CN303 Black<\/td>\n<td width=\"30\">Melna<\/td>\n<td>500ml<\/td>\n<td>Etanols<\/td>\n<td><u>CCS3000-D<br \/>\nCCS-R<br \/>\nCCS3000L-D<br \/>\nCCS3100-D<\/u><\/td>\n<td width=\"200\">Etanola b\u0101zes tinte. Organisko \u0161\u0137\u012bdin\u0101t\u0101ju saind\u0113\u0161an\u0101s nov\u0113r\u0161anas regul\u0113jums nav piem\u0113rojams. CN1black etanola versija.<\/td>\n<td>CN303-Y<\/td>\n<td class=\"last_th\">Kr\u0101sviela<\/td>\n<\/tr>\n<tr class=\"even\">\n<td>CN306A Black<\/td>\n<td width=\"30\">Melna<\/td>\n<td>500ml<\/td>\n<td>MEK<\/td>\n<td><u>CCS3000-D<\/u><\/td>\n<td width=\"200\">Cepta met\u0101la tinte.<\/td>\n<td>CN306-Y<\/td>\n<td class=\"last_th\">Kr\u0101sviela<\/td>\n<\/tr>\n<tr class=\"odd\">\n<td>CN307A Black<\/td>\n<td width=\"30\">Melna<\/td>\n<td>500ml<\/td>\n<td>MEK<\/td>\n<td><u>CCS3000-D<br \/>\nCCS3000L-D<br \/>\nCCS3100-D<\/u><\/td>\n<td width=\"200\">Stikla tinte<\/td>\n<td>CN307-Y<\/td>\n<td class=\"last_th\">Kr\u0101sviela<\/td>\n<\/tr>\n<tr class=\"even\">\n<td>CN308 Fluorescence<\/td>\n<td width=\"30\">Fluresc\u0113jo\u0161a<\/td>\n<td>500ml<\/td>\n<td>MEK<\/td>\n<td><u>CCS3000L-D<br \/>\nCCS3100-D<\/u><\/td>\n<td width=\"200\">Fluresc\u0113jo\u0161a stikla tinte.<\/td>\n<td>CN308-Y<\/td>\n<td class=\"last_th\">Kr\u0101sviela<\/td>\n<\/tr>\n<tr class=\"odd\">\n<td>CN309 Black<\/td>\n<td width=\"30\">Melna<\/td>\n<td>500ml<\/td>\n<td>MEK<\/td>\n<td><u>CCS3000L-D<br \/>\nCCS3100-D<\/u><\/td>\n<td width=\"200\">Iztur\u012bga pret noslauc\u012b\u0161anos un iegremd\u0113\u0161anu ar alkoholu. Hlors bez broma, bez hroma.<\/td>\n<td>CN309-Y<\/td>\n<td class=\"last_th\">Kr\u0101sviela<\/td>\n<\/tr>\n<tr class=\"even\">\n<td>CN311Green<\/td>\n<td width=\"30\">Za\u013ca<\/td>\n<td>500ml<\/td>\n<td>\u016adens<\/td>\n<td><u>CCS3000-EG<\/u><\/td>\n<td width=\"200\">Olu tinte, FDA savietojama. CCS3000 olu ma\u0161\u012bna ir nepiecie\u0161ama.<\/td>\n<td>\u306a\u3057<\/td>\n<td class=\"last_th\">Kr\u0101sviela<\/td>\n<\/tr>\n<tr class=\"odd\">\n<td>CN501Black<\/td>\n<td width=\"30\">Melna<\/td>\n<td>650ml<\/td>\n<td>MEK<\/td>\n<td><u>CCS2000<\/u><\/td>\n<td width=\"200\">K\u0101rtrid\u017ea tips visp\u0101r\u0113j\u0101s lieto\u0161anas melna tinte<\/td>\n<td>CN501-Y<\/td>\n<td class=\"last_th\">Kr\u0101sviela<\/td>\n<\/tr>\n<tr class=\"even\">\n<td>CN505 Black<br \/>\nCN55 Black<\/td>\n<td width=\"30\">Melna<\/td>\n<td>500ml<\/td>\n<td>MEK<\/td>\n<td><u>CCS3000-D<br \/>\nCCS-R<br \/>\nCCS3000L-D<br \/>\nCCS3100-D<\/u><\/td>\n<td width=\"200\">Laba sa\u0137ere ar PP (polipropil\u0113nu). Laba e\u013c\u013cas iztur\u012bba.<\/td>\n<td>CN505-Y<br \/>\nCN55-Y<\/td>\n<td class=\"last_th\">Kr\u0101sviela<\/td>\n<\/tr>\n<tr class=\"odd\">\n<td>CN801Black<\/td>\n<td width=\"30\">Melna<\/td>\n<td>500ml<\/td>\n<td>MEK<\/td>\n<td><u>CCS3000-D<br \/>\nCCS-R<\/u><\/td>\n<td width=\"200\">\u016adens repelentu tinte. Asi\u0146o\u0161ana ir gr\u016bta pat tad, ja druk\u0101 uz kondens\u0101cijas virsmas.<\/td>\n<td>CN801-Y<\/td>\n<td class=\"last_th\">Kr\u0101sviela<\/td>\n<\/tr>\n<tr class=\"even\">\n<td>CP1Yellow<\/td>\n<td width=\"30\">Dzeltena<\/td>\n<td>500ml<\/td>\n<td>MEK<\/td>\n<td><u>CCS3000-P<br \/>\nCCS-R (Pigment)<\/u><\/td>\n<td width=\"200\">Dzeltena tinte. Augsta nosl\u0113puma tinte.<\/td>\n<td>CN1-Y<\/td>\n<td class=\"last_th\">Pigments<\/td>\n<\/tr>\n<tr class=\"odd\">\n<td>CP2 Black<\/td>\n<td width=\"30\">Melna<\/td>\n<td>500ml<\/td>\n<td>Etanols<\/td>\n<td><u>CCS3000-D<br \/>\nCCS-R<\/u><\/td>\n<td width=\"200\">Etanola b\u0101zes tinte. Maz\u0101k smar\u017eu. Kr\u0101so\u0161anas ma\u0161\u012bnas korespondence.<\/td>\n<td>CP2-Y<\/td>\n<td class=\"last_th\">Pigments<\/td>\n<\/tr>\n<tr class=\"even\">\n<td>CP7 Black<\/td>\n<td width=\"30\">Melna<\/td>\n<td>500ml<\/td>\n<td>MEK<\/td>\n<td><u>CCS3000-D<br \/>\nCCS-R<br \/>\nCCS3000L-D<br \/>\nCCS3100-D<\/u><\/td>\n<td width=\"200\">Elektrisko vadu tinte (m\u012bkstais vinilhlor\u012bds). Maz ticams, ka var\u0113tu notikt asi\u0146o\u0161ana \/ p\u0101rs\u016bt\u012b\u0161ana. Kr\u0101so\u0161anas ma\u0161\u012bnas korespondence. CP3 jaunin\u0101\u0161anas versija.<\/td>\n<td>CP7-Y<\/td>\n<td class=\"last_th\">Pigments<\/td>\n<\/tr>\n<tr class=\"odd\">\n<td>CP8 Blue<\/td>\n<td width=\"30\">Zila<\/td>\n<td>500ml<\/td>\n<td>MEK<\/td>\n<td><u>CCS3000-D<br \/>\nCCS-R<\/u><\/td>\n<td width=\"200\">Visp\u0101r\u012bgi zil\u0101 kr\u0101sa. Kr\u0101so\u0161anas ma\u0161\u012bnas korespondence.<\/td>\n<td>CP8-Y<\/td>\n<td class=\"last_th\">Pigments<\/td>\n<\/tr>\n<tr class=\"even\">\n<td>CP105 White<\/td>\n<td width=\"30\">Balta<\/td>\n<td>250ml<br \/>\n500ml<\/td>\n<td>MEK<\/td>\n<td><u>CCS3000-PS<br \/>\nCCS-R (Pigment)<\/u><\/td>\n<td width=\"200\">Balta, univers\u0101la tinte.<\/td>\n<td>CP105-Y<\/td>\n<td class=\"last_th\">Pigments<\/td>\n<\/tr>\n<tr class=\"odd\">\n<td>CP107 Yellow<\/td>\n<td width=\"30\">Dzeltena<\/td>\n<td>500ml<\/td>\n<td>MEK<\/td>\n<td><u>CCS3000-D<br \/>\nCCS-R<br \/>\nCCS3000L-D<br \/>\nCCS3100-D<\/u><\/td>\n<td width=\"200\">Dzeltena tinte. Kr\u0101so\u0161anas ma\u0161\u012bnas korespondence.<\/td>\n<td>CP107-Y<\/td>\n<td class=\"last_th\">Pigments<\/td>\n<\/tr>\n<tr class=\"even\">\n<td>CP109 Black<\/td>\n<td width=\"30\">Melna<\/td>\n<td>500ml<\/td>\n<td>MEK<\/td>\n<td><u>CCS3000-D<br \/>\nCCS-R<br \/>\nCCS3000L-D<br \/>\nCCS3100-D<\/u><\/td>\n<td width=\"200\">Retort tinti. Nav nomazg\u0101jama pat tad, ja siltums steriliz\u0113jas pie 120 \u2103. Viegli notiek asi\u0146o\u0161ana un nodo\u0161ana. Kr\u0101so\u0161anas ma\u0161\u012bnas korespondence.<\/td>\n<td>CP109-Y<\/td>\n<td class=\"last_th\">Pigments<\/td>\n<\/tr>\n<tr class=\"odd\">\n<td>CP200 White<\/td>\n<td width=\"30\">Balta<\/td>\n<td>500ml<\/td>\n<td>MEK<\/td>\n<td><u>CCS3000-PS<\/u><\/td>\n<td width=\"200\">Balta tinte m\u012bkstam PVC. stiprin\u0101\u0161ana, augsta koncentr\u0101cija. CP103 jaunin\u0101\u0161anas versija.<\/td>\n<td>CP200-Y<\/td>\n<td class=\"last_th\">Pigments<\/td>\n<\/tr>\n<tr class=\"even\">\n<td>CP204 White<\/td>\n<td width=\"30\">Balta<\/td>\n<td>500ml<\/td>\n<td>MEK<\/td>\n<td><u>CCS3000-PS<\/u><\/td>\n<td width=\"200\">Hlors, bez broma pigmenta balta tinte. Siltuma terapija 200 \u00b0 C temperat\u016br\u0101 30 min\u016btes.<\/td>\n<td>CP204-Y<\/td>\n<td class=\"last_th\">Pigments<\/td>\n<\/tr>\n<tr class=\"odd\">\n<td>CP205 White<\/td>\n<td width=\"30\">Balta<\/td>\n<td>400ml<\/td>\n<td>Etanols<\/td>\n<td><u>CCS3000-P<\/u><\/td>\n<td width=\"200\">P\u0101rtikas tinte. Tas sast\u0101v tikai no p\u0101rtikas piedev\u0101m, ko apstiprin\u0101jusi Vesel\u012bbas, darba un labkl\u0101j\u012bbas ministrija.<\/td>\n<td>CP205-Y<\/td>\n<td class=\"last_th\">Pigments<\/td>\n<\/tr>\n<tr class=\"even\">\n<td>CP209 Black<\/td>\n<td width=\"30\">Melna<\/td>\n<td>500ml<\/td>\n<td>\u016adens<\/td>\n<td><u>CCS3000-D<br \/>\nCCS-R<br \/>\nCCS3000L-D<br \/>\nCCS3100-D<\/u><\/td>\n<td width=\"200\">Nepiem\u0113ro \u016bdens pigmenta tint\u0113m un b\u012bstamiem materi\u0101liem. Nav piem\u0113rojams saind\u0113\u0161an\u0101s ar organiskiem \u0161\u0137\u012bdin\u0101t\u0101jiem nov\u0113r\u0161anas noteikumi. V\u0101ji s\u0101rmains \u016bdens \u0161\u0137\u012bst un to var mazg\u0101t. Ieteicams met\u0101la druk\u0101\u0161anai. Kr\u0101so\u0161anas ma\u0161\u012bnas korespondence.<\/td>\n<td>CP209-Y<\/td>\n<td class=\"last_th\">Pigments<\/td>\n<\/tr>\n<tr class=\"odd\">\n<td>CP211 White<\/td>\n<td width=\"30\">Balta<\/td>\n<td>450ml<\/td>\n<td>MEK<\/td>\n<td><u>CCS3100-PSV<\/u><\/td>\n<td width=\"200\">Rulksa mais\u012bt\u0101jam vajadz\u012bga tinte. \u012apa\u0161i augsta bl\u012bvuma balta tinte ar CP 105. \u012apa\u0161a IJP korespondence.<\/td>\n<td>CP211-Y<\/td>\n<td class=\"last_th\">Pigments<\/td>\n<\/tr>\n<tr class=\"even\">\n<td>CP221 White<\/td>\n<td width=\"30\">Balta<\/td>\n<td>500ml<\/td>\n<td>MEK<\/td>\n<td><u>CCS3000L-P<br \/>\nCCS3100-P<\/u><\/td>\n<td width=\"200\">Hlors, bez broma pigmenta balta tinte. Tas ir pret t\u012br\u012b\u0161anu ar alkoholu.<\/td>\n<td>CP221-Y<\/td>\n<td class=\"last_th\">Pigments<\/td>\n<\/tr>\n<tr class=\"odd\">\n<td>CP234 Black<\/td>\n<td width=\"30\">Melna<\/td>\n<td>500ml<\/td>\n<td>\u016adens<\/td>\n<td><u>CCS3000L-D<br \/>\nCCS3100-D<\/u><\/td>\n<td width=\"200\">Nepiem\u0113ro \u016bdens pigmenta tint\u0113m un b\u012bstamiem materi\u0101liem. Nav piem\u0113rojams saind\u0113\u0161an\u0101s ar organiskiem \u0161\u0137\u012bdin\u0101t\u0101jiem nov\u0113r\u0161anas noteikumi. V\u0101ji s\u0101rmains \u016bdens \u0161\u0137\u012bst un to var mazg\u0101t. Ieteicams PET, polipept\u012bdu druk\u0101\u0161ana. Kr\u0101so\u0161anas ma\u0161\u012bnas korespondence.<\/td>\n<td>CP234-Y<\/td>\n<td class=\"last_th\">Pigments<\/td>\n<\/tr>\n<tr class=\"even\">\n<td>CP240 Black<\/td>\n<td width=\"30\">Melna<\/td>\n<td>500ml<\/td>\n<td>MEK<\/td>\n<td><u>CCS3000L-D<br \/>\nCCS3100-D<\/u><\/td>\n<td width=\"200\">Etanola iztur\u012bga melna pigmenta tinte. Bez halog\u0113niem. Kr\u0101so\u0161anas ma\u0161\u012bnas korespondence.<\/td>\n<td>CP240-Y<\/td>\n<td class=\"last_th\">Pigments<\/td>\n<\/tr>\n<tr class=\"odd\">\n<td class=\"last_td\">CP602 Black<\/td>\n<td class=\"last_td\" width=\"30\">Melna<\/td>\n<td class=\"last_td\">400ml<\/td>\n<td class=\"last_td\">Etanols<\/td>\n<td class=\"last_td\"><u>CCS3000-P<\/u><\/td>\n<td class=\"last_td\" width=\"200\">Jap\u0101n\u0101 ierobe\u017eota kokog\u013cu p\u0101rtikas tinte. Tas sast\u0101v tikai no p\u0101rtikas piedev\u0101m, ko apstiprin\u0101jusi Vesel\u012bbas, darba un labkl\u0101j\u012bbas ministrija.<\/td>\n<td class=\"last_td\">CP602-Y<\/td>\n<td class=\"last_th\">Pigments<\/td>\n<\/tr>\n<\/tbody>\n<\/table>\n","protected":false},"excerpt":{"rendered":"<p>Raksti, kas prasa rakstz\u012bmes, kas druk\u0101tas no r\u016bpnieciskiem printeriem, var b\u016bt pla\u0161as, ieskaitot visu, s\u0101kot no kartona l\u012bdz met\u0101lam, plastmasai, keramikai un p\u0101rtikai; katrs pieprasa at\u0161\u0137ir\u012bgu kvalit\u0101ti. KGK s\u0101ka izstr\u0101d\u0101t savus tintes materi\u0101lus, rea\u0123\u0113jot uz da\u017e\u0101d\u0101m tirgus vajadz\u012bb\u0101m. Papildus regul\u0101rajiem tintes veidiem m\u0113s rea\u0123\u0113j\u0101m uz tirgus vajadz\u012bb\u0101m, izmantojot UV tinti, stealth tintes un p\u0101rtikas tintes, lai druk\u0101tu rakstz\u012bmes tie\u0161i uz p\u0101rtikas produktiem, piem\u0113ram, olu \u010daumal\u0101m un aug\u013ciem, un table\u0161u tintes, kas rakst\u012b\u0161anai druk\u0101 rakstz\u012bmes uz z\u0101\u013cu tablet\u0113m.<\/p>\n","protected":false},"featured_media":662,"template":"","meta":[],"_links":{"self":[{"href":"http:\/\/opesbaltic.lv\/lv\/wp-json\/wp\/v2\/product\/1122"}],"collection":[{"href":"http:\/\/opesbaltic.lv\/lv\/wp-json\/wp\/v2\/product"}],"about":[{"href":"http:\/\/opesbaltic.lv\/lv\/wp-json\/wp\/v2\/types\/product"}],"wp:featuredmedia":[{"embeddable":true,"href":"http:\/\/opesbaltic.lv\/lv\/wp-json\/wp\/v2\/media\/662"}],"wp:attachment":[{"href":"http:\/\/opesbaltic.lv\/lv\/wp-json\/wp\/v2\/media?parent=1122"}],"curies":[{"name":"wp","href":"https:\/\/api.w.org\/{rel}","templated":true}]}}