{"id":1116,"date":"2017-10-19T19:43:57","date_gmt":"2017-10-19T16:43:57","guid":{"rendered":"http:\/\/opesbaltic.lv\/product\/high-resolution-ink\/"},"modified":"2018-01-23T13:46:50","modified_gmt":"2018-01-23T10:46:50","slug":"high-resolution-ink","status":"publish","type":"product","link":"http:\/\/opesbaltic.lv\/lv\/product\/high-resolution-ink\/","title":{"rendered":"Augstas iz\u0161\u0137irtsp\u0113jas tinte"},"content":{"rendered":"<p><a class=\"et_pb_button et_pb_button_0 et_pb_module et_pb_bg_layout_light\" href=\"\/wp-content\/uploads\/catalogue\/Consumable\/Ink\/HighResolutionInk\/HighResolutionInk_Catalogue.pdf\" target=\"_blank\" rel=\"noopener\">Katalogs<\/a><\/p>\n<table style=\"height: 636px;\" width=\"898\" cellspacing=\"0\" cellpadding=\"0\">\n<tbody>\n<tr style=\"background: #E6E6E6;\">\n<th>Modelis<\/th>\n<th>Tinte<\/th>\n<th>Kr\u0101sa<\/th>\n<th>Kapacit\u0101te<\/th>\n<th>Iez\u012bmes<\/th>\n<th class=\"last_th\">Pigments\u30fbKr\u0101sviela<\/th>\n<\/tr>\n<tr class=\"odd\">\n<td rowspan=\"4\">HQ1000\u3000HQ1000H<\/td>\n<td>TK403Black<\/td>\n<td>Melna<\/td>\n<td>K\u0101rtrid\u017es<br \/>\n72ml<\/td>\n<td>Uz pap\u012bra un kartona uz \u016bdens b\u0101zes<\/td>\n<td class=\"last_th\">Kr\u0101sviela\uff0bPigments<\/td>\n<\/tr>\n<tr class=\"even\">\n<td>TK404Black<\/td>\n<td>Melna<\/td>\n<td>K\u0101rtrid\u017es<br \/>\n72ml<\/td>\n<td>Etanola utt. Pamat\u0101 ir sve\u0137i, viegli iz\u017euvu\u0161i, pap\u012bram un kartonam<\/td>\n<td class=\"last_th\">Kr\u0101sviela<\/td>\n<\/tr>\n<tr class=\"odd\">\n<td>TK406Black<\/td>\n<td>Melna<\/td>\n<td>K\u0101rtrid\u017es<br \/>\n72ml<\/td>\n<td>Etanola utt. kuru pamat\u0101 nav sve\u0137u, ir gr\u016bti no\u017e\u016bt, pap\u012bram un kartonam<\/td>\n<td class=\"last_th\">Kr\u0101sviela<\/td>\n<\/tr>\n<tr class=\"even\">\n<td>TK407Red<\/td>\n<td>Sarkana<\/td>\n<td>K\u0101rtrid\u017es<br \/>\n72ml<\/td>\n<td>Uz pap\u012bra un kartona uz \u016bdens b\u0101zes<\/td>\n<td class=\"last_th\">Kr\u0101sviela<\/td>\n<\/tr>\n<tr class=\"odd\">\n<td rowspan=\"2\">HQC<\/td>\n<td>CK Red<\/td>\n<td>Sarkana<\/td>\n<td>125ml\/180ml<\/td>\n<td>Sarkana uz pap\u012bra un kartona<\/td>\n<td class=\"last_th\">Kr\u0101sviela<\/td>\n<\/tr>\n<tr class=\"even\">\n<td>CK Black<\/td>\n<td>Melna<\/td>\n<td>125ml\/180ml<\/td>\n<td>Melna uz pap\u012bra un kartona<\/td>\n<td class=\"last_th\">Kr\u0101sviela<\/td>\n<\/tr>\n<tr class=\"odd\">\n<td rowspan=\"6\">HQ510<\/td>\n<td>SK Black-500<\/td>\n<td>Melna<\/td>\n<td>500ml<\/td>\n<td>Pap\u012bram un kartonam ar iztur\u012bbu pret gaismu<\/td>\n<td class=\"last_th\">Pigments<\/td>\n<\/tr>\n<tr class=\"even\">\n<td>PS Blue-500<\/td>\n<td>Zila<\/td>\n<td>500ml<\/td>\n<td>Pap\u012bram un kartonam ar iztur\u012bbu pret gaismu<\/td>\n<td class=\"last_th\">Pigments<\/td>\n<\/tr>\n<tr class=\"odd\">\n<td>PS Red-500<\/td>\n<td>Sarkana<\/td>\n<td>500ml<\/td>\n<td>Pap\u012bram un kartonam ar iztur\u012bbu pret gaismu<\/td>\n<td class=\"last_th\">Pigments<\/td>\n<\/tr>\n<tr class=\"even\">\n<td>PS Yellow-500<\/td>\n<td>Dzeltena<\/td>\n<td>500ml<\/td>\n<td>Pap\u012bram un kartonam ar iztur\u012bbu pret gaismu<\/td>\n<td class=\"last_th\">Pigments<\/td>\n<\/tr>\n<tr class=\"odd\">\n<td>PS Vermilion-500<\/td>\n<td>Spilgti sarkans<\/td>\n<td>500ml<\/td>\n<td>Pap\u012bram un kartonam ar iztur\u012bbu pret gaismu<\/td>\n<td class=\"last_th\">Pigments<\/td>\n<\/tr>\n<tr class=\"even\">\n<td>PS Green-500<\/td>\n<td>Za\u013ca<\/td>\n<td>500ml<\/td>\n<td>Pap\u012bram un kartonam ar iztur\u012bbu pret gaismu<\/td>\n<td class=\"last_th\">Pigments<\/td>\n<\/tr>\n<tr class=\"odd\">\n<td>HQ6100<\/td>\n<td>KP1TBlack-500<\/td>\n<td>Melna<\/td>\n<td>500ml<\/td>\n<td>Pap\u012bram un kartonam ar iztur\u012bbu pret gaismu<\/td>\n<td class=\"last_th\">Pigments<\/td>\n<\/tr>\n<tr class=\"even\">\n<td class=\"last_td\" rowspan=\"5\">Y-2558 galvi\u0146a HQ 8500<\/td>\n<td>SKT Black-500<\/td>\n<td>Melna<\/td>\n<td>500ml<\/td>\n<td>Pap\u012bram un kartonam ar iztur\u012bbu pret gaismu<\/td>\n<td class=\"last_th\">Pigments<\/td>\n<\/tr>\n<tr class=\"odd\">\n<td>UVK2 BK-500<\/td>\n<td>Melna<\/td>\n<td>500ml<\/td>\n<td>UV starojuma tonis melns<\/td>\n<td class=\"last_th\">Pigments<\/td>\n<\/tr>\n<tr class=\"even\">\n<td>UVK3 \uff2d-500<\/td>\n<td>Purpura<\/td>\n<td>500ml<\/td>\n<td>UV starojuma tonis purpura<\/td>\n<td class=\"last_th\">Pigments<\/td>\n<\/tr>\n<tr class=\"odd\">\n<td>UVK4 \uff23-500<\/td>\n<td>Ci\u0101na<\/td>\n<td>500ml<\/td>\n<td>UV starojuma tonis ci\u0101na<\/td>\n<td class=\"last_th\">Pigments<\/td>\n<\/tr>\n<tr class=\"even\">\n<td class=\"last_td\">UVK5 \uff39-500<\/td>\n<td class=\"last_td\">Dzeltena<\/td>\n<td class=\"last_td\">500ml<\/td>\n<td class=\"last_td\">UV starojuma tonis dzeltens<\/td>\n<td class=\"last_td last_th\">Pigments<\/td>\n<\/tr>\n<\/tbody>\n<\/table>\n","protected":false},"excerpt":{"rendered":"<p>Raksti, kas prasa rakstz\u012bmes, kas druk\u0101tas no r\u016bpnieciskiem printeriem, var b\u016bt pla\u0161as, ieskaitot visu, s\u0101kot no kartona l\u012bdz met\u0101lam, plastmasai, keramikai un p\u0101rtikai; katrs pieprasa at\u0161\u0137ir\u012bgu kvalit\u0101ti. KGK s\u0101ka izstr\u0101d\u0101t savus tintes materi\u0101lus, rea\u0123\u0113jot uz da\u017e\u0101d\u0101m tirgus vajadz\u012bb\u0101m. Papildus regul\u0101rajiem tintes veidiem m\u0113s rea\u0123\u0113j\u0101m uz tirgus vajadz\u012bb\u0101m, izmantojot UV tinti, stealth tintes un p\u0101rtikas tintes, lai druk\u0101tu rakstz\u012bmes tie\u0161i uz p\u0101rtikas produktiem, piem\u0113ram, olu \u010daumal\u0101m un aug\u013ciem, un table\u0161u tintes, kas rakst\u012b\u0161anai druk\u0101 rakstz\u012bmes uz z\u0101\u013cu tablet\u0113m.<\/p>\n","protected":false},"featured_media":662,"template":"","meta":[],"_links":{"self":[{"href":"http:\/\/opesbaltic.lv\/lv\/wp-json\/wp\/v2\/product\/1116"}],"collection":[{"href":"http:\/\/opesbaltic.lv\/lv\/wp-json\/wp\/v2\/product"}],"about":[{"href":"http:\/\/opesbaltic.lv\/lv\/wp-json\/wp\/v2\/types\/product"}],"wp:featuredmedia":[{"embeddable":true,"href":"http:\/\/opesbaltic.lv\/lv\/wp-json\/wp\/v2\/media\/662"}],"wp:attachment":[{"href":"http:\/\/opesbaltic.lv\/lv\/wp-json\/wp\/v2\/media?parent=1116"}],"curies":[{"name":"wp","href":"https:\/\/api.w.org\/{rel}","templated":true}]}}