{"id":1112,"date":"2017-10-19T19:46:34","date_gmt":"2017-10-19T16:46:34","guid":{"rendered":"http:\/\/opesbaltic.lv\/product\/special-inks\/"},"modified":"2018-01-23T13:19:56","modified_gmt":"2018-01-23T10:19:56","slug":"special-inks","status":"publish","type":"product","link":"http:\/\/opesbaltic.lv\/lv\/product\/special-inks\/","title":{"rendered":"Speci\u0101l\u0101s tintes"},"content":{"rendered":"","protected":false},"excerpt":{"rendered":"<p>Tie\u0161a druk\u0101\u0161ana uz p\u0101rtikas un p\u0101rtikas iepakojuma ar \u0113damu, dro\u0161u, ogles tinti.<br \/>\nKokogles ir l\u012bdzv\u0113rt\u012bgas p\u0101rtikas piedevai &#8220;augu termin\u0101la kr\u0101sviela&#8221;. Augu kr\u0101sviela ir defin\u0113ta k\u0101 &#8220;oglek\u013ca b\u0101zes vielas, kas ieg\u016btas, karboniz\u0113jot augus&#8221;. T\u0101 k\u0101 m\u0113s izmantojam d\u0101rze\u0146u oglekli, kas ir sader\u012bgs ar p\u0101rtikas piedevu standarta testu, piem\u0113ram, d\u0101rze\u0146u oglek\u013ca kr\u0101sas t\u012br\u012bbas testu, svara zudumu \u017e\u0101v\u0113jot, pelnu saturu, t\u0101d\u0113\u013c p\u0101rtikas higi\u0113nas probl\u0113mu nav.<\/p>\n<p>Met\u0101la nanoda\u013ci\u0146u tintes, kas darbojas iespiestas elektronisk\u0101s lietojumprogramm\u0101s.<br \/>\nMet\u0101la nanoda\u013ci\u0146as stabiliz\u0113 met\u0101lu, jo t\u0101 ir nano izm\u0113ra, pievienojot disper\u0123\u0113jo\u0161u vielu nano izm\u0113ra met\u0101la virsmai un izklied\u0113jot to \u0161\u0137\u012bdin\u0101t\u0101j\u0101. (Ir teikts, ka ir \u013coti gr\u016bti stabiliz\u0113t met\u0101lu, jo tas ir nano izm\u0113ra, jo viela k\u013c\u016bst liela un k\u013c\u016bst nestabila, ja virsmas plat\u012bba attiec\u012bb\u0101 pret tilpumu k\u013c\u016bst liel\u0101ka un agreg\u0101cija tiek atk\u0101rtota, l\u012bdz stabiliz\u0113jas apjoms k\u013c\u016bst liels. ) Ar \u0161o tehnolo\u0123iju met\u0101lu nanoda\u013ci\u0146as bija gr\u016bti apkopot un nogulsn\u0113t, padarot to<br \/>\nIesp\u0113jams piem\u0113rot tintes kr\u0101su tintes.<\/p>\n<p>Iesp\u0113jama tie\u0161a nepiep\u016b\u0161am\u0101 materi\u0101la druk\u0101\u0161ana. UV att\u012br\u012b\u0161anas tinte, kas iz\u0101rst\u0113 ar ultravioleto starojumu.<br \/>\nUV att\u012bro\u0161\u0101 tinte nekav\u0113joties tiek iz\u0101rst\u0113ta ar ultravioleto starojumu. Viena izeja var skaidri druk\u0101t pilnas kr\u0101sas druk\u0101\u0161anu uz materi\u0101liem bez caurlaid\u0113m, kurus bija gr\u016bti izdruk\u0101t tie\u0161i, un to var sagaid\u012bt k\u0101 eti\u0137e\u0161u uzl\u012bmju aizst\u0101j\u0113ju.<\/p>\n","protected":false},"featured_media":668,"template":"","meta":[],"_links":{"self":[{"href":"http:\/\/opesbaltic.lv\/lv\/wp-json\/wp\/v2\/product\/1112"}],"collection":[{"href":"http:\/\/opesbaltic.lv\/lv\/wp-json\/wp\/v2\/product"}],"about":[{"href":"http:\/\/opesbaltic.lv\/lv\/wp-json\/wp\/v2\/types\/product"}],"wp:featuredmedia":[{"embeddable":true,"href":"http:\/\/opesbaltic.lv\/lv\/wp-json\/wp\/v2\/media\/668"}],"wp:attachment":[{"href":"http:\/\/opesbaltic.lv\/lv\/wp-json\/wp\/v2\/media?parent=1112"}],"curies":[{"name":"wp","href":"https:\/\/api.w.org\/{rel}","templated":true}]}}