{"id":1106,"date":"2017-10-19T19:49:55","date_gmt":"2017-10-19T16:49:55","guid":{"rendered":"http:\/\/opesbaltic.lv\/product\/operation-linkage-checker\/"},"modified":"2018-01-23T13:17:12","modified_gmt":"2018-01-23T10:17:12","slug":"operation-linkage-checker","status":"publish","type":"product","link":"http:\/\/opesbaltic.lv\/lv\/product\/operation-linkage-checker\/","title":{"rendered":"Oper\u0101cijas saites p\u0101rbaud\u012bt\u0101js"},"content":{"rendered":"<p>&nbsp;<\/p>\n<table>\n<colgroup>\n<col width=\"325px\" \/>\n<col width=\"602px\" \/> <\/colgroup>\n<tbody>\n<tr>\n<th>Re\u0123istr\u0113ta produkta tipa numurs<\/th>\n<td>Maksim\u0101li 1000 veidi<\/td>\n<\/tr>\n<tr>\n<th>Fotoapar\u0101tu skaits<\/th>\n<td>1 vai 2<br \/>\nDivas vietas var p\u0101rbaud\u012bt ar vienu kameru (ar st\u0101vokli)<\/td>\n<\/tr>\n<tr>\n<th>Inspekcijas rakstz\u012bmju veids<\/th>\n<td>Ciparu un citu rakstz\u012bmju skait\u0101 var re\u0123istr\u0113t l\u012bdz 20 burti.<br \/>\nIz\u0146emot to, ka t\u0101 ir eksistence.<\/td>\n<\/tr>\n<tr>\n<th>Inspekcijas saturs<\/th>\n<td>Nepareiza druk\u0101\u0161ana, druk\u0101\u0161anas tr\u016bkums, drukas st\u0101vok\u013ca novirze, druk\u0101\u0161anas sl\u012bpums, druk\u0101\u0161anas eksistence, dot\u0113\u0161anas tr\u016bkums, drukas bl\u012bvums<\/td>\n<\/tr>\n<tr>\n<th>P\u0101rbaudes rakstz\u012bmju skaits<\/th>\n<td>L\u012bdz 20 rakstz\u012bm\u0113m uz laukumu (Katrai kamerai var iestat\u012bt ne vair\u0101k k\u0101 4 p\u0101rbaudes vietas)<\/td>\n<\/tr>\n<tr>\n<th>Datuma p\u0101rbaudes p\u0101rbaude<\/th>\n<td>Atbilst m\u016bsu printera specifik\u0101cij\u0101m<\/td>\n<\/tr>\n<tr>\n<th>Numer\u0101cijas p\u0101rbaude<\/th>\n<td>Atbilst m\u016bsu printera specifik\u0101cij\u0101m<\/td>\n<\/tr>\n<tr>\n<th>Rakstz\u012bmju pie\u0161\u0137ir\u0161anas funkcija<\/th>\n<td>Atbilst m\u016bsu printera specifik\u0101cij\u0101m<\/td>\n<\/tr>\n<tr>\n<th>Sv\u012btru koda p\u0101rbaude<\/th>\n<td>ITF, JAN, CODE39, CODE128, QR, DataMatrix<\/td>\n<\/tr>\n<tr>\n<th>Atz\u012bm\u0113jiet inspekciju<\/th>\n<td>Sh\u0113ma atbilst\u012bbas funkcija, izmantojot patva\u013c\u012bgus att\u0113lus<\/td>\n<\/tr>\n<tr>\n<th>Saglab\u0101to att\u0113lu skaits<\/th>\n<td>L\u012bdz 9,4 miljoniem eksempl\u0101ru (JPEG att\u0113lu gad\u012bjum\u0101)<br \/>\n\u203b Upgradeable uz ciet\u0101 diska, kas var ietaup\u012bt 37,6 miljoni kartes (opcija)<\/td>\n<\/tr>\n<tr>\n<th>Ieejas \/ izejas sign\u0101ls<\/th>\n<td>Ieejas 16 punkti: tipa mai\u0146a, p\u0101rbaudes aizliegums utt.<br \/>\nRezult\u0101ts 12 punkti: OK \/ NG, vienreiz\u0113ja darb\u012bba un apstr\u0101de, nep\u0101rtraukta NG, signaliz\u0101cija utt.<\/td>\n<\/tr>\n<tr>\n<th>I\/O<\/th>\n<td>USB2.0x4, RS-232Cx1<\/td>\n<\/tr>\n<tr>\n<th>Apstr\u0101des jauda<\/th>\n<td>60 milisekundes vien\u0101 att\u0113l\u0101 ar 10 rakstz\u012bm\u0113m. (tas main\u0101s ar nosac\u012bjumiem)<\/td>\n<\/tr>\n<tr>\n<th>Str\u0101vas padeve<\/th>\n<td>Maz\u0101k nek\u0101 AC100V<\/td>\n<\/tr>\n<tr>\n<th>Izmantojiet vidi<br \/>\n(temperat\u016bra, mitrums)<\/th>\n<td>5-35 \u00b0 C, 10-80% (tom\u0113r bez kondens\u0101cijas)<\/td>\n<\/tr>\n<\/tbody>\n<\/table>\n","protected":false},"excerpt":{"rendered":"<p>Tas ne tikai viegli darbojas.<br \/>\nTas ir pilns ar \u012bpa\u0161\u0101m funkcij\u0101m.<br \/>\nP\u0101rbaudes ier\u012bces druk\u0101\u0161ana.<br \/>\nP\u0113c sv\u012btrkoda las\u012b\u0161anas t\u0101 p\u0101rbauda tekstu. To var izmantot ne tikai sv\u012btrkodu druk\u0101\u0161anas kvalit\u0101tes kontrolei, bet ar\u012b, piem\u0113ram, da\u017e\u0101du materi\u0101lu materi\u0101lu mais\u012bjuma p\u0101rbaudei u.tml. Pie\u0146emot 10,4 collu lielo kr\u0101su sk\u0101rienpaneli, nepiecie\u0161am\u0101s lietas var viegli atrast no liels parametru skaits. Ja to apvieno ar m\u016bsu tintes printeri, to var izmantot, lai s\u0101ktu \/ aptur\u0113tu, main\u012btu ra\u017eojuma veidu, main\u012btu p\u0101rbaudes rakstz\u012bmju virknes, atk\u0101rtotu numer\u0101ciju un autom\u0101tisko sinhroniz\u0101cijas funkciju sist\u0113mas pulkstenim. Papildus darbasp\u0113ka gl\u0101b\u0161anai tas samazina cilv\u0113ku k\u013c\u016bdas, piem\u0113ram, druk\u0101\u0161anas k\u013c\u016bdas.<\/p>\n","protected":false},"featured_media":667,"template":"","meta":[],"_links":{"self":[{"href":"http:\/\/opesbaltic.lv\/lv\/wp-json\/wp\/v2\/product\/1106"}],"collection":[{"href":"http:\/\/opesbaltic.lv\/lv\/wp-json\/wp\/v2\/product"}],"about":[{"href":"http:\/\/opesbaltic.lv\/lv\/wp-json\/wp\/v2\/types\/product"}],"wp:featuredmedia":[{"embeddable":true,"href":"http:\/\/opesbaltic.lv\/lv\/wp-json\/wp\/v2\/media\/667"}],"wp:attachment":[{"href":"http:\/\/opesbaltic.lv\/lv\/wp-json\/wp\/v2\/media?parent=1106"}],"curies":[{"name":"wp","href":"https:\/\/api.w.org\/{rel}","templated":true}]}}