{"id":1100,"date":"2017-10-19T19:52:54","date_gmt":"2017-10-19T16:52:54","guid":{"rendered":"http:\/\/opesbaltic.lv\/product\/uv\/"},"modified":"2018-01-23T11:13:45","modified_gmt":"2018-01-23T08:13:45","slug":"uv","status":"publish","type":"product","link":"http:\/\/opesbaltic.lv\/lv\/product\/uv\/","title":{"rendered":"UV"},"content":{"rendered":"<p>&nbsp;<\/p>\n<h3>Apstaro\u0161anas galvas sast\u0101vs<\/h3>\n<table>\n<colgroup>\n<col width=\"40%\" \/>\n<col width=\"30%\" \/>\n<col width=\"30%\" \/> <\/colgroup>\n<tbody>\n<tr>\n<th><\/th>\n<th>UK5000-4<\/th>\n<th>UK5000-2<\/th>\n<\/tr>\n<tr>\n<th>Centr\u0101l\u0101 vi\u013c\u0146a garums<\/th>\n<td>385 \u00b1 5nm<\/td>\n<td>385 \u00b1 5nm<\/td>\n<\/tr>\n<tr>\n<th>Apstaro\u0161anas loga izm\u0113ri<\/th>\n<td>130mm x 29mm<\/td>\n<td>65mm x 29mm<\/td>\n<\/tr>\n<tr>\n<th>\u0100r\u0113jie izm\u0113ri<\/th>\n<td>158mm x 107mm x 103mm<\/td>\n<td>93mm x 107mm x 103mm<\/td>\n<\/tr>\n<tr>\n<th>Vid\u0113jais apgaismojums<\/th>\n<td>3.5W\/cm\u00b2<\/td>\n<td>3.5W\/cm\u00b2<\/td>\n<\/tr>\n<tr>\n<th>Ener\u0123ijas pat\u0113ri\u0146\u0161<\/th>\n<td>\u00a0maksimums 250W<\/td>\n<td>maksimums 125W<\/td>\n<\/tr>\n<tr>\n<th>Dzes\u0113\u0161anas sist\u0113ma<\/th>\n<td>gaisa dzes\u0113\u0161ana<\/td>\n<td>gaisa dzes\u0113\u0161ana<\/td>\n<\/tr>\n<\/tbody>\n<\/table>\n<p>&nbsp;<\/p>\n<h3>Kontrolieris<\/h3>\n<table>\n<colgroup>\n<col width=\"40%\" \/>\n<col width=\"30%\" \/>\n<col width=\"30%\" \/> <\/colgroup>\n<tbody>\n<tr>\n<th><\/th>\n<th colspan=\"2\">Specifik\u0101cijas<\/th>\n<\/tr>\n<tr>\n<th>\u0100r\u0113jie izm\u0113ri<\/th>\n<td colspan=\"2\">320mm x 350mm x 180mm<\/td>\n<\/tr>\n<tr>\n<th rowspan=\"3\">Funkcija<\/th>\n<td>Luminiscences laiks<\/td>\n<td>Gaismas avota gaisma tiek aizkav\u0113ta no 0 to 3,990 ms (10 ms so\u013ci) no gaismas emisijas komandas<\/td>\n<\/tr>\n<tr>\n<td>Gaismas kontroles l\u012bmenis<\/td>\n<td>6 so\u013ci (0, 20, 40, 60, 80, 100%)<\/td>\n<\/tr>\n<tr>\n<td>Modu\u013ca OFF<\/td>\n<td>4LED modu\u013ci ir izsl\u0113gti katram modulis<\/td>\n<\/tr>\n<tr>\n<th rowspan=\"2\">I\/O<\/th>\n<td>Ievade<\/td>\n<td>1. vad\u012bt\u0101ja emisijas komanda &#8211; galva<br \/>\n2 emisijas komandu &#8211; modulis OFF,<br \/>\ngaismas kontroles l\u012bmenis, av\u0101rijas apst\u0101\u0161an\u0101s,<br \/>\nvad\u012bt\u0101js &#8211; 2 vad\u012bbas re\u017e\u012bms<\/td>\n<\/tr>\n<tr>\n<td>Izeja<\/td>\n<td>Neparasti, apgaismojums<\/td>\n<\/tr>\n<tr>\n<th>Apstaro\u0161anas galvas piesl\u0113guma kabe\u013ca garums<\/th>\n<td colspan=\"2\">Maksimums 5m<\/td>\n<\/tr>\n<tr>\n<th>Baro\u0161anas avots<\/th>\n<td colspan=\"2\">AC100V<\/td>\n<\/tr>\n<tr>\n<th>Jaudas pat\u0113ri\u0146\u0161<\/th>\n<td colspan=\"2\">Maksim\u0101li 900W (2 galvi\u0146as)<\/td>\n<\/tr>\n<\/tbody>\n<\/table>\n","protected":false},"excerpt":{"rendered":"<p>UV saudz\u0113jo\u0161\u0101s tintes t\u016bl\u012bt\u0113ja cietin\u0101\u0161ana nodro\u0161ina augstu ra\u017eo\u0161anas efektivit\u0101ti. T\u0101 k\u0101 tas ir gaisa dzes\u0113\u0161anas veids, vajadz\u012bgs dzes\u0113t\u0101js nav vajadz\u012bgs \u016bdens dzes\u0113\u0161anas tipa. Apstaro\u0161anas loga izm\u0113rs nep\u0101rsniedz 130 mm x 29 mm. Apstaro\u0161anas galvas sast\u0101vs, kas optim\u0101li aptver m\u016bsu printera druk\u0101\u0161anas platumu. Vienk\u0101r\u0161i tie\u0161i pievienojiet sign\u0101lus no printera! Viegli izveidot sist\u0113mu. Katrs kontrolieris var kontrol\u0113t l\u012bdz pat div\u0101m apstaro\u0161anas galvi\u0146\u0101m, un ir iesp\u0113jams palielin\u0101t gaismas daudzumu, abpus\u0113ju druku utt.<\/p>\n","protected":false},"featured_media":666,"template":"","meta":[],"_links":{"self":[{"href":"http:\/\/opesbaltic.lv\/lv\/wp-json\/wp\/v2\/product\/1100"}],"collection":[{"href":"http:\/\/opesbaltic.lv\/lv\/wp-json\/wp\/v2\/product"}],"about":[{"href":"http:\/\/opesbaltic.lv\/lv\/wp-json\/wp\/v2\/types\/product"}],"wp:featuredmedia":[{"embeddable":true,"href":"http:\/\/opesbaltic.lv\/lv\/wp-json\/wp\/v2\/media\/666"}],"wp:attachment":[{"href":"http:\/\/opesbaltic.lv\/lv\/wp-json\/wp\/v2\/media?parent=1100"}],"curies":[{"name":"wp","href":"https:\/\/api.w.org\/{rel}","templated":true}]}}