{"id":1094,"date":"2017-10-28T21:33:04","date_gmt":"2017-10-28T18:33:04","guid":{"rendered":"http:\/\/opesbaltic.lv\/product\/workstation-mobile\/"},"modified":"2018-01-23T14:03:35","modified_gmt":"2018-01-23T11:03:35","slug":"workstation-mobile","status":"publish","type":"product","link":"http:\/\/opesbaltic.lv\/lv\/product\/workstation-mobile\/","title":{"rendered":"Mobil\u0101 darbstacija"},"content":{"rendered":"<table>\n<tbody>\n<tr>\n<td>L\u0101sera tips:<\/td>\n<td>\u0161\u0137iedra (impulsa), jauda 20W<\/td>\n<\/tr>\n<tr>\n<td>Vi\u013c\u0146a garums:<\/td>\n<td>1064nm<\/td>\n<\/tr>\n<tr>\n<td>Elektrisk\u0101s pras\u012bbas:<\/td>\n<td>115V \/ 230V, 50\/60Hz, 1PH &#8211; Auto<\/td>\n<\/tr>\n<tr>\n<td>Mar\u0137\u0113\u0161anas lauks:<\/td>\n<td>\u00a070x70mm<\/td>\n<\/tr>\n<tr>\n<td>Ievades\/izvades sign\u0101li:<\/td>\n<td>dro\u0161\u012bbas blo\u0137\u0113\u0161ana, str\u0101vas padeve, aizvara indik\u0101cija,\u00a0 GATAV\u012aBA \/ MAR\u0136\u0112JUMS \/ K\u013b\u016aDA<\/td>\n<\/tr>\n<tr>\n<td>Dzes\u0113\u0161ana:<\/td>\n<td>integr\u0113ta gaisa dzes\u0113\u0161ana ar putek\u013cu aizsardz\u012bbu<\/td>\n<\/tr>\n<tr>\n<td>Apk\u0101rt\u0113j\u0101s vides temperat\u016bra:<\/td>\n<td>10-40\u00b0C; ieteicamais 15-30\u00b0C<\/td>\n<\/tr>\n<tr>\n<td>Mitrums:<\/td>\n<td>l\u012bdz 90%, bez kondens\u0101cijas<\/td>\n<\/tr>\n<tr>\n<td>Pielikums:<\/td>\n<td>IP 52 \/ NEMA 12<\/td>\n<\/tr>\n<tr>\n<td>Svars:<\/td>\n<td>vad\u012bbas ier\u012bce 60kg; Mar\u0137\u0113\u0161anas ier\u012bce 3kg<\/td>\n<\/tr>\n<tr>\n<td>Komunik\u0101cija:<\/td>\n<td>RS 232 \/ USB \/ Ethernet 10 Base T<\/td>\n<\/tr>\n<tr>\n<td>Fonti:<\/td>\n<td>daudzvalodu, Unikods<\/td>\n<\/tr>\n<tr>\n<td>Kontrole:<\/td>\n<td>daudzvalodu 10 collu sk\u0101rienekr\u0101ns ar lietot\u0101jam draudz\u012bgu interfeisu priek\u0161skat\u012b\u0161anai, redi\u0123\u0113\u0161anai un jaunu darbavietu izveidei un sist\u0113mas iestat\u012bjumiem<\/td>\n<\/tr>\n<\/tbody>\n<\/table>\n","protected":false},"excerpt":{"rendered":"<p>\u2022 Kompakta mobil\u0101 l\u0101zeru sist\u0113ma lielu objektu mar\u0137\u0113\u0161anai;<br \/>\n\u2022 Mobila un viegli pielietojama mar\u0137\u0113\u0161anas galvi\u0146a, kas apr\u012bkota ar vakuuma sist\u0113mu, lai viegli mar\u0137\u0113tu produkta virsmu;<br \/>\n\u2022 Minim\u0101l\u0101s ekspluat\u0101cijas izmaksas, nav pal\u012bgmateri\u0101lu;<br \/>\n\u2022 <em>Viss vien\u0101<\/em> dizains ar integr\u0113tu d\u016bmu nos\u016bc\u0113ju.<\/p>\n","protected":false},"featured_media":548,"template":"","meta":[],"_links":{"self":[{"href":"http:\/\/opesbaltic.lv\/lv\/wp-json\/wp\/v2\/product\/1094"}],"collection":[{"href":"http:\/\/opesbaltic.lv\/lv\/wp-json\/wp\/v2\/product"}],"about":[{"href":"http:\/\/opesbaltic.lv\/lv\/wp-json\/wp\/v2\/types\/product"}],"wp:featuredmedia":[{"embeddable":true,"href":"http:\/\/opesbaltic.lv\/lv\/wp-json\/wp\/v2\/media\/548"}],"wp:attachment":[{"href":"http:\/\/opesbaltic.lv\/lv\/wp-json\/wp\/v2\/media?parent=1094"}],"curies":[{"name":"wp","href":"https:\/\/api.w.org\/{rel}","templated":true}]}}