{"id":1088,"date":"2017-10-28T21:36:54","date_gmt":"2017-10-28T18:36:54","guid":{"rendered":"http:\/\/opesbaltic.lv\/product\/alfa-slpa2\/"},"modified":"2020-05-26T14:52:48","modified_gmt":"2020-05-26T11:52:48","slug":"alfa-slpa2","status":"publish","type":"product","link":"http:\/\/opesbaltic.lv\/lv\/product\/alfa-slpa2\/","title":{"rendered":"Alfa slpa2"},"content":{"rendered":"<table>\n<tbody>\n<tr>\n<th>Eti\u0137etes garums<\/th>\n<td>no 40 mm l\u012bdz 230 mm<\/td>\n<\/tr>\n<tr>\n<th>Eti\u0137etes platums<\/th>\n<td>no 40 mm tl\u012bdz 160 mm<\/td>\n<\/tr>\n<tr>\n<th>Efektivit\u0101te<\/th>\n<td>l\u012bdz 30 eti\u0137et\u0113m\/minut\u0113<\/td>\n<\/tr>\n<tr>\n<th>Ru\u013c\u013ca diametrs<\/th>\n<td>270 mm<\/td>\n<\/tr>\n<tr>\n<th>Jauda<\/th>\n<td>230 V<\/td>\n<\/tr>\n<\/tbody>\n<\/table>\n","protected":false},"excerpt":{"rendered":"<p>Alfa pusautom\u0101tisk\u0101 iek\u0101rta slpa2 ir ier\u012bce, kas autom\u0101tiski pielieto uzl\u012bmes uz cilindrisk\u0101 iepakojuma ar manu\u0101lu padevi.<br \/>\nAlfa pusautom\u0101tiskais meh\u0101nisms spla2 ir viegli lietojams, pateicoties t\u0101 integr\u0113tajai konstrukcijai, kas aiz\u0146em maz vietas.<br \/>\nAlfa pusautom\u0101tisk\u0101 iek\u0101rta spla2 ir piem\u0113rota darbam ar da\u017e\u0101da veida siltuma p\u0101rneses un tintes printeriem.<\/p>\n","protected":false},"featured_media":604,"template":"","meta":[],"_links":{"self":[{"href":"http:\/\/opesbaltic.lv\/lv\/wp-json\/wp\/v2\/product\/1088"}],"collection":[{"href":"http:\/\/opesbaltic.lv\/lv\/wp-json\/wp\/v2\/product"}],"about":[{"href":"http:\/\/opesbaltic.lv\/lv\/wp-json\/wp\/v2\/types\/product"}],"wp:featuredmedia":[{"embeddable":true,"href":"http:\/\/opesbaltic.lv\/lv\/wp-json\/wp\/v2\/media\/604"}],"wp:attachment":[{"href":"http:\/\/opesbaltic.lv\/lv\/wp-json\/wp\/v2\/media?parent=1088"}],"curies":[{"name":"wp","href":"https:\/\/api.w.org\/{rel}","templated":true}]}}