{"id":1081,"date":"2017-10-28T21:41:17","date_gmt":"2017-10-28T18:41:17","guid":{"rendered":"http:\/\/opesbaltic.lv\/product\/alfa-srpa3\/"},"modified":"2018-01-22T15:42:57","modified_gmt":"2018-01-22T12:42:57","slug":"alfa-srpa3","status":"publish","type":"product","link":"http:\/\/opesbaltic.lv\/lv\/product\/alfa-srpa3\/","title":{"rendered":"Alfa srpa3"},"content":{"rendered":"<table>\n<tbody>\n<tr>\n<th>Eti\u0137etes garums<\/th>\n<td>no\u00a030 mm l\u012bdz 200 mm<\/td>\n<\/tr>\n<tr>\n<th>Eti\u0137etes platums<\/th>\n<td>no 30 mm l\u012bdz 160 mm<\/td>\n<\/tr>\n<tr>\n<th>Efektivit\u0101te<\/th>\n<td>l\u012bdz 40 eti\u0137et\u0113m\/minut\u0113<\/td>\n<\/tr>\n<tr>\n<th>Ru\u013c\u013ca diametrs<\/th>\n<td>270 mm<\/td>\n<\/tr>\n<tr>\n<th>Jauda<\/th>\n<td>230 V<\/td>\n<\/tr>\n<\/tbody>\n<\/table>\n","protected":false},"excerpt":{"rendered":"<p>Alfa pusautom\u0101tisk\u0101 iek\u0101rta srpa3 ir ier\u012bce, kas \u013cauj autom\u0101tiski piel\u012bm\u0113t eti\u0137etes eliptiskaj\u0101 iepakojum\u0101 ar manu\u0101lo padevi.<br \/>\nAlfa pusautom\u0101tisk\u0101 iek\u0101rta srpa3 ir viegli lietojama, pateicoties t\u0101 integr\u0113tajai konstrukcijai, kas aiz\u0146em maz vietas.<br \/>\nAlfa pusautom\u0101tisk\u0101 iek\u0101rta srpa3 ir piem\u0113rota sadarboties ar da\u017e\u0101da veida siltuma p\u0101rneses un tintes printeriem.<\/p>\n","protected":false},"featured_media":603,"template":"","meta":[],"_links":{"self":[{"href":"http:\/\/opesbaltic.lv\/lv\/wp-json\/wp\/v2\/product\/1081"}],"collection":[{"href":"http:\/\/opesbaltic.lv\/lv\/wp-json\/wp\/v2\/product"}],"about":[{"href":"http:\/\/opesbaltic.lv\/lv\/wp-json\/wp\/v2\/types\/product"}],"wp:featuredmedia":[{"embeddable":true,"href":"http:\/\/opesbaltic.lv\/lv\/wp-json\/wp\/v2\/media\/603"}],"wp:attachment":[{"href":"http:\/\/opesbaltic.lv\/lv\/wp-json\/wp\/v2\/media?parent=1081"}],"curies":[{"name":"wp","href":"https:\/\/api.w.org\/{rel}","templated":true}]}}