{"id":698,"date":"2017-10-31T21:05:08","date_gmt":"2017-10-31T18:05:08","guid":{"rendered":"http:\/\/opes.ca17711.tmweb.ru\/lv\/?page_id=698"},"modified":"2017-11-06T12:33:03","modified_gmt":"2017-11-06T09:33:03","slug":"par-mums","status":"publish","type":"page","link":"http:\/\/opesbaltic.lv\/lv\/par-mums\/","title":{"rendered":"Par mums"},"content":{"rendered":"<p>[et_pb_section admin_label=&#8221;section&#8221; transparent_background=&#8221;off&#8221; background_color=&#8221;#f4f4f4&#8243; allow_player_pause=&#8221;off&#8221; inner_shadow=&#8221;off&#8221; parallax=&#8221;off&#8221; parallax_method=&#8221;off&#8221; padding_mobile=&#8221;off&#8221; make_fullwidth=&#8221;off&#8221; use_custom_width=&#8221;off&#8221; width_unit=&#8221;on&#8221; custom_width_px=&#8221;1080px&#8221; custom_width_percent=&#8221;80%&#8221; make_equal=&#8221;off&#8221; use_custom_gutter=&#8221;off&#8221; fullwidth=&#8221;off&#8221; specialty=&#8221;off&#8221; disabled=&#8221;off&#8221;][et_pb_row admin_label=&#8221;row&#8221; make_fullwidth=&#8221;off&#8221; use_custom_width=&#8221;off&#8221; width_unit=&#8221;off&#8221; custom_width_px=&#8221;1080px&#8221; custom_width_percent=&#8221;80%&#8221; use_custom_gutter=&#8221;off&#8221; gutter_width=&#8221;3&#8243; custom_padding=&#8221;0px|0px|8.678534507751465px|0px&#8221; padding_mobile=&#8221;off&#8221; allow_player_pause=&#8221;off&#8221; parallax=&#8221;off&#8221; parallax_method=&#8221;on&#8221; make_equal=&#8221;off&#8221; column_padding_mobile=&#8221;on&#8221; parallax_1=&#8221;off&#8221; parallax_method_1=&#8221;on&#8221; parallax_2=&#8221;off&#8221; parallax_method_2=&#8221;on&#8221; parallax_3=&#8221;off&#8221; parallax_method_3=&#8221;on&#8221; parallax_4=&#8221;off&#8221; parallax_method_4=&#8221;on&#8221;][et_pb_column type=&#8221;4_4&#8243;][et_pb_text admin_label=&#8221;Text&#8221; background_layout=&#8221;light&#8221; text_orientation=&#8221;left&#8221; use_border_color=&#8221;off&#8221; border_color=&#8221;#ffffff&#8221; border_style=&#8221;solid&#8221;]<\/p>\n<h1 style=\"text-align: center;\">Par mums<\/h1>\n<p>[\/et_pb_text][\/et_pb_column][\/et_pb_row][et_pb_row admin_label=&#8221;row&#8221; make_fullwidth=&#8221;off&#8221; use_custom_width=&#8221;off&#8221; width_unit=&#8221;off&#8221; custom_width_px=&#8221;1080px&#8221; custom_width_percent=&#8221;80%&#8221; use_custom_gutter=&#8221;off&#8221; gutter_width=&#8221;3&#8243; padding_mobile=&#8221;off&#8221; allow_player_pause=&#8221;off&#8221; parallax=&#8221;off&#8221; parallax_method=&#8221;on&#8221; make_equal=&#8221;off&#8221; column_padding_mobile=&#8221;on&#8221; parallax_1=&#8221;off&#8221; parallax_method_1=&#8221;on&#8221; parallax_2=&#8221;off&#8221; parallax_method_2=&#8221;on&#8221; parallax_3=&#8221;off&#8221; parallax_method_3=&#8221;on&#8221; parallax_4=&#8221;off&#8221; parallax_method_4=&#8221;on&#8221; disabled=&#8221;off&#8221;][et_pb_column type=&#8221;4_4&#8243;][et_pb_text admin_label=&#8221;Text&#8221; background_layout=&#8221;light&#8221; text_orientation=&#8221;left&#8221; use_border_color=&#8221;off&#8221; border_style=&#8221;solid&#8221; disabled=&#8221;off&#8221; border_color=&#8221;#ffffff&#8221;]<\/p>\n<p>Uz\u0146\u0113mums Opes Baltic ne tik sen darbojas tirg\u016b, ta\u010du m\u016bsu darbinieku pieredze darb\u0101 ar r\u016bpniecisko apr\u012bkojumo ir vair\u0101k nek\u0101 20 gadus. Tas, ko J\u016bs ieg\u016bstat, ir lab\u0101ko speci\u0101listu zin\u0101\u0161anas un prasmes, nep\u0101rmaks\u0101jot lielu naudu par uz\u0146\u0113muma nosaukumu.<\/p>\n<p>M\u016bsu misija ir maksim\u0101li \u012bs\u0101 laik\u0101 izpild\u012bt mums uzst\u0101d\u012btos uzdevumus, t\u0101p\u0113c m\u0113s izv\u0113lamies str\u0101d\u0101t <em>\u201epa tie\u0161o\u201d<\/em> ar ra\u017eot\u0101jiem, saglab\u0101jot cenu pie\u0146emamu.<\/p>\n<p>Sadarbojoties ar mums, j\u016bs ieg\u016bsiet izstr\u0101d\u0101t\u0101s, labi p\u0101rdom\u0101tas tehnolo\u0123ijas, modernas iek\u0101rtas un paveikt\u0101 darba garantiju.<\/p>\n<p><em>Esam izstr\u0101d\u0101ju\u0161i savu lo\u0123istikas sist\u0113mu un piel\u0101goj\u0101m to sav\u0101m vajadz\u012bb\u0101m divus gadus. \u0160aj\u0101 nozar\u0113 m\u0113s esam vien\u012bgie, kas nodro\u0161ina l\u012bdzsvaru starp &#8211;\u00a0 cena = \u00a0kvalit\u0101te.<\/em><\/p>\n<ul>\n<li><strong>\u0112rti<\/strong> &#8211; sadarbojoties <em>\u201epa tie\u0161o\u201d<\/em> ar pieg\u0101d\u0101t\u0101ju, m\u016bsu klienti sa\u0146em pla\u0161u produktu kl\u0101stu par ra\u017eot\u0101ja noteikt\u0101m p\u0101rdo\u0161anas cen\u0101m,<\/li>\n<li><strong>Vienk\u0101r\u0161i<\/strong> &#8211; m\u016bsu klientiem ir nepiecie\u0161ams tikai noformul\u0113t uzdevumu un darba gaitu par visiem turpm\u0101kajiem uzdevumiem m\u0113s veiksim pa\u0161i, Opes Baltic speci\u0101listi var pal\u012bdz\u0113t rast risin\u0101jumu apr\u012bkojuma izv\u0113l\u0113, pamatojoties uz noteiktiem tehniskajiem parametriem (in\u017eenierzin\u0101tnes)<\/li>\n<\/ul>\n<ul>\n<li><strong>Izdev\u012bgi<\/strong> &#8211; m\u0113s ietaup\u0101m gan J\u016bsu naudu, gan laiku, veicot iepriek\u0161\u0113ju darba specifik\u0101cijas sast\u0101d\u012b\u0161anu, iek\u0101rtu izv\u0113li un lo\u0123istiku.<\/li>\n<\/ul>\n<p>[\/et_pb_text][\/et_pb_column][\/et_pb_row][\/et_pb_section]<\/p>\n","protected":false},"excerpt":{"rendered":"<p>[et_pb_section admin_label=&#8221;section&#8221; transparent_background=&#8221;off&#8221; background_color=&#8221;#f4f4f4&#8243; allow_player_pause=&#8221;off&#8221; inner_shadow=&#8221;off&#8221; parallax=&#8221;off&#8221; parallax_method=&#8221;off&#8221; padding_mobile=&#8221;off&#8221; make_fullwidth=&#8221;off&#8221; use_custom_width=&#8221;off&#8221; width_unit=&#8221;on&#8221; custom_width_px=&#8221;1080px&#8221; custom_width_percent=&#8221;80%&#8221; make_equal=&#8221;off&#8221; use_custom_gutter=&#8221;off&#8221; fullwidth=&#8221;off&#8221; specialty=&#8221;off&#8221; disabled=&#8221;off&#8221;][et_pb_row admin_label=&#8221;row&#8221; make_fullwidth=&#8221;off&#8221; use_custom_width=&#8221;off&#8221; width_unit=&#8221;off&#8221; custom_width_px=&#8221;1080px&#8221; custom_width_percent=&#8221;80%&#8221; use_custom_gutter=&#8221;off&#8221; gutter_width=&#8221;3&#8243; custom_padding=&#8221;0px|0px|8.678534507751465px|0px&#8221; padding_mobile=&#8221;off&#8221; allow_player_pause=&#8221;off&#8221; parallax=&#8221;off&#8221; parallax_method=&#8221;on&#8221; make_equal=&#8221;off&#8221; column_padding_mobile=&#8221;on&#8221; parallax_1=&#8221;off&#8221; parallax_method_1=&#8221;on&#8221; parallax_2=&#8221;off&#8221; parallax_method_2=&#8221;on&#8221; parallax_3=&#8221;off&#8221; parallax_method_3=&#8221;on&#8221; parallax_4=&#8221;off&#8221; parallax_method_4=&#8221;on&#8221;][et_pb_column type=&#8221;4_4&#8243;][et_pb_text admin_label=&#8221;Text&#8221; background_layout=&#8221;light&#8221; text_orientation=&#8221;left&#8221; use_border_color=&#8221;off&#8221; border_color=&#8221;#ffffff&#8221; border_style=&#8221;solid&#8221;] Par mums [\/et_pb_text][\/et_pb_column][\/et_pb_row][et_pb_row admin_label=&#8221;row&#8221; make_fullwidth=&#8221;off&#8221; use_custom_width=&#8221;off&#8221; [&hellip;]<\/p>\n","protected":false},"author":1,"featured_media":0,"parent":0,"menu_order":0,"comment_status":"closed","ping_status":"closed","template":"","meta":[],"_links":{"self":[{"href":"http:\/\/opesbaltic.lv\/lv\/wp-json\/wp\/v2\/pages\/698"}],"collection":[{"href":"http:\/\/opesbaltic.lv\/lv\/wp-json\/wp\/v2\/pages"}],"about":[{"href":"http:\/\/opesbaltic.lv\/lv\/wp-json\/wp\/v2\/types\/page"}],"author":[{"embeddable":true,"href":"http:\/\/opesbaltic.lv\/lv\/wp-json\/wp\/v2\/users\/1"}],"replies":[{"embeddable":true,"href":"http:\/\/opesbaltic.lv\/lv\/wp-json\/wp\/v2\/comments?post=698"}],"version-history":[{"count":4,"href":"http:\/\/opesbaltic.lv\/lv\/wp-json\/wp\/v2\/pages\/698\/revisions"}],"predecessor-version":[{"id":754,"href":"http:\/\/opesbaltic.lv\/lv\/wp-json\/wp\/v2\/pages\/698\/revisions\/754"}],"wp:attachment":[{"href":"http:\/\/opesbaltic.lv\/lv\/wp-json\/wp\/v2\/media?parent=698"}],"curies":[{"name":"wp","href":"https:\/\/api.w.org\/{rel}","templated":true}]}}